{"id":672,"date":"2022-08-30T20:16:07","date_gmt":"2022-08-30T20:16:07","guid":{"rendered":"https:\/\/classicfest.pt\/?page_id=672"},"modified":"2024-08-13T11:00:07","modified_gmt":"2024-08-13T11:00:07","slug":"info_contacto-2023","status":"publish","type":"page","link":"https:\/\/classicfest.pt\/pt\/info_contacto-2023\/","title":{"rendered":"Info Contacto 2023"},"content":{"rendered":"\t\t<div data-elementor-type=\"wp-page\" data-elementor-id=\"672\" class=\"elementor elementor-672\" data-elementor-post-type=\"page\">\n\t\t\t\t\t\t<section class=\"elementor-section elementor-top-section elementor-element elementor-element-2433b661 elementor-section-boxed elementor-section-height-default elementor-section-height-default\" data-id=\"2433b661\" data-element_type=\"section\" data-e-type=\"section\">\n\t\t\t\t\t\t<div class=\"elementor-container elementor-column-gap-default\">\n\t\t\t\t\t<div class=\"elementor-column elementor-col-16 elementor-top-column elementor-element elementor-element-58503b01\" data-id=\"58503b01\" data-element_type=\"column\" data-e-type=\"column\">\n\t\t\t<div class=\"elementor-widget-wrap\">\n\t\t\t\t\t\t\t<\/div>\n\t\t<\/div>\n\t\t\t\t<div class=\"elementor-column elementor-col-66 elementor-top-column elementor-element elementor-element-1b1289\" data-id=\"1b1289\" data-element_type=\"column\" data-e-type=\"column\">\n\t\t\t<div class=\"elementor-widget-wrap elementor-element-populated\">\n\t\t\t\t\t\t<div class=\"elementor-element elementor-element-4e88e63d elementor-widget elementor-widget-spacer\" data-id=\"4e88e63d\" data-element_type=\"widget\" data-e-type=\"widget\" data-widget_type=\"spacer.default\">\n\t\t\t\t<div class=\"elementor-widget-container\">\n\t\t\t\t\t\t\t<div class=\"elementor-spacer\">\n\t\t\t<div class=\"elementor-spacer-inner\"><\/div>\n\t\t<\/div>\n\t\t\t\t\t\t<\/div>\n\t\t\t\t<\/div>\n\t\t\t\t<div class=\"elementor-element elementor-element-2a7d122a elementor-widget elementor-widget-text-editor\" data-id=\"2a7d122a\" data-element_type=\"widget\" data-e-type=\"widget\" data-widget_type=\"text-editor.default\">\n\t\t\t\t<div class=\"elementor-widget-container\">\n\t\t\t\t\t\t\t\t\t<p><b>INFORMA\u00c7\u00d5ES \u00daTEIS<\/b><\/p>\t\t\t\t\t\t\t\t<\/div>\n\t\t\t\t<\/div>\n\t\t\t\t<div class=\"elementor-element elementor-element-c9fe972 elementor-widget elementor-widget-google_maps\" data-id=\"c9fe972\" data-element_type=\"widget\" data-e-type=\"widget\" data-widget_type=\"google_maps.default\">\n\t\t\t\t<div class=\"elementor-widget-container\">\n\t\t\t\t\t\t\t<div class=\"elementor-custom-embed\">\n\t\t\t<iframe loading=\"lazy\"\n\t\t\t\t\tsrc=\"https:\/\/maps.google.com\/maps?q=Bragan%C3%A7a&#038;t=m&#038;z=11&#038;output=embed&#038;iwloc=near\"\n\t\t\t\t\ttitle=\"Bragan\u00e7a\"\n\t\t\t\t\taria-label=\"Bragan\u00e7a\"\n\t\t\t><\/iframe>\n\t\t<\/div>\n\t\t\t\t\t\t<\/div>\n\t\t\t\t<\/div>\n\t\t\t\t<div class=\"elementor-element elementor-element-175ad0d6 elementor-widget elementor-widget-text-editor\" data-id=\"175ad0d6\" data-element_type=\"widget\" data-e-type=\"widget\" data-widget_type=\"text-editor.default\">\n\t\t\t\t<div class=\"elementor-widget-container\">\n\t\t\t\t\t\t\t\t\t<p>Contacto<b><br><\/b>+351 938 941 224<b><br><\/b><a href=\"mailto:info@classicfest.pt\">info@classicfest.pt<\/a><\/p>\n<p><b>Teatro Municipal de Bragan\u00e7a<\/b><br>Pra\u00e7a do Professor Cavaleiro de Ferreira, 5300-252 Bragan\u00e7a<\/p>\n<p><b>Igreja da S\u00e9 de Bragan\u00e7a<\/b><br>Pra\u00e7a da S\u00e9, 5300-265 Bragan\u00e7a<\/p>\n<p><b>Igreja de Santa Maria \u2013 Cidadela de Bragan\u00e7a<\/b><br>Rua da Cidadela, Santa Maria, 5300-025 Bragan\u00e7a<\/p>\n<p><b>Igreja de S\u00e3o Francisco \u2013 Convento de S\u00e3o Francisco<\/b><br>Rua de S\u00e3o Francisco, 5300-037 Bragan\u00e7a<\/p>\t\t\t\t\t\t\t\t<\/div>\n\t\t\t\t<\/div>\n\t\t\t\t<div class=\"elementor-element elementor-element-2883413a elementor-widget elementor-widget-spacer\" data-id=\"2883413a\" data-element_type=\"widget\" data-e-type=\"widget\" data-widget_type=\"spacer.default\">\n\t\t\t\t<div class=\"elementor-widget-container\">\n\t\t\t\t\t\t\t<div class=\"elementor-spacer\">\n\t\t\t<div class=\"elementor-spacer-inner\"><\/div>\n\t\t<\/div>\n\t\t\t\t\t\t<\/div>\n\t\t\t\t<\/div>\n\t\t\t\t\t<\/div>\n\t\t<\/div>\n\t\t\t\t<div class=\"elementor-column elementor-col-16 elementor-top-column elementor-element elementor-element-77f1938a\" data-id=\"77f1938a\" data-element_type=\"column\" data-e-type=\"column\">\n\t\t\t<div class=\"elementor-widget-wrap\">\n\t\t\t\t\t\t\t<\/div>\n\t\t<\/div>\n\t\t\t\t\t<\/div>\n\t\t<\/section>\n\t\t\t\t<section class=\"elementor-section elementor-top-section elementor-element elementor-element-7fb64f4 elementor-section-boxed elementor-section-height-default elementor-section-height-default\" data-id=\"7fb64f4\" data-element_type=\"section\" data-e-type=\"section\">\n\t\t\t\t\t\t<div class=\"elementor-container elementor-column-gap-default\">\n\t\t\t\t\t<div class=\"elementor-column elementor-col-33 elementor-top-column elementor-element elementor-element-764422ad\" data-id=\"764422ad\" data-element_type=\"column\" data-e-type=\"column\">\n\t\t\t<div class=\"elementor-widget-wrap elementor-element-populated\">\n\t\t\t\t\t\t<div class=\"elementor-element elementor-element-3ac56438 elementor-widget elementor-widget-image\" data-id=\"3ac56438\" data-element_type=\"widget\" data-e-type=\"widget\" data-widget_type=\"image.default\">\n\t\t\t\t<div class=\"elementor-widget-container\">\n\t\t\t\t\t\t\t\t\t\t\t\t\t\t\t\t<a href=\"https:\/\/www.presidencia.pt\/\" target=\"_blank\">\n\t\t\t\t\t\t\t<img fetchpriority=\"high\" decoding=\"async\" width=\"820\" height=\"237\" src=\"https:\/\/classicfest.pt\/wp-content\/uploads\/2022\/08\/presidente.jpg\" class=\"attachment-large size-large wp-image-2877\" alt=\"\" srcset=\"https:\/\/classicfest.pt\/wp-content\/uploads\/2022\/08\/presidente.jpg 820w, https:\/\/classicfest.pt\/wp-content\/uploads\/2022\/08\/presidente-300x87.jpg 300w, https:\/\/classicfest.pt\/wp-content\/uploads\/2022\/08\/presidente-768x222.jpg 768w, https:\/\/classicfest.pt\/wp-content\/uploads\/2022\/08\/presidente-18x5.jpg 18w\" sizes=\"(max-width: 820px) 100vw, 820px\" \/>\t\t\t\t\t\t\t\t<\/a>\n\t\t\t\t\t\t\t\t\t\t\t\t\t\t\t<\/div>\n\t\t\t\t<\/div>\n\t\t\t\t\t<\/div>\n\t\t<\/div>\n\t\t\t\t<div class=\"elementor-column elementor-col-33 elementor-top-column elementor-element elementor-element-3fe31ffc\" data-id=\"3fe31ffc\" data-element_type=\"column\" data-e-type=\"column\">\n\t\t\t<div class=\"elementor-widget-wrap elementor-element-populated\">\n\t\t\t\t\t\t<div class=\"elementor-element elementor-element-2cb31248 elementor-widget elementor-widget-image\" data-id=\"2cb31248\" data-element_type=\"widget\" data-e-type=\"widget\" data-widget_type=\"image.default\">\n\t\t\t\t<div class=\"elementor-widget-container\">\n\t\t\t\t\t\t\t\t\t\t\t\t\t\t\t\t<a href=\"https:\/\/www.cm-braganca.pt\" target=\"_blank\">\n\t\t\t\t\t\t\t<img decoding=\"async\" width=\"870\" height=\"299\" src=\"https:\/\/classicfest.pt\/wp-content\/uploads\/2021\/09\/CMun_braganca_org_.jpg\" class=\"attachment-large size-large wp-image-1600\" alt=\"\" srcset=\"https:\/\/classicfest.pt\/wp-content\/uploads\/2021\/09\/CMun_braganca_org_.jpg 870w, https:\/\/classicfest.pt\/wp-content\/uploads\/2021\/09\/CMun_braganca_org_-300x103.jpg 300w, https:\/\/classicfest.pt\/wp-content\/uploads\/2021\/09\/CMun_braganca_org_-768x264.jpg 768w, https:\/\/classicfest.pt\/wp-content\/uploads\/2021\/09\/CMun_braganca_org_-18x6.jpg 18w\" sizes=\"(max-width: 870px) 100vw, 870px\" \/>\t\t\t\t\t\t\t\t<\/a>\n\t\t\t\t\t\t\t\t\t\t\t\t\t\t\t<\/div>\n\t\t\t\t<\/div>\n\t\t\t\t\t<\/div>\n\t\t<\/div>\n\t\t\t\t<div class=\"elementor-column elementor-col-33 elementor-top-column elementor-element elementor-element-17b884ef\" data-id=\"17b884ef\" data-element_type=\"column\" data-e-type=\"column\">\n\t\t\t<div class=\"elementor-widget-wrap elementor-element-populated\">\n\t\t\t\t\t\t<div class=\"elementor-element elementor-element-48122546 elementor-widget elementor-widget-image\" data-id=\"48122546\" data-element_type=\"widget\" data-e-type=\"widget\" data-widget_type=\"image.default\">\n\t\t\t\t<div class=\"elementor-widget-container\">\n\t\t\t\t\t\t\t\t\t\t\t\t\t\t\t\t<a href=\"https:\/\/teatromunicipal.cm-braganca.pt\/\" target=\"_blank\">\n\t\t\t\t\t\t\t<img decoding=\"async\" width=\"800\" height=\"342\" src=\"https:\/\/classicfest.pt\/wp-content\/uploads\/2021\/09\/TMB_LOGO-cor.jpg\" class=\"attachment-large size-large wp-image-592\" alt=\"\" srcset=\"https:\/\/classicfest.pt\/wp-content\/uploads\/2021\/09\/TMB_LOGO-cor.jpg 800w, https:\/\/classicfest.pt\/wp-content\/uploads\/2021\/09\/TMB_LOGO-cor-300x128.jpg 300w, https:\/\/classicfest.pt\/wp-content\/uploads\/2021\/09\/TMB_LOGO-cor-768x328.jpg 768w\" sizes=\"(max-width: 800px) 100vw, 800px\" \/>\t\t\t\t\t\t\t\t<\/a>\n\t\t\t\t\t\t\t\t\t\t\t\t\t\t\t<\/div>\n\t\t\t\t<\/div>\n\t\t\t\t\t<\/div>\n\t\t<\/div>\n\t\t\t\t\t<\/div>\n\t\t<\/section>\n\t\t\t\t<section class=\"elementor-section elementor-top-section elementor-element elementor-element-7749d17 elementor-section-boxed elementor-section-height-default elementor-section-height-default\" data-id=\"7749d17\" data-element_type=\"section\" data-e-type=\"section\">\n\t\t\t\t\t\t<div class=\"elementor-container elementor-column-gap-default\">\n\t\t\t\t\t<div class=\"elementor-column elementor-col-25 elementor-top-column elementor-element elementor-element-646b1080\" data-id=\"646b1080\" data-element_type=\"column\" data-e-type=\"column\">\n\t\t\t<div class=\"elementor-widget-wrap\">\n\t\t\t\t\t\t\t<\/div>\n\t\t<\/div>\n\t\t\t\t<div class=\"elementor-column elementor-col-25 elementor-top-column elementor-element elementor-element-12a5e784\" data-id=\"12a5e784\" data-element_type=\"column\" data-e-type=\"column\">\n\t\t\t<div class=\"elementor-widget-wrap elementor-element-populated\">\n\t\t\t\t\t\t<div class=\"elementor-element elementor-element-5eca5be0 elementor-widget elementor-widget-image\" data-id=\"5eca5be0\" data-element_type=\"widget\" data-e-type=\"widget\" data-widget_type=\"image.default\">\n\t\t\t\t<div class=\"elementor-widget-container\">\n\t\t\t\t\t\t\t\t\t\t\t\t\t\t\t\t<a href=\"https:\/\/www.dsch.pt\" target=\"_blank\">\n\t\t\t\t\t\t\t<img loading=\"lazy\" decoding=\"async\" width=\"1024\" height=\"360\" src=\"https:\/\/classicfest.pt\/wp-content\/uploads\/2021\/09\/dsch_redbase-1024x360.png\" class=\"attachment-large size-large wp-image-593\" alt=\"\" srcset=\"https:\/\/classicfest.pt\/wp-content\/uploads\/2021\/09\/dsch_redbase-1024x360.png 1024w, https:\/\/classicfest.pt\/wp-content\/uploads\/2021\/09\/dsch_redbase-300x105.png 300w, https:\/\/classicfest.pt\/wp-content\/uploads\/2021\/09\/dsch_redbase-768x270.png 768w, https:\/\/classicfest.pt\/wp-content\/uploads\/2021\/09\/dsch_redbase.png 1067w\" sizes=\"(max-width: 1024px) 100vw, 1024px\" \/>\t\t\t\t\t\t\t\t<\/a>\n\t\t\t\t\t\t\t\t\t\t\t\t\t\t\t<\/div>\n\t\t\t\t<\/div>\n\t\t\t\t\t<\/div>\n\t\t<\/div>\n\t\t\t\t<div class=\"elementor-column elementor-col-25 elementor-top-column elementor-element elementor-element-2f1ce51d\" data-id=\"2f1ce51d\" data-element_type=\"column\" data-e-type=\"column\">\n\t\t\t<div class=\"elementor-widget-wrap elementor-element-populated\">\n\t\t\t\t\t\t<div class=\"elementor-element elementor-element-469d58ac elementor-widget elementor-widget-image\" data-id=\"469d58ac\" data-element_type=\"widget\" data-e-type=\"widget\" data-widget_type=\"image.default\">\n\t\t\t\t<div class=\"elementor-widget-container\">\n\t\t\t\t\t\t\t\t\t\t\t\t\t\t\t\t<a href=\"https:\/\/fundacaolacaixa.pt\/pt\/home\" target=\"_blank\">\n\t\t\t\t\t\t\t<img loading=\"lazy\" decoding=\"async\" width=\"606\" height=\"153\" src=\"https:\/\/classicfest.pt\/wp-content\/uploads\/2021\/09\/BPI-COR_.jpg\" class=\"attachment-large size-large wp-image-1599\" alt=\"\" srcset=\"https:\/\/classicfest.pt\/wp-content\/uploads\/2021\/09\/BPI-COR_.jpg 606w, https:\/\/classicfest.pt\/wp-content\/uploads\/2021\/09\/BPI-COR_-300x76.jpg 300w, https:\/\/classicfest.pt\/wp-content\/uploads\/2021\/09\/BPI-COR_-18x5.jpg 18w\" sizes=\"(max-width: 606px) 100vw, 606px\" \/>\t\t\t\t\t\t\t\t<\/a>\n\t\t\t\t\t\t\t\t\t\t\t\t\t\t\t<\/div>\n\t\t\t\t<\/div>\n\t\t\t\t\t<\/div>\n\t\t<\/div>\n\t\t\t\t<div class=\"elementor-column elementor-col-25 elementor-top-column elementor-element elementor-element-2bfb2b1f\" data-id=\"2bfb2b1f\" data-element_type=\"column\" data-e-type=\"column\">\n\t\t\t<div class=\"elementor-widget-wrap\">\n\t\t\t\t\t\t\t<\/div>\n\t\t<\/div>\n\t\t\t\t\t<\/div>\n\t\t<\/section>\n\t\t\t\t<section class=\"elementor-section elementor-top-section elementor-element elementor-element-5eafea2e elementor-section-boxed elementor-section-height-default elementor-section-height-default\" data-id=\"5eafea2e\" data-element_type=\"section\" data-e-type=\"section\">\n\t\t\t\t\t\t<div class=\"elementor-container elementor-column-gap-default\">\n\t\t\t\t\t<div class=\"elementor-column elementor-col-25 elementor-top-column elementor-element elementor-element-28c06519\" data-id=\"28c06519\" data-element_type=\"column\" data-e-type=\"column\">\n\t\t\t<div class=\"elementor-widget-wrap elementor-element-populated\">\n\t\t\t\t\t\t<div class=\"elementor-element elementor-element-21af469f elementor-widget elementor-widget-image\" data-id=\"21af469f\" data-element_type=\"widget\" data-e-type=\"widget\" data-widget_type=\"image.default\">\n\t\t\t\t<div class=\"elementor-widget-container\">\n\t\t\t\t\t\t\t\t\t\t\t\t\t\t\t\t<a href=\"https:\/\/www.dgartes.gov.pt\" target=\"_blank\">\n\t\t\t\t\t\t\t<img loading=\"lazy\" decoding=\"async\" width=\"766\" height=\"169\" src=\"https:\/\/classicfest.pt\/wp-content\/uploads\/2023\/11\/DGARTESnovo-COR.jpg\" class=\"attachment-large size-large wp-image-5673\" alt=\"\" srcset=\"https:\/\/classicfest.pt\/wp-content\/uploads\/2023\/11\/DGARTESnovo-COR.jpg 766w, https:\/\/classicfest.pt\/wp-content\/uploads\/2023\/11\/DGARTESnovo-COR-300x66.jpg 300w, https:\/\/classicfest.pt\/wp-content\/uploads\/2023\/11\/DGARTESnovo-COR-18x4.jpg 18w\" sizes=\"(max-width: 766px) 100vw, 766px\" \/>\t\t\t\t\t\t\t\t<\/a>\n\t\t\t\t\t\t\t\t\t\t\t\t\t\t\t<\/div>\n\t\t\t\t<\/div>\n\t\t\t\t\t<\/div>\n\t\t<\/div>\n\t\t\t\t<div class=\"elementor-column elementor-col-25 elementor-top-column elementor-element elementor-element-22188cf9\" data-id=\"22188cf9\" data-element_type=\"column\" data-e-type=\"column\">\n\t\t\t<div class=\"elementor-widget-wrap elementor-element-populated\">\n\t\t\t\t\t\t<div class=\"elementor-element elementor-element-14f87841 elementor-widget elementor-widget-image\" data-id=\"14f87841\" data-element_type=\"widget\" data-e-type=\"widget\" data-widget_type=\"image.default\">\n\t\t\t\t<div class=\"elementor-widget-container\">\n\t\t\t\t\t\t\t\t\t\t\t\t\t\t\t\t<a href=\"https:\/\/diocesebm.pt\" target=\"_blank\">\n\t\t\t\t\t\t\t<img loading=\"lazy\" decoding=\"async\" width=\"800\" height=\"998\" src=\"https:\/\/classicfest.pt\/wp-content\/uploads\/2021\/09\/brasao_diocese.jpg\" class=\"attachment-large size-large wp-image-604\" alt=\"\" srcset=\"https:\/\/classicfest.pt\/wp-content\/uploads\/2021\/09\/brasao_diocese.jpg 800w, https:\/\/classicfest.pt\/wp-content\/uploads\/2021\/09\/brasao_diocese-240x300.jpg 240w, https:\/\/classicfest.pt\/wp-content\/uploads\/2021\/09\/brasao_diocese-768x958.jpg 768w\" sizes=\"(max-width: 800px) 100vw, 800px\" \/>\t\t\t\t\t\t\t\t<\/a>\n\t\t\t\t\t\t\t\t\t\t\t\t\t\t\t<\/div>\n\t\t\t\t<\/div>\n\t\t\t\t\t<\/div>\n\t\t<\/div>\n\t\t\t\t<div class=\"elementor-column elementor-col-25 elementor-top-column elementor-element elementor-element-403a0f91\" data-id=\"403a0f91\" data-element_type=\"column\" data-e-type=\"column\">\n\t\t\t<div class=\"elementor-widget-wrap elementor-element-populated\">\n\t\t\t\t\t\t<div class=\"elementor-element elementor-element-673f436 elementor-widget elementor-widget-image\" data-id=\"673f436\" data-element_type=\"widget\" data-e-type=\"widget\" data-widget_type=\"image.default\">\n\t\t\t\t<div class=\"elementor-widget-container\">\n\t\t\t\t\t\t\t\t\t\t\t\t\t\t\t\t<a href=\"https:\/\/www.rtp.pt\" target=\"_blank\">\n\t\t\t\t\t\t\t<img loading=\"lazy\" decoding=\"async\" width=\"410\" height=\"237\" src=\"https:\/\/classicfest.pt\/wp-content\/uploads\/2022\/08\/rtp.jpg\" class=\"attachment-large size-large wp-image-2884\" alt=\"\" srcset=\"https:\/\/classicfest.pt\/wp-content\/uploads\/2022\/08\/rtp.jpg 410w, https:\/\/classicfest.pt\/wp-content\/uploads\/2022\/08\/rtp-300x173.jpg 300w, https:\/\/classicfest.pt\/wp-content\/uploads\/2022\/08\/rtp-18x10.jpg 18w\" sizes=\"(max-width: 410px) 100vw, 410px\" \/>\t\t\t\t\t\t\t\t<\/a>\n\t\t\t\t\t\t\t\t\t\t\t\t\t\t\t<\/div>\n\t\t\t\t<\/div>\n\t\t\t\t\t<\/div>\n\t\t<\/div>\n\t\t\t\t<div class=\"elementor-column elementor-col-25 elementor-top-column elementor-element elementor-element-5abd42ab\" data-id=\"5abd42ab\" data-element_type=\"column\" data-e-type=\"column\">\n\t\t\t<div class=\"elementor-widget-wrap elementor-element-populated\">\n\t\t\t\t\t\t<div class=\"elementor-element elementor-element-651fb863 elementor-widget elementor-widget-image\" data-id=\"651fb863\" data-element_type=\"widget\" data-e-type=\"widget\" data-widget_type=\"image.default\">\n\t\t\t\t<div class=\"elementor-widget-container\">\n\t\t\t\t\t\t\t\t\t\t\t\t\t\t\t\t<a href=\"https:\/\/www.rtp.pt\/antena2\/\" target=\"_blank\">\n\t\t\t\t\t\t\t<img loading=\"lazy\" decoding=\"async\" width=\"370\" height=\"237\" src=\"https:\/\/classicfest.pt\/wp-content\/uploads\/2022\/08\/antena2.jpg\" class=\"attachment-large size-large wp-image-2883\" alt=\"\" srcset=\"https:\/\/classicfest.pt\/wp-content\/uploads\/2022\/08\/antena2.jpg 370w, https:\/\/classicfest.pt\/wp-content\/uploads\/2022\/08\/antena2-300x192.jpg 300w, https:\/\/classicfest.pt\/wp-content\/uploads\/2022\/08\/antena2-18x12.jpg 18w\" sizes=\"(max-width: 370px) 100vw, 370px\" \/>\t\t\t\t\t\t\t\t<\/a>\n\t\t\t\t\t\t\t\t\t\t\t\t\t\t\t<\/div>\n\t\t\t\t<\/div>\n\t\t\t\t\t<\/div>\n\t\t<\/div>\n\t\t\t\t\t<\/div>\n\t\t<\/section>\n\t\t\t\t<\/div>\n\t\t","protected":false},"excerpt":{"rendered":"<p>INFORMA\u00c7\u00d5ES \u00daTEIS Contacto+351 938 941 224info@classicfest.pt Teatro Municipal de Bragan\u00e7aPra\u00e7a do Professor Cavaleiro de Ferreira, 5300-252 Bragan\u00e7a Igreja da S\u00e9 de Bragan\u00e7aPra\u00e7a da S\u00e9, 5300-265 Bragan\u00e7a Igreja de Santa Maria \u2013 Cidadela de Bragan\u00e7aRua da Cidadela, Santa Maria, 5300-025 Bragan\u00e7a Igreja de S\u00e3o Francisco \u2013 Convento de S\u00e3o FranciscoRua de S\u00e3o Francisco, 5300-037 Bragan\u00e7a<\/p>\n","protected":false},"author":5,"featured_media":0,"parent":0,"menu_order":0,"comment_status":"closed","ping_status":"closed","template":"","meta":{"_acf_changed":false,"footnotes":""},"class_list":["post-672","page","type-page","status-publish","hentry","entry"],"acf":[],"_links":{"self":[{"href":"https:\/\/classicfest.pt\/pt\/wp-json\/wp\/v2\/pages\/672","targetHints":{"allow":["GET"]}}],"collection":[{"href":"https:\/\/classicfest.pt\/pt\/wp-json\/wp\/v2\/pages"}],"about":[{"href":"https:\/\/classicfest.pt\/pt\/wp-json\/wp\/v2\/types\/page"}],"author":[{"embeddable":true,"href":"https:\/\/classicfest.pt\/pt\/wp-json\/wp\/v2\/users\/5"}],"replies":[{"embeddable":true,"href":"https:\/\/classicfest.pt\/pt\/wp-json\/wp\/v2\/comments?post=672"}],"version-history":[{"count":64,"href":"https:\/\/classicfest.pt\/pt\/wp-json\/wp\/v2\/pages\/672\/revisions"}],"predecessor-version":[{"id":5798,"href":"https:\/\/classicfest.pt\/pt\/wp-json\/wp\/v2\/pages\/672\/revisions\/5798"}],"wp:attachment":[{"href":"https:\/\/classicfest.pt\/pt\/wp-json\/wp\/v2\/media?parent=672"}],"curies":[{"name":"wp","href":"https:\/\/api.w.org\/{rel}","templated":true}]}}