{"id":5433,"date":"2023-09-08T15:36:23","date_gmt":"2023-09-08T15:36:23","guid":{"rendered":"https:\/\/classicfest.pt\/?page_id=5433"},"modified":"2025-08-29T16:43:38","modified_gmt":"2025-08-29T16:43:38","slug":"introducao-2023","status":"publish","type":"page","link":"https:\/\/classicfest.pt\/pt\/introducao-2023\/","title":{"rendered":"Introdu\u00e7\u00e3o 2023"},"content":{"rendered":"\t\t<div data-elementor-type=\"wp-page\" data-elementor-id=\"5433\" class=\"elementor elementor-5433\" data-elementor-post-type=\"page\">\n\t\t\t\t\t\t<section class=\"elementor-section elementor-top-section elementor-element elementor-element-f178f6f elementor-section-full_width elementor-section-height-default elementor-section-height-default\" data-id=\"f178f6f\" data-element_type=\"section\" data-e-type=\"section\">\n\t\t\t\t\t\t<div class=\"elementor-container elementor-column-gap-no\">\n\t\t\t\t\t<div class=\"elementor-column elementor-col-100 elementor-top-column elementor-element elementor-element-3d667ba\" data-id=\"3d667ba\" data-element_type=\"column\" data-e-type=\"column\">\n\t\t\t<div class=\"elementor-widget-wrap elementor-element-populated\">\n\t\t\t\t\t\t<div class=\"elementor-element elementor-element-73ae866 elementor-widget elementor-widget-heading\" data-id=\"73ae866\" data-element_type=\"widget\" data-e-type=\"widget\" data-widget_type=\"heading.default\">\n\t\t\t\t<div class=\"elementor-widget-container\">\n\t\t\t\t\t<h4 class=\"elementor-heading-title elementor-size-large\">Edi\u00e7\u00e3o 2023<\/h4>\t\t\t\t<\/div>\n\t\t\t\t<\/div>\n\t\t\t\t<div class=\"elementor-element elementor-element-d152436 elementor-widget elementor-widget-image\" data-id=\"d152436\" data-element_type=\"widget\" data-e-type=\"widget\" data-widget_type=\"image.default\">\n\t\t\t\t<div class=\"elementor-widget-container\">\n\t\t\t\t\t\t\t\t\t\t\t\t\t\t\t<img decoding=\"async\" width=\"150\" height=\"150\" src=\"https:\/\/classicfest.pt\/wp-content\/uploads\/2025\/08\/BCF-old-Thumbnail.png\" class=\"attachment-1536x1536 size-1536x1536 wp-image-18321\" alt=\"\" srcset=\"https:\/\/classicfest.pt\/wp-content\/uploads\/2025\/08\/BCF-old-Thumbnail.png 150w, https:\/\/classicfest.pt\/wp-content\/uploads\/2025\/08\/BCF-old-Thumbnail-12x12.png 12w\" sizes=\"(max-width: 150px) 100vw, 150px\" \/>\t\t\t\t\t\t\t\t\t\t\t\t\t\t\t<\/div>\n\t\t\t\t<\/div>\n\t\t\t\t\t<\/div>\n\t\t<\/div>\n\t\t\t\t\t<\/div>\n\t\t<\/section>\n\t\t<div class=\"elementor-element elementor-element-b366a61 e-con-full e-flex e-con e-parent\" data-id=\"b366a61\" data-element_type=\"container\" data-e-type=\"container\" data-settings=\"{&quot;background_background&quot;:&quot;classic&quot;}\">\n\t\t<div class=\"elementor-element elementor-element-7c291a8 e-con-full e-flex e-con e-child\" data-id=\"7c291a8\" data-element_type=\"container\" data-e-type=\"container\">\n\t\t\t\t<div class=\"elementor-element elementor-element-20c445a elementor-widget elementor-widget-text-editor\" data-id=\"20c445a\" data-element_type=\"widget\" data-e-type=\"widget\" data-widget_type=\"text-editor.default\">\n\t\t\t\t<div class=\"elementor-widget-container\">\n\t\t\t\t\t\t\t\t\t<p style=\"text-align: center;\"><strong>Bragan\u00e7a Classic Fest 2023<br \/><\/strong>3\u00aa edi\u00e7\u00e3o<\/p><p>O <strong>3\u00ba Festival Internacional de M\u00fasica Bragan\u00e7a ClassicFest<\/strong> apresenta um programa de excel\u00eancia art\u00edstica, consolidando o caminho trilhado nas edi\u00e7\u00f5es de 2021 e 2022, que trouxeram a Bragan\u00e7a o brilho de orquestras e m\u00fasicos consagrados \u2013 como as Orquestras de C\u00e2mara de Viena e de S\u00e3o Petersburgo, G\u00e9rard Causs\u00e9, Diana Tischenko, H\u00e9ctor del Curto, Mario Hossen, Lena Belkina, Marcelo Nisinman, entre outros \u2013, para concertos memor\u00e1veis e esgotados por um p\u00fablico entusiasta.<\/p><p>Em 2023, <strong>Bragan\u00e7a torna-se novamente o epicentro da m\u00fasica cl\u00e1ssica\/erudita em Portugal<\/strong> durante cerca de duas semanas, como habitualmente em torno do Dia Mundial da M\u00fasica, 1 de Outubro, com uma programa\u00e7\u00e3o aliciante e a presen\u00e7a de m\u00fasicos de refer\u00eancia nacional e internacional.<\/p><p>Realce-se desde logo os concertos de abertura do Bragan\u00e7a ClassicFest com uma das principais orquestras espanholas, a <strong>Orquestra Sinf\u00f3nica do Principado das Ast\u00farias<\/strong> (OSPA). Sob a direc\u00e7\u00e3o do seu Maestro Titular desde 2022, o portugu\u00eas <strong>Nuno Coelho<\/strong>, a OSPA apresenta dois concertos na magn\u00edfica sala do <strong>Teatro Municipal de Bragan\u00e7a<\/strong>, com obras-primas do patrim\u00f3nio musical: a 5\u00aa Sinfonia de Beethoven e a 9\u00aa Sinfonia de Dvo\u0159\u00e1k, \u201cDo Novo Mundo\u201d.<br \/>Oportunidade extraordin\u00e1ria para ouvir tamb\u00e9m duas obras concert\u00edsticas de refer\u00eancia, de Mozart e de Tchaikovsky, com dois extraordin\u00e1rios solistas \u2013 a violinista <strong>Esther Hoppe<\/strong> e o violoncelista <strong>Christian Polt\u00e9ra<\/strong> \u2013 que tocam magn\u00edficos instrumentos constru\u00eddos por Antonio Stradivari (Stradivarius), nascido em Cremona em 1644 e considerado por muitos o melhor fabricante\/<em>luthier<\/em> de todos os tempos.<\/p><p>\u00c9 ainda de destacar a presen\u00e7a nesta edi\u00e7\u00e3o do Bragan\u00e7a ClassicFest de dois m\u00fasicos consagrados, especialmente no universo dos instrumentos de sopros: o c\u00e9lebre clarinetista franc\u00eas <strong>Pascal Moragu\u00e8s<\/strong>, 1\u00ba Solista da Orquestra de Paris, h\u00e1 quatro d\u00e9cadas na elite mundial, e a flautista portuguesa <strong>Adriana Ferreira<\/strong>, 1\u00aa Solista da Orquestra Nacional de Santa Cec\u00edlia de Roma e premiada nos principais concursos internacionais.<br \/>Outro momento alto do 3\u00ba Bragan\u00e7a ClassicFest \u00e9 a estreia em Portugal da soprano <strong>Julia Muzychenko<\/strong>, estrela em fulgurante ascens\u00e3o no panorama mundial da \u00f3pera, laureada em grandes concursos internacionais de canto, como o Concurso de \u00d3pera Clermont Ferrand (1\u00ba Pr\u00e9mio), o Concurso Montserrat Caball\u00e9 (2\u00ba Pr\u00e9mio) e o Concurso Rainha Elisabete da B\u00e9lgica (3\u00ba Pr\u00e9mio).<br \/>Em 2023, o Bragan\u00e7a ClassicFest continua a ser tamb\u00e9m o palco de jovens e talentosos m\u00fasicos portugueses em in\u00edcio de carreira, alguns dos quais residentes noutros pa\u00edses e que assim regressam e mant\u00eam a liga\u00e7\u00e3o a Portugal.<\/p><p>O repert\u00f3rio musical desta 3\u00aa edi\u00e7\u00e3o percorre quatro s\u00e9culos, desde o barroco de <strong>Johann Sebastian Bach<\/strong> \u00e0 m\u00fasica do s\u00e9culo XXI do argentino <b>Osvaldo Golijov <\/b>e do canadiano <b>Srul Irving Glick<\/b>, passando\u00a0pelos grandes compositores do classicismo e do romantismo musical e pela m\u00fasica do s\u00e9culo XX, nomeadamente com a m\u00fasica espanhola, de <strong>Joaqu\u00edn Turina<\/strong>, e a m\u00fasica portuguesa, de <strong>Fernando Lopes-Gra\u00e7a<\/strong>.<br \/>O Concerto de Encerramento do 3\u00ba Bragan\u00e7a ClassicFest \u00e9 um excelente exemplo da variedade estil\u00edstica e internacional do repert\u00f3rio desta edi\u00e7\u00e3o, culminando no famoso e festivo <strong>\u201cCarnaval dos Animais, Grande Fantasia Zool\u00f3gica\u201d<\/strong>, obra plena de humor composta pelo compositor franc\u00eas <strong>Camille Saint-Sa\u00ebns<\/strong> em 1886 e que, nesta especial ocasi\u00e3o, contar\u00e1 com a narra\u00e7\u00e3o de <strong>Jorge Vaz de Carvalho<\/strong> de textos humor\u00edsticos escritos por <strong>Ant\u00f3nio Mega Ferreira<\/strong>.<\/p><p>Paralelamente aos concertos, o 3\u00ba Bragan\u00e7a ClassicFest continua o seu relevante <strong>eixo formativo e de sensibiliza\u00e7\u00e3o cultural<\/strong>, inaugurado na edi\u00e7\u00e3o de 2022, com a realiza\u00e7\u00e3o de <em>masterclasses<\/em> e encontros, com a participa\u00e7\u00e3o dos artistas presentes no festival e especialmente dirigidos aos m\u00fasicos e estudantes da cidade e da regi\u00e3o.<\/p><p>Importante marca do Bragan\u00e7a ClassicFest, desde a 1\u00aa edi\u00e7\u00e3o, \u00e9 a realiza\u00e7\u00e3o de concertos em espa\u00e7os de grande riqueza patrimonial, como acontece em 2023 nas Igrejas de S\u00e3o Francisco, da S\u00e9 Velha e de Santa Maria, num salutar <strong>cruzamento entre M\u00fasica e Patrim\u00f3nio Hist\u00f3rico, Cultural e Arquitect\u00f3nico <\/strong>do territ\u00f3rio de Bragan\u00e7a.<\/p><p>Esta 3\u00aa edi\u00e7\u00e3o do <strong>Bragan\u00e7a ClassicFest\u00a0<\/strong>tem, assim, o prop\u00f3sito de consolidar o festival como <strong>evento cultural de excel\u00eancia, \u00e0 escala nacional e internacional<\/strong>, contribuindo para a dinamiza\u00e7\u00e3o e prosperidade da regi\u00e3o e promovendo a universaliza\u00e7\u00e3o do acesso \u00e0 Cultura e a celebra\u00e7\u00e3o da vida em comunidade, por interm\u00e9dio da extraordin\u00e1ria linguagem universal que \u00e9 a M\u00fasica.<\/p><p>O meu bem-haja a todos os que tornam poss\u00edvel a realiza\u00e7\u00e3o do <strong>Festival Internacional de M\u00fasica Bragan\u00e7a ClassicFest<\/strong>, come\u00e7ando pelo fundamental apoio da<strong> C\u00e2mara Municipal de Bragan\u00e7a<\/strong>, do <strong>Teatro Municipal de Bragan\u00e7a<\/strong> e da <strong>DSCH Associa\u00e7\u00e3o Musical<\/strong>, promotores e organizadores desta iniciativa louv\u00e1vel, e do mecenas principal do festival, <strong>BPI\/Funda\u00e7\u00e3o \u201cla Caixa\u201d<\/strong>.<br \/>Agrade\u00e7o ainda \u00e0 <strong>Direc\u00e7\u00e3o-Geral das Artes<\/strong>, \u00e0 <strong>Diocese de Miranda-Bragan\u00e7a<\/strong>, ao parceiro media <strong>RTP Antena 2<\/strong> e, especialmente, a <strong>Sua Excel\u00eancia o Presidente da Rep\u00fablica<\/strong>, pelo Alto Patroc\u00ednio novamente concedido.<\/p>\t\t\t\t\t\t\t\t<\/div>\n\t\t\t\t<\/div>\n\t\t\t\t<div class=\"elementor-element elementor-element-8ab11cd elementor-widget elementor-widget-text-editor\" data-id=\"8ab11cd\" data-element_type=\"widget\" data-e-type=\"widget\" data-widget_type=\"text-editor.default\">\n\t\t\t\t<div class=\"elementor-widget-container\">\n\t\t\t\t\t\t\t\t\t<p><span style=\"color: #929b3d;\"><strong>Filipe Pinto-Ribeiro<br \/><\/strong><\/span><span style=\"color: #000000;\">Director Art\u00edstico do Festival Internacional de M\u00fasica Bragan\u00e7a ClassicFest<\/span><\/p>\t\t\t\t\t\t\t\t<\/div>\n\t\t\t\t<\/div>\n\t\t\t\t<\/div>\n\t\t\t\t<\/div>\n\t\t<a class=\"elementor-element elementor-element-71c47ff5 elementor-hidden-mobile e-flex e-con-boxed e-con e-parent\" data-id=\"71c47ff5\" data-element_type=\"container\" data-e-type=\"container\" href=\"https:\/\/classicfest.pt\/apoios\/\">\n\t\t\t\t\t<div class=\"e-con-inner\">\n\t\t\t\t<div class=\"elementor-element elementor-element-5558291e elementor-widget elementor-widget-image\" data-id=\"5558291e\" data-element_type=\"widget\" data-e-type=\"widget\" data-widget_type=\"image.default\">\n\t\t\t\t<div class=\"elementor-widget-container\">\n\t\t\t\t\t\t\t\t\t\t\t\t\t\t\t<img fetchpriority=\"high\" decoding=\"async\" width=\"1024\" height=\"160\" src=\"https:\/\/classicfest.pt\/wp-content\/uploads\/2024\/08\/Rodape-Desktop-PT.jpg\" class=\"attachment-large size-large wp-image-18071\" alt=\"\" srcset=\"https:\/\/classicfest.pt\/wp-content\/uploads\/2024\/08\/Rodape-Desktop-PT.jpg 1024w, https:\/\/classicfest.pt\/wp-content\/uploads\/2024\/08\/Rodape-Desktop-PT-300x47.jpg 300w, https:\/\/classicfest.pt\/wp-content\/uploads\/2024\/08\/Rodape-Desktop-PT-768x120.jpg 768w, https:\/\/classicfest.pt\/wp-content\/uploads\/2024\/08\/Rodape-Desktop-PT-18x3.jpg 18w\" sizes=\"(max-width: 1024px) 100vw, 1024px\" \/>\t\t\t\t\t\t\t\t\t\t\t\t\t\t\t<\/div>\n\t\t\t\t<\/div>\n\t\t\t\t\t<\/div>\n\t\t\t\t<\/a>\n\t\t<a class=\"elementor-element elementor-element-5a7fec7d elementor-hidden-desktop elementor-hidden-tablet e-flex e-con-boxed e-con e-parent\" data-id=\"5a7fec7d\" data-element_type=\"container\" data-e-type=\"container\" href=\"https:\/\/classicfest.pt\/apoios\/\">\n\t\t\t\t\t<div class=\"e-con-inner\">\n\t\t\t\t<div class=\"elementor-element elementor-element-7c39b17c elementor-widget elementor-widget-image\" data-id=\"7c39b17c\" data-element_type=\"widget\" data-e-type=\"widget\" data-widget_type=\"image.default\">\n\t\t\t\t<div class=\"elementor-widget-container\">\n\t\t\t\t\t\t\t\t\t\t\t\t\t\t\t<img decoding=\"async\" width=\"716\" height=\"711\" src=\"https:\/\/classicfest.pt\/wp-content\/uploads\/2024\/08\/Logos-Rodape-MOBILE-PT.jpg\" class=\"attachment-large size-large wp-image-17758\" alt=\"\" srcset=\"https:\/\/classicfest.pt\/wp-content\/uploads\/2024\/08\/Logos-Rodape-MOBILE-PT.jpg 716w, https:\/\/classicfest.pt\/wp-content\/uploads\/2024\/08\/Logos-Rodape-MOBILE-PT-300x298.jpg 300w, https:\/\/classicfest.pt\/wp-content\/uploads\/2024\/08\/Logos-Rodape-MOBILE-PT-150x150.jpg 150w, https:\/\/classicfest.pt\/wp-content\/uploads\/2024\/08\/Logos-Rodape-MOBILE-PT-12x12.jpg 12w\" sizes=\"(max-width: 716px) 100vw, 716px\" \/>\t\t\t\t\t\t\t\t\t\t\t\t\t\t\t<\/div>\n\t\t\t\t<\/div>\n\t\t\t\t\t<\/div>\n\t\t\t\t<\/a>\n\t\t<div class=\"elementor-element elementor-element-1efe22e0 e-con-full e-flex e-con e-parent\" data-id=\"1efe22e0\" data-element_type=\"container\" data-e-type=\"container\" data-settings=\"{&quot;background_background&quot;:&quot;classic&quot;}\">\n\t\t\t\t<div class=\"elementor-element elementor-element-7620c04c elementor-shape-circle elementor-grid-tablet-1 elementor-grid-mobile-1 e-grid-align-tablet-center e-grid-align-mobile-right elementor-widget__width-auto elementor-grid-0 e-grid-align-center elementor-widget elementor-widget-social-icons\" data-id=\"7620c04c\" data-element_type=\"widget\" data-e-type=\"widget\" data-widget_type=\"social-icons.default\">\n\t\t\t\t<div class=\"elementor-widget-container\">\n\t\t\t\t\t\t\t<div class=\"elementor-social-icons-wrapper elementor-grid\" role=\"list\">\n\t\t\t\t\t\t\t<span class=\"elementor-grid-item\" role=\"listitem\">\n\t\t\t\t\t<a class=\"elementor-icon elementor-social-icon elementor-social-icon-instagram elementor-animation-shrink elementor-repeater-item-24c98ab\" href=\"https:\/\/www.instagram.com\/festivalbraganca\/\" target=\"_blank\">\n\t\t\t\t\t\t<span class=\"elementor-screen-only\">Instagram<\/span>\n\t\t\t\t\t\t<i aria-hidden=\"true\" class=\"fab fa-instagram\"><\/i>\t\t\t\t\t<\/a>\n\t\t\t\t<\/span>\n\t\t\t\t\t\t\t<span class=\"elementor-grid-item\" role=\"listitem\">\n\t\t\t\t\t<a class=\"elementor-icon elementor-social-icon elementor-social-icon-facebook elementor-animation-shrink elementor-repeater-item-efdf808\" href=\"https:\/\/www.facebook.com\/profile.php?id=100072707430882\" target=\"_blank\">\n\t\t\t\t\t\t<span class=\"elementor-screen-only\">Facebook<\/span>\n\t\t\t\t\t\t<i aria-hidden=\"true\" class=\"fab fa-facebook\"><\/i>\t\t\t\t\t<\/a>\n\t\t\t\t<\/span>\n\t\t\t\t\t\t\t<span class=\"elementor-grid-item\" role=\"listitem\">\n\t\t\t\t\t<a class=\"elementor-icon elementor-social-icon elementor-social-icon-x-twitter elementor-animation-shrink elementor-repeater-item-75e472a\" href=\"https:\/\/x.com\/classicfestbrag\" target=\"_blank\">\n\t\t\t\t\t\t<span class=\"elementor-screen-only\">X-twitter<\/span>\n\t\t\t\t\t\t<i aria-hidden=\"true\" class=\"fab fa-x-twitter\"><\/i>\t\t\t\t\t<\/a>\n\t\t\t\t<\/span>\n\t\t\t\t\t<\/div>\n\t\t\t\t\t\t<\/div>\n\t\t\t\t<\/div>\n\t\t\t\t<div class=\"elementor-element elementor-element-2bfefbd9 elementor-widget elementor-widget-theme-site-logo elementor-widget-image\" data-id=\"2bfefbd9\" data-element_type=\"widget\" data-e-type=\"widget\" data-widget_type=\"theme-site-logo.default\">\n\t\t\t\t<div class=\"elementor-widget-container\">\n\t\t\t\t\t\t\t\t\t\t\t<a href=\"https:\/\/classicfest.pt\/pt\">\n\t\t\t<img loading=\"lazy\" decoding=\"async\" width=\"300\" height=\"149\" src=\"https:\/\/classicfest.pt\/wp-content\/uploads\/2021\/09\/BCF_LOGO-Laranja-final-300x149.png\" class=\"attachment-medium size-medium wp-image-17904\" alt=\"\" srcset=\"https:\/\/classicfest.pt\/wp-content\/uploads\/2021\/09\/BCF_LOGO-Laranja-final-300x149.png 300w, https:\/\/classicfest.pt\/wp-content\/uploads\/2021\/09\/BCF_LOGO-Laranja-final-1024x509.png 1024w, https:\/\/classicfest.pt\/wp-content\/uploads\/2021\/09\/BCF_LOGO-Laranja-final-768x382.png 768w, https:\/\/classicfest.pt\/wp-content\/uploads\/2021\/09\/BCF_LOGO-Laranja-final-1536x764.png 1536w, https:\/\/classicfest.pt\/wp-content\/uploads\/2021\/09\/BCF_LOGO-Laranja-final-2048x1018.png 2048w, https:\/\/classicfest.pt\/wp-content\/uploads\/2021\/09\/BCF_LOGO-Laranja-final-18x9.png 18w\" sizes=\"(max-width: 300px) 100vw, 300px\" \/>\t\t\t\t<\/a>\n\t\t\t\t\t\t\t\t\t\t\t<\/div>\n\t\t\t\t<\/div>\n\t\t\t\t<div class=\"elementor-element elementor-element-2ee86456 elementor-widget__width-inherit elementor-widget elementor-widget-text-editor\" data-id=\"2ee86456\" data-element_type=\"widget\" data-e-type=\"widget\" data-widget_type=\"text-editor.default\">\n\t\t\t\t<div class=\"elementor-widget-container\">\n\t\t\t\t\t\t\t\t\t<p>\u00a9 Bragan\u00e7a ClassicFest 2025| Built by <a href=\"https:\/\/awd.pt\" target=\"_blank\" rel=\"noopener\">AWD<\/a><\/p>\t\t\t\t\t\t\t\t<\/div>\n\t\t\t\t<\/div>\n\t\t\t\t<\/div>\n\t\t<div class=\"elementor-element elementor-element-44626802 e-flex e-con-boxed e-con e-parent\" data-id=\"44626802\" data-element_type=\"container\" data-e-type=\"container\">\n\t\t\t\t\t<div class=\"e-con-inner\">\n\t\t\t\t\t<\/div>\n\t\t\t\t<\/div>\n\t\t\t\t<\/div>\n\t\t","protected":false},"excerpt":{"rendered":"<p>Edi\u00e7\u00e3o 2023 Bragan\u00e7a Classic Fest 20233\u00aa edi\u00e7\u00e3o O 3\u00ba Festival Internacional de M\u00fasica Bragan\u00e7a ClassicFest apresenta um programa de excel\u00eancia art\u00edstica, consolidando o caminho trilhado nas edi\u00e7\u00f5es de 2021 e 2022, que trouxeram a Bragan\u00e7a o brilho de orquestras e m\u00fasicos consagrados \u2013 como as Orquestras de C\u00e2mara de Viena e de S\u00e3o Petersburgo, G\u00e9rard [&hellip;]<\/p>\n","protected":false},"author":5,"featured_media":0,"parent":0,"menu_order":0,"comment_status":"closed","ping_status":"closed","template":"","meta":{"_acf_changed":false,"footnotes":""},"class_list":["post-5433","page","type-page","status-publish","hentry","entry"],"acf":[],"_links":{"self":[{"href":"https:\/\/classicfest.pt\/pt\/wp-json\/wp\/v2\/pages\/5433","targetHints":{"allow":["GET"]}}],"collection":[{"href":"https:\/\/classicfest.pt\/pt\/wp-json\/wp\/v2\/pages"}],"about":[{"href":"https:\/\/classicfest.pt\/pt\/wp-json\/wp\/v2\/types\/page"}],"author":[{"embeddable":true,"href":"https:\/\/classicfest.pt\/pt\/wp-json\/wp\/v2\/users\/5"}],"replies":[{"embeddable":true,"href":"https:\/\/classicfest.pt\/pt\/wp-json\/wp\/v2\/comments?post=5433"}],"version-history":[{"count":51,"href":"https:\/\/classicfest.pt\/pt\/wp-json\/wp\/v2\/pages\/5433\/revisions"}],"predecessor-version":[{"id":18475,"href":"https:\/\/classicfest.pt\/pt\/wp-json\/wp\/v2\/pages\/5433\/revisions\/18475"}],"wp:attachment":[{"href":"https:\/\/classicfest.pt\/pt\/wp-json\/wp\/v2\/media?parent=5433"}],"curies":[{"name":"wp","href":"https:\/\/api.w.org\/{rel}","templated":true}]}}