{"id":2862,"date":"2023-06-14T12:00:04","date_gmt":"2023-06-14T12:00:04","guid":{"rendered":"https:\/\/classicfest.pt\/?page_id=2862"},"modified":"2024-09-03T16:15:31","modified_gmt":"2024-09-03T16:15:31","slug":"edicao-2021","status":"publish","type":"page","link":"https:\/\/classicfest.pt\/pt\/edicao-2021\/","title":{"rendered":"Edi\u00e7\u00e3o 2021"},"content":{"rendered":"\t\t<div data-elementor-type=\"wp-page\" data-elementor-id=\"2862\" class=\"elementor elementor-2862\" data-elementor-post-type=\"page\">\n\t\t\t\t\t\t<section class=\"elementor-section elementor-top-section elementor-element elementor-element-40b364e elementor-section-boxed elementor-section-height-default elementor-section-height-default\" data-id=\"40b364e\" data-element_type=\"section\" data-e-type=\"section\">\n\t\t\t\t\t\t<div class=\"elementor-container elementor-column-gap-default\">\n\t\t\t\t\t<div class=\"elementor-column elementor-col-100 elementor-top-column elementor-element elementor-element-0fc2148\" data-id=\"0fc2148\" data-element_type=\"column\" data-e-type=\"column\">\n\t\t\t<div class=\"elementor-widget-wrap elementor-element-populated\">\n\t\t\t\t\t\t<div class=\"elementor-element elementor-element-264e971 elementor-widget elementor-widget-spacer\" data-id=\"264e971\" data-element_type=\"widget\" data-e-type=\"widget\" data-widget_type=\"spacer.default\">\n\t\t\t\t<div class=\"elementor-widget-container\">\n\t\t\t\t\t\t\t<div class=\"elementor-spacer\">\n\t\t\t<div class=\"elementor-spacer-inner\"><\/div>\n\t\t<\/div>\n\t\t\t\t\t\t<\/div>\n\t\t\t\t<\/div>\n\t\t\t\t\t<\/div>\n\t\t<\/div>\n\t\t\t\t\t<\/div>\n\t\t<\/section>\n\t\t\t\t<section class=\"elementor-section elementor-top-section elementor-element elementor-element-147d7334 elementor-section-boxed elementor-section-height-default elementor-section-height-default\" data-id=\"147d7334\" data-element_type=\"section\" data-e-type=\"section\">\n\t\t\t\t\t\t<div class=\"elementor-container elementor-column-gap-no\">\n\t\t\t\t\t<div class=\"elementor-column elementor-col-100 elementor-top-column elementor-element elementor-element-67e6b926\" data-id=\"67e6b926\" data-element_type=\"column\" data-e-type=\"column\">\n\t\t\t<div class=\"elementor-widget-wrap elementor-element-populated\">\n\t\t\t\t\t\t<div class=\"elementor-element elementor-element-1edee6fe elementor-arrows-position-inside elementor-widget elementor-widget-image-carousel\" data-id=\"1edee6fe\" data-element_type=\"widget\" data-e-type=\"widget\" data-settings=\"{&quot;slides_to_show&quot;:&quot;1&quot;,&quot;navigation&quot;:&quot;arrows&quot;,&quot;autoplay&quot;:&quot;yes&quot;,&quot;pause_on_hover&quot;:&quot;yes&quot;,&quot;pause_on_interaction&quot;:&quot;yes&quot;,&quot;autoplay_speed&quot;:5000,&quot;infinite&quot;:&quot;yes&quot;,&quot;effect&quot;:&quot;slide&quot;,&quot;speed&quot;:500}\" data-widget_type=\"image-carousel.default\">\n\t\t\t\t<div class=\"elementor-widget-container\">\n\t\t\t\t\t\t\t<div class=\"elementor-image-carousel-wrapper swiper\" role=\"region\" aria-roledescription=\"carousel\" aria-label=\"Carrossel de imagens\" dir=\"ltr\">\n\t\t\t<div class=\"elementor-image-carousel swiper-wrapper\" aria-live=\"off\">\n\t\t\t\t\t\t\t\t<div class=\"swiper-slide\" role=\"group\" aria-roledescription=\"slide\" aria-label=\"1 of 10\"><figure class=\"swiper-slide-inner\"><img decoding=\"async\" class=\"swiper-slide-image\" src=\"https:\/\/classicfest.pt\/wp-content\/uploads\/2021\/10\/2BRAGANCA_MariaBA2164\u00a9davidvaz-1024x683.jpg\" alt=\"\u00a9 David Vaz\" \/><figcaption class=\"elementor-image-carousel-caption\">\u00a9 David Vaz<\/figcaption><\/figure><\/div><div class=\"swiper-slide\" role=\"group\" aria-roledescription=\"slide\" aria-label=\"2 of 10\"><figure class=\"swiper-slide-inner\"><img decoding=\"async\" class=\"swiper-slide-image\" src=\"https:\/\/classicfest.pt\/wp-content\/uploads\/2021\/10\/1BRAGANCA-ABERTURA2021_ritacarmo-1024x683.jpg\" alt=\"\u00a9 Rita Carmo\" \/><figcaption class=\"elementor-image-carousel-caption\">\u00a9 Rita Carmo<\/figcaption><\/figure><\/div><div class=\"swiper-slide\" role=\"group\" aria-roledescription=\"slide\" aria-label=\"3 of 10\"><figure class=\"swiper-slide-inner\"><img decoding=\"async\" class=\"swiper-slide-image\" src=\"https:\/\/classicfest.pt\/wp-content\/uploads\/2021\/10\/4BRAGANCA-VIIVALDI2335_ritacarmo-1024x683.jpg\" alt=\"\u00a9 Rita Carmo\" \/><figcaption class=\"elementor-image-carousel-caption\">\u00a9 Rita Carmo<\/figcaption><\/figure><\/div><div class=\"swiper-slide\" role=\"group\" aria-roledescription=\"slide\" aria-label=\"4 of 10\"><figure class=\"swiper-slide-inner\"><img decoding=\"async\" class=\"swiper-slide-image\" src=\"https:\/\/classicfest.pt\/wp-content\/uploads\/2021\/10\/4BRAGANCA-ABERTURA2091_ritacarmo-1024x683.jpg\" alt=\"\u00a9 Rita Carmo\" \/><figcaption class=\"elementor-image-carousel-caption\">\u00a9 Rita Carmo<\/figcaption><\/figure><\/div><div class=\"swiper-slide\" role=\"group\" aria-roledescription=\"slide\" aria-label=\"5 of 10\"><figure class=\"swiper-slide-inner\"><img decoding=\"async\" class=\"swiper-slide-image\" src=\"https:\/\/classicfest.pt\/wp-content\/uploads\/2021\/10\/1BRAGANCA_Piazzolla2127\u00a9davidvaz-1024x683.jpg\" alt=\"\u00a9 David Vaz\" \/><figcaption class=\"elementor-image-carousel-caption\">\u00a9 David Vaz<\/figcaption><\/figure><\/div><div class=\"swiper-slide\" role=\"group\" aria-roledescription=\"slide\" aria-label=\"6 of 10\"><figure class=\"swiper-slide-inner\"><img decoding=\"async\" class=\"swiper-slide-image\" src=\"https:\/\/classicfest.pt\/wp-content\/uploads\/2021\/10\/5BRAGANCA-VIOLINO-SOLO2706_ritacarmo-1024x683.jpg\" alt=\"\u00a9 Rita Carmo\" \/><figcaption class=\"elementor-image-carousel-caption\">\u00a9 Rita Carmo<\/figcaption><\/figure><\/div><div class=\"swiper-slide\" role=\"group\" aria-roledescription=\"slide\" aria-label=\"7 of 10\"><figure class=\"swiper-slide-inner\"><img decoding=\"async\" class=\"swiper-slide-image\" src=\"https:\/\/classicfest.pt\/wp-content\/uploads\/2021\/10\/1BRAGANCA_MariaBA2364\u00a9davidvaz-1024x683.jpg\" alt=\"\u00a9 David Vaz\" \/><figcaption class=\"elementor-image-carousel-caption\">\u00a9 David Vaz<\/figcaption><\/figure><\/div><div class=\"swiper-slide\" role=\"group\" aria-roledescription=\"slide\" aria-label=\"8 of 10\"><figure class=\"swiper-slide-inner\"><img decoding=\"async\" class=\"swiper-slide-image\" src=\"https:\/\/classicfest.pt\/wp-content\/uploads\/2021\/10\/8BRAGANCA_MariaBA2400\u00a9davidvaz-1024x683.jpg\" alt=\"\u00a9 David Vaz\" \/><figcaption class=\"elementor-image-carousel-caption\">\u00a9 David Vaz<\/figcaption><\/figure><\/div><div class=\"swiper-slide\" role=\"group\" aria-roledescription=\"slide\" aria-label=\"9 of 10\"><figure class=\"swiper-slide-inner\"><img decoding=\"async\" class=\"swiper-slide-image\" src=\"https:\/\/classicfest.pt\/wp-content\/uploads\/2021\/10\/1BRAGANCA_Encerramento2546\u00a9davidvaz-1024x683.jpg\" alt=\"\u00a9 David Vaz\" \/><figcaption class=\"elementor-image-carousel-caption\">\u00a9 David Vaz<\/figcaption><\/figure><\/div><div class=\"swiper-slide\" role=\"group\" aria-roledescription=\"slide\" aria-label=\"10 of 10\"><figure class=\"swiper-slide-inner\"><img decoding=\"async\" class=\"swiper-slide-image\" src=\"https:\/\/classicfest.pt\/wp-content\/uploads\/2021\/10\/4BRAGANCA_Encerramento2535\u00a9davidvaz-1024x683.jpg\" alt=\"\u00a9 David Vaz\" \/><figcaption class=\"elementor-image-carousel-caption\">\u00a9 David Vaz<\/figcaption><\/figure><\/div>\t\t\t<\/div>\n\t\t\t\t\t\t\t\t\t\t\t\t<div class=\"elementor-swiper-button elementor-swiper-button-prev\" role=\"button\" tabindex=\"0\">\n\t\t\t\t\t\t<i aria-hidden=\"true\" class=\"eicon-chevron-left\"><\/i>\t\t\t\t\t<\/div>\n\t\t\t\t\t<div class=\"elementor-swiper-button elementor-swiper-button-next\" role=\"button\" tabindex=\"0\">\n\t\t\t\t\t\t<i aria-hidden=\"true\" class=\"eicon-chevron-right\"><\/i>\t\t\t\t\t<\/div>\n\t\t\t\t\n\t\t\t\t\t\t\t\t\t<\/div>\n\t\t\t\t\t\t<\/div>\n\t\t\t\t<\/div>\n\t\t\t\t\t<\/div>\n\t\t<\/div>\n\t\t\t\t\t<\/div>\n\t\t<\/section>\n\t\t\t\t<section class=\"elementor-section elementor-top-section elementor-element elementor-element-0f80f75 elementor-section-boxed elementor-section-height-default elementor-section-height-default\" data-id=\"0f80f75\" data-element_type=\"section\" data-e-type=\"section\">\n\t\t\t\t\t\t<div class=\"elementor-container elementor-column-gap-default\">\n\t\t\t\t\t<div class=\"elementor-column elementor-col-25 elementor-top-column elementor-element elementor-element-e06e57a\" data-id=\"e06e57a\" data-element_type=\"column\" data-e-type=\"column\">\n\t\t\t<div class=\"elementor-widget-wrap\">\n\t\t\t\t\t\t\t<\/div>\n\t\t<\/div>\n\t\t\t\t<div class=\"elementor-column elementor-col-50 elementor-top-column elementor-element elementor-element-5166da3\" data-id=\"5166da3\" data-element_type=\"column\" data-e-type=\"column\">\n\t\t\t<div class=\"elementor-widget-wrap elementor-element-populated\">\n\t\t\t\t\t\t<div class=\"elementor-element elementor-element-633634b elementor-widget elementor-widget-text-editor\" data-id=\"633634b\" data-element_type=\"widget\" data-e-type=\"widget\" data-widget_type=\"text-editor.default\">\n\t\t\t\t<div class=\"elementor-widget-container\">\n\t\t\t\t\t\t\t\t\t<h2 style=\"text-align: left;\"><strong>EDI\u00c7\u00c3O 2021 \u00a0| \u00a001 a 10 OUT 2021<\/strong><\/h2><p style=\"text-align: left;\"><span style=\"color: #ff0073;\"><b>PROGRAMA GERAL<\/b><\/span><\/p><p style=\"text-align: left;\"><strong><span style=\"color: #000000;\">Descarregar aqui o <a href=\"https:\/\/classicfest.pt\/wp-content\/uploads\/2023\/06\/BCF_CAT.pdf\">CAT\u00c1LOGO<\/a><\/span><\/strong><br \/><strong><span style=\"color: #000000;\">Descarregar aqui o <a href=\"https:\/\/classicfest.pt\/wp-content\/uploads\/2023\/06\/CARTAZ-BRAGANCA.jpg\">CARTAZ<\/a><\/span><\/strong><\/p><p style=\"text-align: left;\"><span style=\"color: #ff0073;\"><strong>01.10.2021<\/strong><\/span><\/p><h4 style=\"text-align: left;\">Concerto de Abertura<\/h4><p style=\"text-align: left;\"><span style=\"color: #000000;\">Filipe Pinto-Ribeiro: Piano<\/span><br \/><span style=\"color: #000000;\">Orquestra de C\u00e2mara de S\u00e3o Petersburgo<\/span><br \/><span style=\"color: #000000;\">Juri Gilbo: Direc\u00e7\u00e3o musical<\/span><\/p><p style=\"text-align: left;\"><span style=\"color: #808080;\">Obras de Seixas, Mozart e Tchaikovsky<\/span><\/p><p style=\"text-align: left;\"><span style=\"color: #ff0073;\"><b>02.10.2021<\/b><\/span><\/p><h4 style=\"text-align: left;\">As Quatro Esta\u00e7\u00f5es \u2013 Vivaldi<\/h4><p style=\"text-align: left;\"><span style=\"color: #000000;\">Diana Tishchenko: Violino<\/span><br \/><span style=\"color: #000000;\">Orquestra de C\u00e2mara de S\u00e3o Petersburgo<\/span><br \/><span style=\"color: #000000;\">Juri Gilbo: Direc\u00e7\u00e3o musical<\/span><\/p><p style=\"text-align: left;\"><span style=\"color: #808080;\">Obras de Mozart e Vivaldi<\/span><\/p><p style=\"text-align: left;\"><span style=\"color: #ff0073;\"><b>03.10.2022<\/b><\/span><\/p><h4 style=\"text-align: left;\">Violino a Solo \u2013 Bach e Ysa\u00ffe<\/h4><p style=\"text-align: left;\"><span style=\"color: #000000;\">Diana Tishchenko: Violino<\/span><\/p><p style=\"text-align: left;\"><span style=\"color: #808080;\">Obras de Bach e Ysa\u00ffe<\/span><\/p><p style=\"text-align: left;\"><span style=\"color: #ff0073;\"><b>08.10.2021<\/b><\/span><\/p><h4 style=\"text-align: left;\">Piazzolla 100<br \/>Centen\u00e1rio do nascimento Astor Piazzolla<\/h4><p style=\"text-align: left;\"><span style=\"color: #000000;\">H\u00e9ctor Del Curto: Bandone\u00f3n<\/span><br \/><span style=\"color: #000000;\">Karen Gomyo: Violino<\/span><br \/><span style=\"color: #000000;\">Adri\u00e1n Fioramonti: Guitarra el\u00e9ctrica<\/span><br \/><span style=\"color: #000000;\">Tiago Pinto-Ribeiro: Contrabaixo<\/span><br \/><span style=\"color: #000000;\">Rosa Maria Barrantes: Piano<\/span><br \/><span style=\"color: #000000;\">Rub\u00e9n Peloni: Voz<\/span><br \/><span style=\"color: #000000;\">DSCH &#8211; Schostakovich Ensemble<\/span><\/p><p style=\"text-align: left;\"><span style=\"color: #ff0073;\"><b>09.10.2021<\/b><\/span><\/p><h4 style=\"text-align: left;\">Maria de Buenos Aires<br \/>\u00d3pera-tango de Astor Piazzolla<\/h4><p style=\"text-align: left;\"><span style=\"color: #000000;\">Ana Karina Rossi: Maria de Buenos Aires<\/span><br \/><span style=\"color: #000000;\">Rub\u00e9n Peloni: Tenor<\/span><br \/><span style=\"color: #000000;\">Daniel Bonilla-Torres: <em>El Duende<\/em><\/span><br \/><span style=\"color: #000000;\">H\u00e9ctor Del Curto: Bandone\u00f3n e Direc\u00e7\u00e3o Musical<\/span><br \/><span style=\"color: #000000;\">Karen Gomyo: Violino solo<\/span><br \/><span style=\"color: #000000;\">David Castro-Balbi: Violino II<\/span><br \/><span style=\"color: #000000;\">Francisca Fins: Viola<\/span><br \/><span style=\"color: #000000;\">Kyril Zlotnikov: Violoncelo<\/span><br \/><span style=\"color: #000000;\">Tiago Pinto-Ribeiro: Contrabaixo<\/span><br \/><span style=\"color: #000000;\">Nuno In\u00e1cio: Flauta<\/span><br \/><span style=\"color: #000000;\">Rosa Maria Barrantes: Piano<\/span><br \/><span style=\"color: #000000;\">Adri\u00e1n Fioramonti: Guitarra el\u00e9ctrica<\/span><br \/><span style=\"color: #000000;\">Abel Cardoso e Pedro Carvalho: Percuss\u00e3o<\/span><\/p><p style=\"text-align: left;\"><span style=\"color: #ff0073;\"><b>10.10.2021<\/b><\/span><\/p><h4 style=\"text-align: left;\">Concerto de Encerramento<\/h4><p style=\"text-align: left;\"><span style=\"color: #000000;\">Filipe Pinto-Ribeiro: Piano<\/span><br \/><span style=\"color: #000000;\">David Castro-Balbi: Violino<\/span><br \/><span style=\"color: #000000;\">Francisca Fins: Viola<\/span><br \/><span style=\"color: #000000;\">Kyril Zlotnikov: Violoncelo<\/span><br \/><span style=\"color: #000000;\">Tiago Pinto-Ribeiro: Contrabaixo<\/span><br \/><span style=\"color: #000000;\">DSCH &#8211; Schostakovich Ensemble<\/span><\/p><p style=\"text-align: left;\"><span style=\"color: #808080;\">Obras de Dvo\u0159\u00e1k e Schubert<\/span><\/p>\t\t\t\t\t\t\t\t<\/div>\n\t\t\t\t<\/div>\n\t\t\t\t<div class=\"elementor-element elementor-element-8d3e5f9 elementor-widget elementor-widget-spacer\" data-id=\"8d3e5f9\" data-element_type=\"widget\" data-e-type=\"widget\" data-widget_type=\"spacer.default\">\n\t\t\t\t<div class=\"elementor-widget-container\">\n\t\t\t\t\t\t\t<div class=\"elementor-spacer\">\n\t\t\t<div class=\"elementor-spacer-inner\"><\/div>\n\t\t<\/div>\n\t\t\t\t\t\t<\/div>\n\t\t\t\t<\/div>\n\t\t\t\t\t<\/div>\n\t\t<\/div>\n\t\t\t\t<div class=\"elementor-column elementor-col-25 elementor-top-column elementor-element elementor-element-6680775\" data-id=\"6680775\" data-element_type=\"column\" data-e-type=\"column\">\n\t\t\t<div class=\"elementor-widget-wrap\">\n\t\t\t\t\t\t\t<\/div>\n\t\t<\/div>\n\t\t\t\t\t<\/div>\n\t\t<\/section>\n\t\t\t\t<\/div>\n\t\t","protected":false},"excerpt":{"rendered":"<p>\u00a9 David Vaz \u00a9 Rita Carmo \u00a9 Rita Carmo \u00a9 Rita Carmo \u00a9 David Vaz \u00a9 Rita Carmo \u00a9 David Vaz \u00a9 David Vaz \u00a9 David Vaz \u00a9 David Vaz EDI\u00c7\u00c3O 2021 \u00a0| \u00a001 a 10 OUT 2021 PROGRAMA GERAL Descarregar aqui o CAT\u00c1LOGODescarregar aqui o CARTAZ 01.10.2021 Concerto de Abertura Filipe Pinto-Ribeiro: PianoOrquestra de [&hellip;]<\/p>\n","protected":false},"author":5,"featured_media":0,"parent":0,"menu_order":0,"comment_status":"closed","ping_status":"closed","template":"","meta":{"_acf_changed":false,"footnotes":""},"class_list":["post-2862","page","type-page","status-publish","hentry","entry"],"acf":[],"_links":{"self":[{"href":"https:\/\/classicfest.pt\/pt\/wp-json\/wp\/v2\/pages\/2862","targetHints":{"allow":["GET"]}}],"collection":[{"href":"https:\/\/classicfest.pt\/pt\/wp-json\/wp\/v2\/pages"}],"about":[{"href":"https:\/\/classicfest.pt\/pt\/wp-json\/wp\/v2\/types\/page"}],"author":[{"embeddable":true,"href":"https:\/\/classicfest.pt\/pt\/wp-json\/wp\/v2\/users\/5"}],"replies":[{"embeddable":true,"href":"https:\/\/classicfest.pt\/pt\/wp-json\/wp\/v2\/comments?post=2862"}],"version-history":[{"count":193,"href":"https:\/\/classicfest.pt\/pt\/wp-json\/wp\/v2\/pages\/2862\/revisions"}],"predecessor-version":[{"id":17300,"href":"https:\/\/classicfest.pt\/pt\/wp-json\/wp\/v2\/pages\/2862\/revisions\/17300"}],"wp:attachment":[{"href":"https:\/\/classicfest.pt\/pt\/wp-json\/wp\/v2\/media?parent=2862"}],"curies":[{"name":"wp","href":"https:\/\/api.w.org\/{rel}","templated":true}]}}