{"id":18191,"date":"2025-08-29T08:57:39","date_gmt":"2025-08-29T08:57:39","guid":{"rendered":"https:\/\/lab.classicfest.pt\/?page_id=18191"},"modified":"2025-09-12T09:32:02","modified_gmt":"2025-09-12T09:32:02","slug":"actividades","status":"publish","type":"page","link":"https:\/\/classicfest.pt\/pt\/actividades\/","title":{"rendered":"Actividades Complementares"},"content":{"rendered":"\t\t<div data-elementor-type=\"wp-page\" data-elementor-id=\"18191\" class=\"elementor elementor-18191\" data-elementor-post-type=\"page\">\n\t\t\t\t<div class=\"elementor-element elementor-element-39142421 e-flex e-con-boxed e-con e-parent\" data-id=\"39142421\" data-element_type=\"container\" data-e-type=\"container\" data-settings=\"{&quot;background_background&quot;:&quot;classic&quot;}\">\n\t\t\t\t\t<div class=\"e-con-inner\">\n\t\t\t\t<div class=\"elementor-element elementor-element-1d4736c5 elementor-widget elementor-widget-theme-post-title elementor-page-title elementor-widget-heading\" data-id=\"1d4736c5\" data-element_type=\"widget\" data-e-type=\"widget\" data-widget_type=\"theme-post-title.default\">\n\t\t\t\t<div class=\"elementor-widget-container\">\n\t\t\t\t\t<h1 class=\"elementor-heading-title elementor-size-default\">Actividades Complementares<\/h1>\t\t\t\t<\/div>\n\t\t\t\t<\/div>\n\t\t\t\t\t<\/div>\n\t\t\t\t<\/div>\n\t\t<div class=\"elementor-element elementor-element-648c913 e-flex e-con-boxed e-con e-parent\" data-id=\"648c913\" data-element_type=\"container\" data-e-type=\"container\">\n\t\t\t\t\t<div class=\"e-con-inner\">\n\t\t\t\t<div class=\"elementor-element elementor-element-261bb92 elementor-widget elementor-widget-text-editor\" data-id=\"261bb92\" data-element_type=\"widget\" data-e-type=\"widget\" data-widget_type=\"text-editor.default\">\n\t\t\t\t<div class=\"elementor-widget-container\">\n\t\t\t\t\t\t\t\t\t<div class=\"elementor-element elementor-element-b78b2d6 elementor-widget elementor-widget-heading\" data-id=\"b78b2d6\" data-element_type=\"widget\" data-widget_type=\"heading.default\"><div class=\"elementor-widget-container\"><h2><b>ENSAIO ABERTO CLASSIC FEST<\/b><\/h2><h6><span style=\"color: #ec6905;\"><b>1 OUTUBRO 2025 | 4\u00aa feira | 10H00<br \/><\/b><\/span><strong>Teatro Municipal de Bragan\u00e7a<\/strong><\/h6><p><span style=\"color: #000000;\"><b>Ludwig van Beethoven <\/b><span style=\"font-weight: 400;\">Sinfonia N.\u00ba 3, Opus 55, \u201cHer\u00f3ica\u201d<br \/><\/span><\/span><span style=\"color: #000000;\"><b><a href=\"https:\/\/classicfest.pt\/artista\/orquestra-sinfonica-do-principado-das-asturias\/\">Orquestra Sinf\u00f3nica do Principado das Ast\u00farias<\/a><br \/><\/b><a href=\"https:\/\/classicfest.pt\/artista\/nuno-coelho\/\"><b>Nuno Coelho\u00a0<\/b><\/a><span style=\"font-weight: normal;\">Maestro<\/span><\/span><\/p><h2><b>MASTERCLASSES CLASSIC FEST<\/b><\/h2><h6><span style=\"color: #ec6905;\"><b>3 OUTUBRO 2025 | 6\u00aa feira | 18H30<br \/><\/b><\/span><strong>Conservat\u00f3rio de M\u00fasica e Dan\u00e7a de Bragan\u00e7a<\/strong><\/h6><p><span style=\"color: #000000;\"><b>Masterclasse de Violino e de Viola d\u2019Arco<br \/><\/b><b><a href=\"https:\/\/classicfest.pt\/artista\/lars-anders-tomter\/\">Lars Anders Tomter<\/a> <\/b><span style=\"font-weight: 400;\">Professor da Academia Superior de M\u00fasica de Oslo<\/span><\/span><\/p><h6><span style=\"color: #ec6905;\"><b>9 OUTUBRO 2025 | 5\u00aa feira | 18H30<br \/><\/b><\/span><strong>Conservat\u00f3rio de M\u00fasica e Dan\u00e7a de Bragan\u00e7a<\/strong><\/h6><p><span style=\"color: #000000;\"><b>Masterclasse de Piano<br \/><\/b><b><\/b><a href=\"https:\/\/classicfest.pt\/artista\/filipe-pinto-ribeiro\/\"><b>Filipe Pinto-Ribeiro <\/b><\/a><span style=\"font-weight: 400;\">Director Art\u00edstico do Bragan\u00e7a Classic Fest<\/span><\/span><\/p><\/div><\/div>\t\t\t\t\t\t\t\t<\/div>\n\t\t\t\t<\/div>\n\t\t\t\t\t<\/div>\n\t\t\t\t<\/div>\n\t\t<a class=\"elementor-element elementor-element-10a4fc93 elementor-hidden-mobile e-flex e-con-boxed e-con e-parent\" data-id=\"10a4fc93\" data-element_type=\"container\" data-e-type=\"container\" href=\"https:\/\/classicfest.pt\/apoios\/\">\n\t\t\t\t\t<div class=\"e-con-inner\">\n\t\t\t\t<div class=\"elementor-element elementor-element-109af6af elementor-widget elementor-widget-image\" data-id=\"109af6af\" data-element_type=\"widget\" data-e-type=\"widget\" data-widget_type=\"image.default\">\n\t\t\t\t<div class=\"elementor-widget-container\">\n\t\t\t\t\t\t\t\t\t\t\t\t\t\t\t<img fetchpriority=\"high\" decoding=\"async\" width=\"1024\" height=\"160\" src=\"https:\/\/classicfest.pt\/wp-content\/uploads\/2024\/08\/Logos-FOOTER-PT-1024x160.jpg\" class=\"attachment-large size-large wp-image-18505\" alt=\"\" srcset=\"https:\/\/classicfest.pt\/wp-content\/uploads\/2024\/08\/Logos-FOOTER-PT-1024x160.jpg 1024w, https:\/\/classicfest.pt\/wp-content\/uploads\/2024\/08\/Logos-FOOTER-PT-300x47.jpg 300w, https:\/\/classicfest.pt\/wp-content\/uploads\/2024\/08\/Logos-FOOTER-PT-768x120.jpg 768w, https:\/\/classicfest.pt\/wp-content\/uploads\/2024\/08\/Logos-FOOTER-PT-1536x240.jpg 1536w, https:\/\/classicfest.pt\/wp-content\/uploads\/2024\/08\/Logos-FOOTER-PT-18x3.jpg 18w, https:\/\/classicfest.pt\/wp-content\/uploads\/2024\/08\/Logos-FOOTER-PT.jpg 1920w\" sizes=\"(max-width: 1024px) 100vw, 1024px\" \/>\t\t\t\t\t\t\t\t\t\t\t\t\t\t\t<\/div>\n\t\t\t\t<\/div>\n\t\t\t\t\t<\/div>\n\t\t\t\t<\/a>\n\t\t<a class=\"elementor-element elementor-element-3d245fd9 elementor-hidden-desktop elementor-hidden-tablet e-flex e-con-boxed e-con e-parent\" data-id=\"3d245fd9\" data-element_type=\"container\" data-e-type=\"container\" href=\"https:\/\/classicfest.pt\/apoios\/\">\n\t\t\t\t\t<div class=\"e-con-inner\">\n\t\t\t\t<div class=\"elementor-element elementor-element-51c73785 elementor-widget elementor-widget-image\" data-id=\"51c73785\" data-element_type=\"widget\" data-e-type=\"widget\" data-widget_type=\"image.default\">\n\t\t\t\t<div class=\"elementor-widget-container\">\n\t\t\t\t\t\t\t\t\t\t\t\t\t\t\t<img decoding=\"async\" width=\"716\" height=\"711\" src=\"https:\/\/classicfest.pt\/wp-content\/uploads\/2024\/08\/Logos-Rodape-MOBILE-PT.jpg\" class=\"attachment-large size-large wp-image-17758\" alt=\"\" srcset=\"https:\/\/classicfest.pt\/wp-content\/uploads\/2024\/08\/Logos-Rodape-MOBILE-PT.jpg 716w, https:\/\/classicfest.pt\/wp-content\/uploads\/2024\/08\/Logos-Rodape-MOBILE-PT-300x298.jpg 300w, https:\/\/classicfest.pt\/wp-content\/uploads\/2024\/08\/Logos-Rodape-MOBILE-PT-150x150.jpg 150w, https:\/\/classicfest.pt\/wp-content\/uploads\/2024\/08\/Logos-Rodape-MOBILE-PT-12x12.jpg 12w\" sizes=\"(max-width: 716px) 100vw, 716px\" \/>\t\t\t\t\t\t\t\t\t\t\t\t\t\t\t<\/div>\n\t\t\t\t<\/div>\n\t\t\t\t\t<\/div>\n\t\t\t\t<\/a>\n\t\t<div class=\"elementor-element elementor-element-7f00e8ff e-con-full e-flex e-con e-parent\" data-id=\"7f00e8ff\" data-element_type=\"container\" data-e-type=\"container\" data-settings=\"{&quot;background_background&quot;:&quot;classic&quot;}\">\n\t\t\t\t<div class=\"elementor-element elementor-element-15ba1796 elementor-shape-circle elementor-grid-tablet-1 elementor-grid-mobile-1 e-grid-align-tablet-center e-grid-align-mobile-right elementor-widget__width-auto elementor-grid-0 e-grid-align-center elementor-widget elementor-widget-social-icons\" data-id=\"15ba1796\" data-element_type=\"widget\" data-e-type=\"widget\" data-widget_type=\"social-icons.default\">\n\t\t\t\t<div class=\"elementor-widget-container\">\n\t\t\t\t\t\t\t<div class=\"elementor-social-icons-wrapper elementor-grid\" role=\"list\">\n\t\t\t\t\t\t\t<span class=\"elementor-grid-item\" role=\"listitem\">\n\t\t\t\t\t<a class=\"elementor-icon elementor-social-icon elementor-social-icon-instagram elementor-animation-shrink elementor-repeater-item-24c98ab\" href=\"https:\/\/www.instagram.com\/festivalbraganca\/\" target=\"_blank\">\n\t\t\t\t\t\t<span class=\"elementor-screen-only\">Instagram<\/span>\n\t\t\t\t\t\t<i aria-hidden=\"true\" class=\"fab fa-instagram\"><\/i>\t\t\t\t\t<\/a>\n\t\t\t\t<\/span>\n\t\t\t\t\t\t\t<span class=\"elementor-grid-item\" role=\"listitem\">\n\t\t\t\t\t<a class=\"elementor-icon elementor-social-icon elementor-social-icon-facebook elementor-animation-shrink elementor-repeater-item-efdf808\" href=\"https:\/\/www.facebook.com\/profile.php?id=100072707430882\" target=\"_blank\">\n\t\t\t\t\t\t<span class=\"elementor-screen-only\">Facebook<\/span>\n\t\t\t\t\t\t<i aria-hidden=\"true\" class=\"fab fa-facebook\"><\/i>\t\t\t\t\t<\/a>\n\t\t\t\t<\/span>\n\t\t\t\t\t\t\t<span class=\"elementor-grid-item\" role=\"listitem\">\n\t\t\t\t\t<a class=\"elementor-icon elementor-social-icon elementor-social-icon-x-twitter elementor-animation-shrink elementor-repeater-item-75e472a\" href=\"https:\/\/x.com\/classicfestbrag\" target=\"_blank\">\n\t\t\t\t\t\t<span class=\"elementor-screen-only\">X-twitter<\/span>\n\t\t\t\t\t\t<i aria-hidden=\"true\" class=\"fab fa-x-twitter\"><\/i>\t\t\t\t\t<\/a>\n\t\t\t\t<\/span>\n\t\t\t\t\t<\/div>\n\t\t\t\t\t\t<\/div>\n\t\t\t\t<\/div>\n\t\t\t\t<div class=\"elementor-element elementor-element-5a767aee elementor-widget elementor-widget-theme-site-logo elementor-widget-image\" data-id=\"5a767aee\" data-element_type=\"widget\" data-e-type=\"widget\" data-widget_type=\"theme-site-logo.default\">\n\t\t\t\t<div class=\"elementor-widget-container\">\n\t\t\t\t\t\t\t\t\t\t\t<a href=\"https:\/\/classicfest.pt\/pt\">\n\t\t\t<img decoding=\"async\" width=\"300\" height=\"149\" src=\"https:\/\/classicfest.pt\/wp-content\/uploads\/2021\/09\/BCF_LOGO-Laranja-final-300x149.png\" class=\"attachment-medium size-medium wp-image-17904\" alt=\"\" srcset=\"https:\/\/classicfest.pt\/wp-content\/uploads\/2021\/09\/BCF_LOGO-Laranja-final-300x149.png 300w, https:\/\/classicfest.pt\/wp-content\/uploads\/2021\/09\/BCF_LOGO-Laranja-final-1024x509.png 1024w, https:\/\/classicfest.pt\/wp-content\/uploads\/2021\/09\/BCF_LOGO-Laranja-final-768x382.png 768w, https:\/\/classicfest.pt\/wp-content\/uploads\/2021\/09\/BCF_LOGO-Laranja-final-1536x764.png 1536w, https:\/\/classicfest.pt\/wp-content\/uploads\/2021\/09\/BCF_LOGO-Laranja-final-2048x1018.png 2048w, https:\/\/classicfest.pt\/wp-content\/uploads\/2021\/09\/BCF_LOGO-Laranja-final-18x9.png 18w\" sizes=\"(max-width: 300px) 100vw, 300px\" \/>\t\t\t\t<\/a>\n\t\t\t\t\t\t\t\t\t\t\t<\/div>\n\t\t\t\t<\/div>\n\t\t\t\t<div class=\"elementor-element elementor-element-1909f8b3 elementor-widget__width-inherit elementor-widget elementor-widget-text-editor\" data-id=\"1909f8b3\" data-element_type=\"widget\" data-e-type=\"widget\" data-widget_type=\"text-editor.default\">\n\t\t\t\t<div class=\"elementor-widget-container\">\n\t\t\t\t\t\t\t\t\t<p>\u00a9 Bragan\u00e7a ClassicFest 2025 | Built by <a href=\"https:\/\/awd.pt\" target=\"_blank\" rel=\"noopener\">AWD<\/a><\/p>\t\t\t\t\t\t\t\t<\/div>\n\t\t\t\t<\/div>\n\t\t\t\t<\/div>\n\t\t\t\t<\/div>\n\t\t","protected":false},"excerpt":{"rendered":"<p>ENSAIO ABERTO CLASSIC FEST 1 OUTUBRO 2025 | 4\u00aa feira | 10H00Teatro Municipal de Bragan\u00e7a Ludwig van Beethoven Sinfonia N.\u00ba 3, Opus 55, \u201cHer\u00f3ica\u201dOrquestra Sinf\u00f3nica do Principado das Ast\u00fariasNuno Coelho\u00a0Maestro MASTERCLASSES CLASSIC FEST 3 OUTUBRO 2025 | 6\u00aa feira | 18H30Conservat\u00f3rio de M\u00fasica e Dan\u00e7a de Bragan\u00e7a Masterclasse de Violino e de Viola d\u2019ArcoLars Anders [&hellip;]<\/p>\n","protected":false},"author":9,"featured_media":0,"parent":0,"menu_order":0,"comment_status":"closed","ping_status":"closed","template":"","meta":{"_acf_changed":false,"footnotes":""},"class_list":["post-18191","page","type-page","status-publish","hentry","entry"],"acf":[],"_links":{"self":[{"href":"https:\/\/classicfest.pt\/pt\/wp-json\/wp\/v2\/pages\/18191","targetHints":{"allow":["GET"]}}],"collection":[{"href":"https:\/\/classicfest.pt\/pt\/wp-json\/wp\/v2\/pages"}],"about":[{"href":"https:\/\/classicfest.pt\/pt\/wp-json\/wp\/v2\/types\/page"}],"author":[{"embeddable":true,"href":"https:\/\/classicfest.pt\/pt\/wp-json\/wp\/v2\/users\/9"}],"replies":[{"embeddable":true,"href":"https:\/\/classicfest.pt\/pt\/wp-json\/wp\/v2\/comments?post=18191"}],"version-history":[{"count":59,"href":"https:\/\/classicfest.pt\/pt\/wp-json\/wp\/v2\/pages\/18191\/revisions"}],"predecessor-version":[{"id":18585,"href":"https:\/\/classicfest.pt\/pt\/wp-json\/wp\/v2\/pages\/18191\/revisions\/18585"}],"wp:attachment":[{"href":"https:\/\/classicfest.pt\/pt\/wp-json\/wp\/v2\/media?parent=18191"}],"curies":[{"name":"wp","href":"https:\/\/api.w.org\/{rel}","templated":true}]}}