{"id":18140,"date":"2025-08-28T17:37:42","date_gmt":"2025-08-28T17:37:42","guid":{"rendered":"https:\/\/lab.classicfest.pt\/?page_id=18140"},"modified":"2025-08-29T16:42:23","modified_gmt":"2025-08-29T16:42:23","slug":"introducao-2024","status":"publish","type":"page","link":"https:\/\/classicfest.pt\/pt\/introducao-2024\/","title":{"rendered":"Introdu\u00e7\u00e3o 2024"},"content":{"rendered":"\t\t<div data-elementor-type=\"wp-page\" data-elementor-id=\"18140\" class=\"elementor elementor-18140\" data-elementor-post-type=\"page\">\n\t\t\t\t\t\t<section class=\"elementor-section elementor-top-section elementor-element elementor-element-f178f6f elementor-section-full_width elementor-section-height-default elementor-section-height-default\" data-id=\"f178f6f\" data-element_type=\"section\" data-e-type=\"section\">\n\t\t\t\t\t\t<div class=\"elementor-container elementor-column-gap-no\">\n\t\t\t\t\t<div class=\"elementor-column elementor-col-100 elementor-top-column elementor-element elementor-element-3d667ba\" data-id=\"3d667ba\" data-element_type=\"column\" data-e-type=\"column\">\n\t\t\t<div class=\"elementor-widget-wrap elementor-element-populated\">\n\t\t\t\t\t\t<div class=\"elementor-element elementor-element-4c6e4d3 elementor-widget elementor-widget-heading\" data-id=\"4c6e4d3\" data-element_type=\"widget\" data-e-type=\"widget\" data-widget_type=\"heading.default\">\n\t\t\t\t<div class=\"elementor-widget-container\">\n\t\t\t\t\t<h4 class=\"elementor-heading-title elementor-size-large\">Edi\u00e7\u00e3o 2024<\/h4>\t\t\t\t<\/div>\n\t\t\t\t<\/div>\n\t\t\t\t<div class=\"elementor-element elementor-element-d152436 elementor-widget elementor-widget-image\" data-id=\"d152436\" data-element_type=\"widget\" data-e-type=\"widget\" data-widget_type=\"image.default\">\n\t\t\t\t<div class=\"elementor-widget-container\">\n\t\t\t\t\t\t\t\t\t\t\t\t\t\t\t<img decoding=\"async\" width=\"150\" height=\"150\" src=\"https:\/\/classicfest.pt\/wp-content\/uploads\/2025\/08\/BCF-old-Thumbnail.png\" class=\"attachment-full size-full wp-image-18321\" alt=\"\" srcset=\"https:\/\/classicfest.pt\/wp-content\/uploads\/2025\/08\/BCF-old-Thumbnail.png 150w, https:\/\/classicfest.pt\/wp-content\/uploads\/2025\/08\/BCF-old-Thumbnail-12x12.png 12w\" sizes=\"(max-width: 150px) 100vw, 150px\" \/>\t\t\t\t\t\t\t\t\t\t\t\t\t\t\t<\/div>\n\t\t\t\t<\/div>\n\t\t\t\t\t<\/div>\n\t\t<\/div>\n\t\t\t\t\t<\/div>\n\t\t<\/section>\n\t\t<div class=\"elementor-element elementor-element-028d72e e-con-full e-flex e-con e-parent\" data-id=\"028d72e\" data-element_type=\"container\" data-e-type=\"container\" data-settings=\"{&quot;background_background&quot;:&quot;classic&quot;}\">\n\t\t<div class=\"elementor-element elementor-element-afb64f8 e-flex e-con-boxed e-con e-child\" data-id=\"afb64f8\" data-element_type=\"container\" data-e-type=\"container\">\n\t\t\t\t\t<div class=\"e-con-inner\">\n\t\t\t\t<div class=\"elementor-element elementor-element-c484df1 elementor-widget elementor-widget-text-editor\" data-id=\"c484df1\" data-element_type=\"widget\" data-e-type=\"widget\" data-widget_type=\"text-editor.default\">\n\t\t\t\t<div class=\"elementor-widget-container\">\n\t\t\t\t\t\t\t\t\t<p style=\"text-align: center;\"><strong>Bragan\u00e7a Classic Fest 2024<br \/><\/strong>4\u00aa edi\u00e7\u00e3o<\/p><p>Neste ano de\u00a0<b>2024\u00a0<\/b>em que celebramos o\u00a0<b>cinquenten\u00e1rio do 25 de Abril<\/b>, o\u00a0<b>Festival Internacional de M\u00fasica BRAGAN\u00c7A CLASSICFEST<\/b>\u00a0prossegue a sua miss\u00e3o de\u00a0<b>acesso democr\u00e1tico \u00e0 excel\u00eancia art\u00edstica<\/b>, que, desde 2021, tem trazido a Bragan\u00e7a orquestras e m\u00fasicos consagrados \u2013 como as Orquestras de C\u00e2mara de Viena e de S\u00e3o Petersburgo, a Orquestra Sinf\u00f3nica das Ast\u00farias, os violinistas Esther Hoppe, Mario Hossen e Diana Tischenko, as cantoras Lena Belkina e Julia Muzychenko, o violetista G\u00e9rard Causs\u00e9, o clarinetista Pascal Moragu\u00e8s, entre muitos outros artistas de renome -, para memor\u00e1veis concertos esgotados por um p\u00fablico entusiasta e multigeracional.<\/p><p>A partir de 1 de Outubro, Dia Mundial da M\u00fasica, e durante duas semanas, o\u00a0<b>4\u00ba CLASSICFEST torna Bragan\u00e7a no epicentro da m\u00fasica cl\u00e1ssica \/ erudita em Portugal<\/b>, com uma programa\u00e7\u00e3o ecl\u00e9tica e aliciante, promovendo a celebra\u00e7\u00e3o da vida em comunidade por interm\u00e9dio da linguagem universal que \u00e9 a M\u00fasica.<\/p><p>Entre os artistas e agrupamentos presentes nesta\u00a0<b>4\u00aa edi\u00e7\u00e3o<\/b>, \u00e9 de destacar, desde logo no\u00a0<b>Concerto de Abertura<\/b>, duas artistas de excep\u00e7\u00e3o: as irm\u00e3s Samuil \u2013 a soprano Anna e a violinista Tatiana \u2013 , ambas solistas super-premiadas nos principais concursos internacionais e que v\u00eam a Bragan\u00e7a apresentar, em estreia portuguesa, o seu \u00faltimo projecto discogr\u00e1fico \u201c<b>Il Mondo Felice<\/b>\u201d.<\/p><p>Outros momentos altos da programa\u00e7\u00e3o do\u00a0<b>4\u00ba BRAGAN\u00c7A CLASSICFEST<\/b>\u00a0s\u00e3o os concertos de duas orquestras internacionais de refer\u00eancia:<br \/>A\u00a0<b>Orquestra Sinf\u00f3nica de Paris \u201cConsuelo\u201d<\/b>, um dos projectos orquestrais mais audaciosos dos \u00faltimos anos, que no dia 5 de Outubro, interpretar\u00e1 as extraordin\u00e1rias Sinfonias 6 e 8 de Ludwig van Beethoven, dando assim continuidade \u00e0\u00a0<b>Integral das Sinfonias de Beethoven no BRAGAN\u00c7A CLASSICFEST<\/b>, iniciada em 2023 com a 5\u00aa Sinfonia pela Orquestra Sinf\u00f3nica das Ast\u00farias.<br \/>No Concerto de Encerramento, a 12 de Outubro, a\u00a0<b>Orquestra Barroca de Veneza \u201cI Solisti Veneti\u201d\u00a0<\/b>, fundada em 1959 e considerada uma das orquestras barrocas mais conceituadas das \u00faltimas d\u00e9cadas \u2013 com uma extraordin\u00e1ria carreira de mais de 6000 concertos, em cerca de 90 pa\u00edses, e cerca de 350 \u00e1lbuns gravados para as melhores editoras \u2013 , que vem apresentar um concerto totalmente preenchido com m\u00fasica do famoso compositor veneziano\u00a0<b>Antonio Vivaldi<\/b>.<\/p><p>Esta 4\u00aa edi\u00e7\u00e3o ser\u00e1 tamb\u00e9m marcada pela celebra\u00e7\u00e3o dos\u00a0<b>500 anos do nascimento de Lu\u00eds Vaz de Cam\u00f5es<\/b>, com um d\u00edptico de concertos dedicados ao maior poeta de l\u00edngua portuguesa por agrupamentos de refer\u00eancia, nomeadamente o\u00a0<b>Concerto Atl\u00e2ntico<\/b>, dirigido pelo seu fundador Pedro Caldeira Cabral, e\u00a0<b>Sete L\u00e1grimas<\/b>, sob a dire\u00e7\u00e3o de Filipe Faria e S\u00e9rgio Peixoto.<\/p><p>Realce-se ainda a realiza\u00e7\u00e3o de concertos de homenagem a dois grandes vultos da cultura portuguesa das \u00faltimas d\u00e9cadas:<br \/><b>Ant\u00f3nio Victorino d\u2019Almeida<\/b>, cujos 70 anos de carreira celebramos na presen\u00e7a do pr\u00f3prio compositor e pianista, num concerto Carta Branca com v\u00e1rios convidados.<br \/><b>Ant\u00f3nio Mega Ferreira<\/b>, cuja obra liter\u00e1ria ser\u00e1 evocada com a interpreta\u00e7\u00e3o de m\u00fasica da sua predile\u00e7\u00e3o, nomeadamente o famoso ciclo \u201cQuadros de uma Exposi\u00e7\u00e3o\u201d, acompanhado por leituras, por\u00a0<b>Pedro Lamares<\/b>\u00a0e\u00a0<b>Filipa Leal<\/b>, de uma antologia de textos selecionados especialmente para esta homenagem por\u00a0<b>Marcelo Rebelo de Sousa<\/b>,\u00a0<b>Gra\u00e7a Morais<\/b>,\u00a0<b>Simonetta Luz Afonso<\/b>,\u00a0<b>Guilherme d\u2019Oliveira Martins<\/b>,\u00a0<b>Margarida Pinto Correia<\/b>, entre outros.<\/p><p>E,\u00a0<i>last but not least<\/i>, destaque para os concertos dos\u00a0<b>Ensembles Schostakovich e Juventus<\/b>, com a presen\u00e7a de m\u00fasicos consagrados e de jovens talentos, na interpreta\u00e7\u00e3o de obras de grandes compositores: de\u00a0<b>Mendelssohn a Dvo\u0159\u00e1k<\/b>, de\u00a0<b>Beethoven a Schostakovich<\/b>.<\/p><p>Paralelamente aos nove concertos desta 4\u00aa edi\u00e7\u00e3o, o\u00a0<b>BRAGAN\u00c7A CLASSICFEST<\/b>\u00a0continua o seu relevante\u00a0<b>eixo formativo e de sensibiliza\u00e7\u00e3o cultural<\/b>, com a realiza\u00e7\u00e3o de\u00a0<b>masterclasses e encontros<\/b>, com a participa\u00e7\u00e3o dos artistas presentes no festival e especialmente dirigidos aos m\u00fasicos e estudantes da cidade e da regi\u00e3o.<\/p><p>Importante marca do\u00a0<b>BRAGAN\u00c7A CLASSICFEST<\/b>, desde a 1\u00aa edi\u00e7\u00e3o, \u00e9 a realiza\u00e7\u00e3o de concertos em espa\u00e7os de grande riqueza patrimonial, como acontece em 2024 nas Igrejas de S\u00e3o Francisco e de Santa Maria, num salutar\u00a0<b>cruzamento entre M\u00fasica e Patrim\u00f3nio Hist\u00f3rico, Cultural e Arquitect\u00f3nico<\/b>\u00a0do territ\u00f3rio de Bragan\u00e7a.<\/p><p>Esta 4\u00aa edi\u00e7\u00e3o continua, assim, o caminho de consolida\u00e7\u00e3o do\u00a0<b>BRAGAN\u00c7A CLASSICFEST<\/b>\u00a0como\u00a0<b>evento cultural de excel\u00eancia, \u00e0 escala nacional e internacional<\/b>, contribuindo para a dinamiza\u00e7\u00e3o e prosperidade da regi\u00e3o.<\/p><p>O nosso bem-haja a todos os que tornam poss\u00edvel a realiza\u00e7\u00e3o do\u00a0<b>Festival Internacional de M\u00fasica BRAGAN\u00c7A CLASSICFEST<\/b>, come\u00e7ando pelo fundamental apoio da\u00a0<b>C\u00e2mara Municipal de Bragan\u00e7a<\/b>, do\u00a0<b>Teatro Municipal de Bragan\u00e7a<\/b>\u00a0e da\u00a0<b>DSCH Associa\u00e7\u00e3o Musical<\/b>, promotores e organizadores desta iniciativa louv\u00e1vel, e do mecenas do festival,\u00a0<b>BPI\/Funda\u00e7\u00e3o \u201cla Caixa\u201d<\/b>. Agradecemos ainda \u00e0\u00a0<b>Direc\u00e7\u00e3o-Geral das Artes<\/b>, \u00e0\u00a0<b>Diocese de Miranda-Bragan\u00e7a<\/b>, ao parceiro media\u00a0<b>RTP Antena 2\u00a0<\/b>e, especialmente, a\u00a0<b>Sua Excel\u00eancia o Presidente da Rep\u00fablica<\/b>, pelo\u00a0<b>Alto Patroc\u00ednio<\/b>\u00a0novamente concedido.<\/p>\t\t\t\t\t\t\t\t<\/div>\n\t\t\t\t<\/div>\n\t\t\t\t<div class=\"elementor-element elementor-element-d47b167 elementor-widget elementor-widget-text-editor\" data-id=\"d47b167\" data-element_type=\"widget\" data-e-type=\"widget\" data-widget_type=\"text-editor.default\">\n\t\t\t\t<div class=\"elementor-widget-container\">\n\t\t\t\t\t\t\t\t\t<p><span style=\"color: #929b3d;\"><strong>Filipe Pinto-Ribeiro<br \/><\/strong><\/span>Director Art\u00edstico do Festival Internacional de M\u00fasica Bragan\u00e7a ClassicFest<\/p>\t\t\t\t\t\t\t\t<\/div>\n\t\t\t\t<\/div>\n\t\t\t\t\t<\/div>\n\t\t\t\t<\/div>\n\t\t\t\t<\/div>\n\t\t<a class=\"elementor-element elementor-element-2291b593 elementor-hidden-mobile e-flex e-con-boxed e-con e-parent\" data-id=\"2291b593\" data-element_type=\"container\" data-e-type=\"container\" href=\"https:\/\/classicfest.pt\/apoios\/\">\n\t\t\t\t\t<div class=\"e-con-inner\">\n\t\t\t\t<div class=\"elementor-element elementor-element-2647e660 elementor-widget elementor-widget-image\" data-id=\"2647e660\" data-element_type=\"widget\" data-e-type=\"widget\" data-widget_type=\"image.default\">\n\t\t\t\t<div class=\"elementor-widget-container\">\n\t\t\t\t\t\t\t\t\t\t\t\t\t\t\t<img fetchpriority=\"high\" decoding=\"async\" width=\"1024\" height=\"160\" src=\"https:\/\/classicfest.pt\/wp-content\/uploads\/2024\/08\/Rodape-Desktop-PT.jpg\" class=\"attachment-large size-large wp-image-18071\" alt=\"\" srcset=\"https:\/\/classicfest.pt\/wp-content\/uploads\/2024\/08\/Rodape-Desktop-PT.jpg 1024w, https:\/\/classicfest.pt\/wp-content\/uploads\/2024\/08\/Rodape-Desktop-PT-300x47.jpg 300w, https:\/\/classicfest.pt\/wp-content\/uploads\/2024\/08\/Rodape-Desktop-PT-768x120.jpg 768w, https:\/\/classicfest.pt\/wp-content\/uploads\/2024\/08\/Rodape-Desktop-PT-18x3.jpg 18w\" sizes=\"(max-width: 1024px) 100vw, 1024px\" \/>\t\t\t\t\t\t\t\t\t\t\t\t\t\t\t<\/div>\n\t\t\t\t<\/div>\n\t\t\t\t\t<\/div>\n\t\t\t\t<\/a>\n\t\t<a class=\"elementor-element elementor-element-4746b033 elementor-hidden-desktop elementor-hidden-tablet e-flex e-con-boxed e-con e-parent\" data-id=\"4746b033\" data-element_type=\"container\" data-e-type=\"container\" href=\"https:\/\/classicfest.pt\/apoios\/\">\n\t\t\t\t\t<div class=\"e-con-inner\">\n\t\t\t\t<div class=\"elementor-element elementor-element-1d2b3e91 elementor-widget elementor-widget-image\" data-id=\"1d2b3e91\" data-element_type=\"widget\" data-e-type=\"widget\" data-widget_type=\"image.default\">\n\t\t\t\t<div class=\"elementor-widget-container\">\n\t\t\t\t\t\t\t\t\t\t\t\t\t\t\t<img decoding=\"async\" width=\"716\" height=\"711\" src=\"https:\/\/classicfest.pt\/wp-content\/uploads\/2024\/08\/Logos-Rodape-MOBILE-PT.jpg\" class=\"attachment-large size-large wp-image-17758\" alt=\"\" srcset=\"https:\/\/classicfest.pt\/wp-content\/uploads\/2024\/08\/Logos-Rodape-MOBILE-PT.jpg 716w, https:\/\/classicfest.pt\/wp-content\/uploads\/2024\/08\/Logos-Rodape-MOBILE-PT-300x298.jpg 300w, https:\/\/classicfest.pt\/wp-content\/uploads\/2024\/08\/Logos-Rodape-MOBILE-PT-150x150.jpg 150w, https:\/\/classicfest.pt\/wp-content\/uploads\/2024\/08\/Logos-Rodape-MOBILE-PT-12x12.jpg 12w\" sizes=\"(max-width: 716px) 100vw, 716px\" \/>\t\t\t\t\t\t\t\t\t\t\t\t\t\t\t<\/div>\n\t\t\t\t<\/div>\n\t\t\t\t\t<\/div>\n\t\t\t\t<\/a>\n\t\t<div class=\"elementor-element elementor-element-1e4e510a e-con-full e-flex e-con e-parent\" data-id=\"1e4e510a\" data-element_type=\"container\" data-e-type=\"container\" data-settings=\"{&quot;background_background&quot;:&quot;classic&quot;}\">\n\t\t\t\t<div class=\"elementor-element elementor-element-6460815e elementor-shape-circle elementor-grid-tablet-1 elementor-grid-mobile-1 e-grid-align-tablet-center e-grid-align-mobile-right elementor-widget__width-auto elementor-grid-0 e-grid-align-center elementor-widget elementor-widget-social-icons\" data-id=\"6460815e\" data-element_type=\"widget\" data-e-type=\"widget\" data-widget_type=\"social-icons.default\">\n\t\t\t\t<div class=\"elementor-widget-container\">\n\t\t\t\t\t\t\t<div class=\"elementor-social-icons-wrapper elementor-grid\" role=\"list\">\n\t\t\t\t\t\t\t<span class=\"elementor-grid-item\" role=\"listitem\">\n\t\t\t\t\t<a class=\"elementor-icon elementor-social-icon elementor-social-icon-instagram elementor-animation-shrink elementor-repeater-item-24c98ab\" href=\"https:\/\/www.instagram.com\/festivalbraganca\/\" target=\"_blank\">\n\t\t\t\t\t\t<span class=\"elementor-screen-only\">Instagram<\/span>\n\t\t\t\t\t\t<i aria-hidden=\"true\" class=\"fab fa-instagram\"><\/i>\t\t\t\t\t<\/a>\n\t\t\t\t<\/span>\n\t\t\t\t\t\t\t<span class=\"elementor-grid-item\" role=\"listitem\">\n\t\t\t\t\t<a class=\"elementor-icon elementor-social-icon elementor-social-icon-facebook elementor-animation-shrink elementor-repeater-item-efdf808\" href=\"https:\/\/www.facebook.com\/profile.php?id=100072707430882\" target=\"_blank\">\n\t\t\t\t\t\t<span class=\"elementor-screen-only\">Facebook<\/span>\n\t\t\t\t\t\t<i aria-hidden=\"true\" class=\"fab fa-facebook\"><\/i>\t\t\t\t\t<\/a>\n\t\t\t\t<\/span>\n\t\t\t\t\t\t\t<span class=\"elementor-grid-item\" role=\"listitem\">\n\t\t\t\t\t<a class=\"elementor-icon elementor-social-icon elementor-social-icon-x-twitter elementor-animation-shrink elementor-repeater-item-75e472a\" href=\"https:\/\/x.com\/classicfestbrag\" target=\"_blank\">\n\t\t\t\t\t\t<span class=\"elementor-screen-only\">X-twitter<\/span>\n\t\t\t\t\t\t<i aria-hidden=\"true\" class=\"fab fa-x-twitter\"><\/i>\t\t\t\t\t<\/a>\n\t\t\t\t<\/span>\n\t\t\t\t\t<\/div>\n\t\t\t\t\t\t<\/div>\n\t\t\t\t<\/div>\n\t\t\t\t<div class=\"elementor-element elementor-element-1fc3a758 elementor-widget elementor-widget-theme-site-logo elementor-widget-image\" data-id=\"1fc3a758\" data-element_type=\"widget\" data-e-type=\"widget\" data-widget_type=\"theme-site-logo.default\">\n\t\t\t\t<div class=\"elementor-widget-container\">\n\t\t\t\t\t\t\t\t\t\t\t<a href=\"https:\/\/classicfest.pt\/pt\">\n\t\t\t<img loading=\"lazy\" decoding=\"async\" width=\"300\" height=\"149\" src=\"https:\/\/classicfest.pt\/wp-content\/uploads\/2021\/09\/BCF_LOGO-Laranja-final-300x149.png\" class=\"attachment-medium size-medium wp-image-17904\" alt=\"\" srcset=\"https:\/\/classicfest.pt\/wp-content\/uploads\/2021\/09\/BCF_LOGO-Laranja-final-300x149.png 300w, https:\/\/classicfest.pt\/wp-content\/uploads\/2021\/09\/BCF_LOGO-Laranja-final-1024x509.png 1024w, https:\/\/classicfest.pt\/wp-content\/uploads\/2021\/09\/BCF_LOGO-Laranja-final-768x382.png 768w, https:\/\/classicfest.pt\/wp-content\/uploads\/2021\/09\/BCF_LOGO-Laranja-final-1536x764.png 1536w, https:\/\/classicfest.pt\/wp-content\/uploads\/2021\/09\/BCF_LOGO-Laranja-final-2048x1018.png 2048w, https:\/\/classicfest.pt\/wp-content\/uploads\/2021\/09\/BCF_LOGO-Laranja-final-18x9.png 18w\" sizes=\"(max-width: 300px) 100vw, 300px\" \/>\t\t\t\t<\/a>\n\t\t\t\t\t\t\t\t\t\t\t<\/div>\n\t\t\t\t<\/div>\n\t\t\t\t<div class=\"elementor-element elementor-element-2d3d6646 elementor-widget__width-inherit elementor-widget elementor-widget-text-editor\" data-id=\"2d3d6646\" data-element_type=\"widget\" data-e-type=\"widget\" data-widget_type=\"text-editor.default\">\n\t\t\t\t<div class=\"elementor-widget-container\">\n\t\t\t\t\t\t\t\t\t<p>\u00a9 Bragan\u00e7a ClassicFest 2025| Built by <a href=\"https:\/\/awd.pt\" target=\"_blank\" rel=\"noopener\">AWD<\/a><\/p>\t\t\t\t\t\t\t\t<\/div>\n\t\t\t\t<\/div>\n\t\t\t\t<\/div>\n\t\t<div class=\"elementor-element elementor-element-785cc4c0 e-flex e-con-boxed e-con e-parent\" data-id=\"785cc4c0\" data-element_type=\"container\" data-e-type=\"container\">\n\t\t\t\t\t<div class=\"e-con-inner\">\n\t\t\t\t\t<\/div>\n\t\t\t\t<\/div>\n\t\t\t\t<\/div>\n\t\t","protected":false},"excerpt":{"rendered":"<p>Edi\u00e7\u00e3o 2024 Bragan\u00e7a Classic Fest 20244\u00aa edi\u00e7\u00e3o Neste ano de\u00a02024\u00a0em que celebramos o\u00a0cinquenten\u00e1rio do 25 de Abril, o\u00a0Festival Internacional de M\u00fasica BRAGAN\u00c7A CLASSICFEST\u00a0prossegue a sua miss\u00e3o de\u00a0acesso democr\u00e1tico \u00e0 excel\u00eancia art\u00edstica, que, desde 2021, tem trazido a Bragan\u00e7a orquestras e m\u00fasicos consagrados \u2013 como as Orquestras de C\u00e2mara de Viena e de S\u00e3o Petersburgo, a [&hellip;]<\/p>\n","protected":false},"author":9,"featured_media":0,"parent":0,"menu_order":0,"comment_status":"closed","ping_status":"closed","template":"","meta":{"_acf_changed":false,"footnotes":""},"class_list":["post-18140","page","type-page","status-publish","hentry","entry"],"acf":[],"_links":{"self":[{"href":"https:\/\/classicfest.pt\/pt\/wp-json\/wp\/v2\/pages\/18140","targetHints":{"allow":["GET"]}}],"collection":[{"href":"https:\/\/classicfest.pt\/pt\/wp-json\/wp\/v2\/pages"}],"about":[{"href":"https:\/\/classicfest.pt\/pt\/wp-json\/wp\/v2\/types\/page"}],"author":[{"embeddable":true,"href":"https:\/\/classicfest.pt\/pt\/wp-json\/wp\/v2\/users\/9"}],"replies":[{"embeddable":true,"href":"https:\/\/classicfest.pt\/pt\/wp-json\/wp\/v2\/comments?post=18140"}],"version-history":[{"count":31,"href":"https:\/\/classicfest.pt\/pt\/wp-json\/wp\/v2\/pages\/18140\/revisions"}],"predecessor-version":[{"id":18469,"href":"https:\/\/classicfest.pt\/pt\/wp-json\/wp\/v2\/pages\/18140\/revisions\/18469"}],"wp:attachment":[{"href":"https:\/\/classicfest.pt\/pt\/wp-json\/wp\/v2\/media?parent=18140"}],"curies":[{"name":"wp","href":"https:\/\/api.w.org\/{rel}","templated":true}]}}