{"id":1502,"date":"2023-08-20T21:04:28","date_gmt":"2023-08-20T21:04:28","guid":{"rendered":"https:\/\/classicfest.pt\/?page_id=1502"},"modified":"2023-11-28T21:48:21","modified_gmt":"2023-11-28T21:48:21","slug":"adriana-ferreira","status":"publish","type":"page","link":"https:\/\/classicfest.pt\/pt\/adriana-ferreira\/","title":{"rendered":"Adriana Ferreira"},"content":{"rendered":"\t\t<div data-elementor-type=\"wp-page\" data-elementor-id=\"1502\" class=\"elementor elementor-1502\" data-elementor-post-type=\"page\">\n\t\t\t\t\t\t<section class=\"elementor-section elementor-top-section elementor-element elementor-element-52e4cd6f elementor-section-boxed elementor-section-height-default elementor-section-height-default\" data-id=\"52e4cd6f\" data-element_type=\"section\" data-e-type=\"section\">\n\t\t\t\t\t\t<div class=\"elementor-container elementor-column-gap-default\">\n\t\t\t\t\t<div class=\"elementor-column elementor-col-16 elementor-top-column elementor-element elementor-element-7b120046\" data-id=\"7b120046\" data-element_type=\"column\" data-e-type=\"column\">\n\t\t\t<div class=\"elementor-widget-wrap\">\n\t\t\t\t\t\t\t<\/div>\n\t\t<\/div>\n\t\t\t\t<div class=\"elementor-column elementor-col-66 elementor-top-column elementor-element elementor-element-a8f2419\" data-id=\"a8f2419\" data-element_type=\"column\" data-e-type=\"column\">\n\t\t\t<div class=\"elementor-widget-wrap elementor-element-populated\">\n\t\t\t\t\t\t<div class=\"elementor-element elementor-element-2b84a9a2 elementor-widget elementor-widget-spacer\" data-id=\"2b84a9a2\" data-element_type=\"widget\" data-e-type=\"widget\" data-widget_type=\"spacer.default\">\n\t\t\t\t<div class=\"elementor-widget-container\">\n\t\t\t\t\t\t\t<div class=\"elementor-spacer\">\n\t\t\t<div class=\"elementor-spacer-inner\"><\/div>\n\t\t<\/div>\n\t\t\t\t\t\t<\/div>\n\t\t\t\t<\/div>\n\t\t\t\t\t<\/div>\n\t\t<\/div>\n\t\t\t\t<div class=\"elementor-column elementor-col-16 elementor-top-column elementor-element elementor-element-260d2637\" data-id=\"260d2637\" data-element_type=\"column\" data-e-type=\"column\">\n\t\t\t<div class=\"elementor-widget-wrap\">\n\t\t\t\t\t\t\t<\/div>\n\t\t<\/div>\n\t\t\t\t\t<\/div>\n\t\t<\/section>\n\t\t\t\t<section class=\"elementor-section elementor-top-section elementor-element elementor-element-5e1ac9e5 elementor-section-boxed elementor-section-height-default elementor-section-height-default\" data-id=\"5e1ac9e5\" data-element_type=\"section\" data-e-type=\"section\" data-settings=\"{&quot;background_background&quot;:&quot;classic&quot;}\">\n\t\t\t\t\t\t<div class=\"elementor-container elementor-column-gap-default\">\n\t\t\t\t\t<div class=\"elementor-column elementor-col-25 elementor-top-column elementor-element elementor-element-39ca1881\" data-id=\"39ca1881\" data-element_type=\"column\" data-e-type=\"column\">\n\t\t\t<div class=\"elementor-widget-wrap\">\n\t\t\t\t\t\t\t<\/div>\n\t\t<\/div>\n\t\t\t\t<div class=\"elementor-column elementor-col-25 elementor-top-column elementor-element elementor-element-be1998f\" data-id=\"be1998f\" data-element_type=\"column\" data-e-type=\"column\">\n\t\t\t<div class=\"elementor-widget-wrap elementor-element-populated\">\n\t\t\t\t\t\t<div class=\"elementor-element elementor-element-7a216512 elementor-widget elementor-widget-image\" data-id=\"7a216512\" data-element_type=\"widget\" data-e-type=\"widget\" data-widget_type=\"image.default\">\n\t\t\t\t<div class=\"elementor-widget-container\">\n\t\t\t\t\t\t\t\t\t\t\t\t<figure class=\"wp-caption\">\n\t\t\t\t\t\t\t\t\t\t<img fetchpriority=\"high\" decoding=\"async\" width=\"400\" height=\"400\" src=\"https:\/\/classicfest.pt\/wp-content\/uploads\/2023\/08\/ARTISTAS7.jpg\" class=\"attachment-medium_large size-medium_large wp-image-4922\" alt=\"\" srcset=\"https:\/\/classicfest.pt\/wp-content\/uploads\/2023\/08\/ARTISTAS7.jpg 400w, https:\/\/classicfest.pt\/wp-content\/uploads\/2023\/08\/ARTISTAS7-300x300.jpg 300w, https:\/\/classicfest.pt\/wp-content\/uploads\/2023\/08\/ARTISTAS7-150x150.jpg 150w, https:\/\/classicfest.pt\/wp-content\/uploads\/2023\/08\/ARTISTAS7-12x12.jpg 12w\" sizes=\"(max-width: 400px) 100vw, 400px\" \/>\t\t\t\t\t\t\t\t\t\t\t<figcaption class=\"widget-image-caption wp-caption-text\"><\/figcaption>\n\t\t\t\t\t\t\t\t\t\t<\/figure>\n\t\t\t\t\t\t\t\t\t<\/div>\n\t\t\t\t<\/div>\n\t\t\t\t\t<\/div>\n\t\t<\/div>\n\t\t\t\t<div class=\"elementor-column elementor-col-25 elementor-top-column elementor-element elementor-element-2cd300f7\" data-id=\"2cd300f7\" data-element_type=\"column\" data-e-type=\"column\">\n\t\t\t<div class=\"elementor-widget-wrap elementor-element-populated\">\n\t\t\t\t\t\t<div class=\"elementor-element elementor-element-73e756f6 elementor-widget elementor-widget-heading\" data-id=\"73e756f6\" data-element_type=\"widget\" data-e-type=\"widget\" data-widget_type=\"heading.default\">\n\t\t\t\t<div class=\"elementor-widget-container\">\n\t\t\t\t\t<h4 class=\"elementor-heading-title elementor-size-large\">Adriana Ferreira<\/h4>\t\t\t\t<\/div>\n\t\t\t\t<\/div>\n\t\t\t\t<div class=\"elementor-element elementor-element-7ba2fd4a elementor-widget elementor-widget-text-editor\" data-id=\"7ba2fd4a\" data-element_type=\"widget\" data-e-type=\"widget\" data-widget_type=\"text-editor.default\">\n\t\t\t\t<div class=\"elementor-widget-container\">\n\t\t\t\t\t\t\t\t\t<p>Adriana Ferreira \u00e9 actualmente Flautista Principal da Orquestra da Academia Nacional de Santa Cec\u00edlia, em Roma. Ocupou o mesmo lugar na Orquestra Filarm\u00f3nica de Roterd\u00e3o e na Orquestra Nacional de Fran\u00e7a, em Paris.<br \/>Em 2009, aos dezoito anos, obt\u00e9m o 1\u00ba Pr\u00e9mio no Concurso de Interpreta\u00e7\u00e3o do Estoril &#8211; Pr\u00e9mio El Corte-Ingl\u00e8s. No ano seguinte, \u00e9 distinguida com o 1\u00ba Pr\u00e9mio no prestigiado Concurso Internacional de Flauta Carl Nielsen, na Dinamarca.<br \/>Em 2013, \u00e9 laureada no Jap\u00e3o com o 3\u00ba Pr\u00e9mio no Concurso Internacional de Kobe e, em 2014, o 1\u00ba Pr\u00e9mio e o Pr\u00e9mio Darmstadt no Concurso Internacional Severino Gazzelloni em It\u00e1lia. No mesmo ano, obt\u00e9m o 2\u00ba Pr\u00e9mio ex-\u00e6quo no Concurso Internacional de Genebra, na Su\u00ed\u00e7a.<br \/>Apresentou-se em diversos festivais bem como a solo com as orquestras de c\u00e2mara do Kremlin, de Col\u00f3nia e de Genebra, Sinf\u00f3nica de Odense, Orquestra Gulbenkian e Sun Symphony Orchestra de Han\u00f3i, entre outras. Colaborou com v\u00e1rios compositores e estreou diversas obras, entre as quais o Concerto para flauta e orquestra de Joaquim dos Santos, a si dedicado.<br \/>Colaborou com a Orquestra de C\u00e2mara da Europa, Filarm\u00f3nica da Scala de Mil\u00e3o, Les Dissonances, Orquestra da R\u00e1dio Finlandesa, entre outras, tocando regularmente com a Orquestra XXI.<br \/>Natural de Cabeceiras de Basto, Adriana Ferreira come\u00e7ou a estudar flauta transversal na Banda Cabeceirense, prosseguindo os seus estudos na Escola Profissional Art\u00edstica do Vale do Ave &#8211; ARTAVE, na classe de flauta de Joaquina Mota. Como bolseira da Funda\u00e7\u00e3o Calouste Gulbenkian, integrou a classe de Sophie Cherrier, Vincent Lucas e Pierre Dumail no Conservat\u00f3rio de Paris, onde completou o Mestrado e o 3\u00ba Ciclo superior, sob a orienta\u00e7\u00e3o de Hae-Sun Kang. Estudou ainda com Beno\u00eet Fromanger na Hochschule Hanns Eisler de Berlim e \u00e9 licenciada em Musicologia pela Universidade Paris-Sorbonne (Paris IV).<br \/>Em 2015, obteve a Medalha de M\u00e9rito P\u00fablico \u2013 Grau Ouro \u2013 do Munic\u00edpio de Cabeceiras de Basto.<\/p>\t\t\t\t\t\t\t\t<\/div>\n\t\t\t\t<\/div>\n\t\t\t\t<div class=\"elementor-element elementor-element-70bcae3 elementor-widget elementor-widget-spacer\" data-id=\"70bcae3\" data-element_type=\"widget\" data-e-type=\"widget\" data-widget_type=\"spacer.default\">\n\t\t\t\t<div class=\"elementor-widget-container\">\n\t\t\t\t\t\t\t<div class=\"elementor-spacer\">\n\t\t\t<div class=\"elementor-spacer-inner\"><\/div>\n\t\t<\/div>\n\t\t\t\t\t\t<\/div>\n\t\t\t\t<\/div>\n\t\t\t\t<div class=\"elementor-element elementor-element-786bbc4 elementor-widget elementor-widget-text-editor\" data-id=\"786bbc4\" data-element_type=\"widget\" data-e-type=\"widget\" data-widget_type=\"text-editor.default\">\n\t\t\t\t<div class=\"elementor-widget-container\">\n\t\t\t\t\t\t\t\t\t<p><span style=\"color: #007681;\"><strong>05 Outubro 21h00<\/strong>\u00a0&#8211;\u00a0<\/span><span style=\"font-size: 16px; color: #333333;\">Igreja de S\u00e3o Francisco<br \/><\/span><a href=\"https:\/\/classicfest.pt\/mozart-fest\/\"><strong><span lang=\"PT\">MOZART FEST<\/span><\/strong><\/a><\/p><p><span style=\"color: #007681;\"><strong>07 Outubro 21h00<\/strong>\u00a0&#8211;\u00a0<\/span><span style=\"font-size: 16px; color: #333333;\">Teatro Municipal de Bragan\u00e7a<br \/><\/span><a href=\"https:\/\/classicfest.pt\/concerto-de-encerramento\/\"><strong><span lang=\"PT\">CONCERTO DE ENCERRAMENTO<br \/>A GRANDE FANTASIA<\/span><\/strong><\/a><\/p>\t\t\t\t\t\t\t\t<\/div>\n\t\t\t\t<\/div>\n\t\t\t\t\t<\/div>\n\t\t<\/div>\n\t\t\t\t<div class=\"elementor-column elementor-col-25 elementor-top-column elementor-element elementor-element-6e692d5c\" data-id=\"6e692d5c\" data-element_type=\"column\" data-e-type=\"column\">\n\t\t\t<div class=\"elementor-widget-wrap\">\n\t\t\t\t\t\t\t<\/div>\n\t\t<\/div>\n\t\t\t\t\t<\/div>\n\t\t<\/section>\n\t\t\t\t<section class=\"elementor-section elementor-top-section elementor-element elementor-element-4db6c183 elementor-section-boxed elementor-section-height-default elementor-section-height-default\" data-id=\"4db6c183\" data-element_type=\"section\" data-e-type=\"section\">\n\t\t\t\t\t\t<div class=\"elementor-container elementor-column-gap-default\">\n\t\t\t\t\t<div class=\"elementor-column elementor-col-25 elementor-top-column elementor-element elementor-element-244b05a8\" data-id=\"244b05a8\" data-element_type=\"column\" data-e-type=\"column\">\n\t\t\t<div class=\"elementor-widget-wrap\">\n\t\t\t\t\t\t\t<\/div>\n\t\t<\/div>\n\t\t\t\t<div class=\"elementor-column elementor-col-25 elementor-top-column elementor-element elementor-element-d0ea3db\" data-id=\"d0ea3db\" data-element_type=\"column\" data-e-type=\"column\">\n\t\t\t<div class=\"elementor-widget-wrap elementor-element-populated\">\n\t\t\t\t\t\t<div class=\"elementor-element elementor-element-100c595c elementor-align-right elementor-mobile-align-center elementor-widget elementor-widget-button\" data-id=\"100c595c\" data-element_type=\"widget\" data-e-type=\"widget\" data-widget_type=\"button.default\">\n\t\t\t\t<div class=\"elementor-widget-container\">\n\t\t\t\t\t\t\t\t\t<div class=\"elementor-button-wrapper\">\n\t\t\t\t\t<a class=\"elementor-button elementor-button-link elementor-size-sm elementor-animation-shrink\" href=\"https:\/\/classicfest.pt\/dsch-schostakovich-ensemble\/\">\n\t\t\t\t\t\t<span class=\"elementor-button-content-wrapper\">\n\t\t\t\t\t\t\t\t\t<span class=\"elementor-button-text\">ANTERIOR<\/span>\n\t\t\t\t\t<\/span>\n\t\t\t\t\t<\/a>\n\t\t\t\t<\/div>\n\t\t\t\t\t\t\t\t<\/div>\n\t\t\t\t<\/div>\n\t\t\t\t\t<\/div>\n\t\t<\/div>\n\t\t\t\t<div class=\"elementor-column elementor-col-25 elementor-top-column elementor-element elementor-element-4298e619\" data-id=\"4298e619\" data-element_type=\"column\" data-e-type=\"column\">\n\t\t\t<div class=\"elementor-widget-wrap elementor-element-populated\">\n\t\t\t\t\t\t<div class=\"elementor-element elementor-element-3570622b elementor-align-left elementor-mobile-align-center elementor-widget elementor-widget-button\" data-id=\"3570622b\" data-element_type=\"widget\" data-e-type=\"widget\" data-widget_type=\"button.default\">\n\t\t\t\t<div class=\"elementor-widget-container\">\n\t\t\t\t\t\t\t\t\t<div class=\"elementor-button-wrapper\">\n\t\t\t\t\t<a class=\"elementor-button elementor-button-link elementor-size-sm elementor-animation-shrink\" href=\"https:\/\/classicfest.pt\/pascal-moragues\/\">\n\t\t\t\t\t\t<span class=\"elementor-button-content-wrapper\">\n\t\t\t\t\t\t\t\t\t<span class=\"elementor-button-text\">PR\u00d3XIMO<\/span>\n\t\t\t\t\t<\/span>\n\t\t\t\t\t<\/a>\n\t\t\t\t<\/div>\n\t\t\t\t\t\t\t\t<\/div>\n\t\t\t\t<\/div>\n\t\t\t\t\t<\/div>\n\t\t<\/div>\n\t\t\t\t<div class=\"elementor-column elementor-col-25 elementor-top-column elementor-element elementor-element-62fdb6be\" data-id=\"62fdb6be\" data-element_type=\"column\" data-e-type=\"column\">\n\t\t\t<div class=\"elementor-widget-wrap\">\n\t\t\t\t\t\t\t<\/div>\n\t\t<\/div>\n\t\t\t\t\t<\/div>\n\t\t<\/section>\n\t\t\t\t<section class=\"elementor-section elementor-top-section elementor-element elementor-element-2060f78c elementor-section-boxed elementor-section-height-default elementor-section-height-default\" data-id=\"2060f78c\" data-element_type=\"section\" data-e-type=\"section\">\n\t\t\t\t\t\t<div class=\"elementor-container elementor-column-gap-default\">\n\t\t\t\t\t<div class=\"elementor-column elementor-col-33 elementor-top-column elementor-element elementor-element-4adbdd4c\" data-id=\"4adbdd4c\" data-element_type=\"column\" data-e-type=\"column\">\n\t\t\t<div class=\"elementor-widget-wrap elementor-element-populated\">\n\t\t\t\t\t\t<div class=\"elementor-element elementor-element-3ade0040 elementor-widget elementor-widget-image\" data-id=\"3ade0040\" data-element_type=\"widget\" data-e-type=\"widget\" data-widget_type=\"image.default\">\n\t\t\t\t<div class=\"elementor-widget-container\">\n\t\t\t\t\t\t\t\t\t\t\t\t\t\t\t\t<a href=\"https:\/\/www.presidencia.pt\/\" target=\"_blank\">\n\t\t\t\t\t\t\t<img decoding=\"async\" width=\"820\" height=\"237\" src=\"https:\/\/classicfest.pt\/wp-content\/uploads\/2022\/08\/presidente.jpg\" class=\"attachment-large size-large wp-image-2877\" alt=\"\" srcset=\"https:\/\/classicfest.pt\/wp-content\/uploads\/2022\/08\/presidente.jpg 820w, https:\/\/classicfest.pt\/wp-content\/uploads\/2022\/08\/presidente-300x87.jpg 300w, https:\/\/classicfest.pt\/wp-content\/uploads\/2022\/08\/presidente-768x222.jpg 768w, https:\/\/classicfest.pt\/wp-content\/uploads\/2022\/08\/presidente-18x5.jpg 18w\" sizes=\"(max-width: 820px) 100vw, 820px\" \/>\t\t\t\t\t\t\t\t<\/a>\n\t\t\t\t\t\t\t\t\t\t\t\t\t\t\t<\/div>\n\t\t\t\t<\/div>\n\t\t\t\t\t<\/div>\n\t\t<\/div>\n\t\t\t\t<div class=\"elementor-column elementor-col-33 elementor-top-column elementor-element elementor-element-1fdc2274\" data-id=\"1fdc2274\" data-element_type=\"column\" data-e-type=\"column\">\n\t\t\t<div class=\"elementor-widget-wrap elementor-element-populated\">\n\t\t\t\t\t\t<div class=\"elementor-element elementor-element-28f93e6f elementor-widget elementor-widget-image\" data-id=\"28f93e6f\" data-element_type=\"widget\" data-e-type=\"widget\" data-widget_type=\"image.default\">\n\t\t\t\t<div class=\"elementor-widget-container\">\n\t\t\t\t\t\t\t\t\t\t\t\t\t\t\t\t<a href=\"https:\/\/www.cm-braganca.pt\" target=\"_blank\">\n\t\t\t\t\t\t\t<img decoding=\"async\" width=\"870\" height=\"299\" src=\"https:\/\/classicfest.pt\/wp-content\/uploads\/2021\/09\/CMun_braganca_org_.jpg\" class=\"attachment-large size-large wp-image-1600\" alt=\"\" srcset=\"https:\/\/classicfest.pt\/wp-content\/uploads\/2021\/09\/CMun_braganca_org_.jpg 870w, https:\/\/classicfest.pt\/wp-content\/uploads\/2021\/09\/CMun_braganca_org_-300x103.jpg 300w, https:\/\/classicfest.pt\/wp-content\/uploads\/2021\/09\/CMun_braganca_org_-768x264.jpg 768w, https:\/\/classicfest.pt\/wp-content\/uploads\/2021\/09\/CMun_braganca_org_-18x6.jpg 18w\" sizes=\"(max-width: 870px) 100vw, 870px\" \/>\t\t\t\t\t\t\t\t<\/a>\n\t\t\t\t\t\t\t\t\t\t\t\t\t\t\t<\/div>\n\t\t\t\t<\/div>\n\t\t\t\t\t<\/div>\n\t\t<\/div>\n\t\t\t\t<div class=\"elementor-column elementor-col-33 elementor-top-column elementor-element elementor-element-71419db0\" data-id=\"71419db0\" data-element_type=\"column\" data-e-type=\"column\">\n\t\t\t<div class=\"elementor-widget-wrap elementor-element-populated\">\n\t\t\t\t\t\t<div class=\"elementor-element elementor-element-4f1ed9ed elementor-widget elementor-widget-image\" data-id=\"4f1ed9ed\" data-element_type=\"widget\" data-e-type=\"widget\" data-widget_type=\"image.default\">\n\t\t\t\t<div class=\"elementor-widget-container\">\n\t\t\t\t\t\t\t\t\t\t\t\t\t\t\t\t<a href=\"https:\/\/teatromunicipal.cm-braganca.pt\/\" target=\"_blank\">\n\t\t\t\t\t\t\t<img loading=\"lazy\" decoding=\"async\" width=\"800\" height=\"342\" src=\"https:\/\/classicfest.pt\/wp-content\/uploads\/2021\/09\/TMB_LOGO-cor.jpg\" class=\"attachment-large size-large wp-image-592\" alt=\"\" srcset=\"https:\/\/classicfest.pt\/wp-content\/uploads\/2021\/09\/TMB_LOGO-cor.jpg 800w, https:\/\/classicfest.pt\/wp-content\/uploads\/2021\/09\/TMB_LOGO-cor-300x128.jpg 300w, https:\/\/classicfest.pt\/wp-content\/uploads\/2021\/09\/TMB_LOGO-cor-768x328.jpg 768w\" sizes=\"(max-width: 800px) 100vw, 800px\" \/>\t\t\t\t\t\t\t\t<\/a>\n\t\t\t\t\t\t\t\t\t\t\t\t\t\t\t<\/div>\n\t\t\t\t<\/div>\n\t\t\t\t\t<\/div>\n\t\t<\/div>\n\t\t\t\t\t<\/div>\n\t\t<\/section>\n\t\t\t\t<section class=\"elementor-section elementor-top-section elementor-element elementor-element-419816d4 elementor-section-boxed elementor-section-height-default elementor-section-height-default\" data-id=\"419816d4\" data-element_type=\"section\" data-e-type=\"section\">\n\t\t\t\t\t\t<div class=\"elementor-container elementor-column-gap-default\">\n\t\t\t\t\t<div class=\"elementor-column elementor-col-25 elementor-top-column elementor-element elementor-element-6eceb068\" data-id=\"6eceb068\" data-element_type=\"column\" data-e-type=\"column\">\n\t\t\t<div class=\"elementor-widget-wrap\">\n\t\t\t\t\t\t\t<\/div>\n\t\t<\/div>\n\t\t\t\t<div class=\"elementor-column elementor-col-25 elementor-top-column elementor-element elementor-element-74d9b29c\" data-id=\"74d9b29c\" data-element_type=\"column\" data-e-type=\"column\">\n\t\t\t<div class=\"elementor-widget-wrap elementor-element-populated\">\n\t\t\t\t\t\t<div class=\"elementor-element elementor-element-6da35c78 elementor-widget elementor-widget-image\" data-id=\"6da35c78\" data-element_type=\"widget\" data-e-type=\"widget\" data-widget_type=\"image.default\">\n\t\t\t\t<div class=\"elementor-widget-container\">\n\t\t\t\t\t\t\t\t\t\t\t\t\t\t\t\t<a href=\"https:\/\/www.dsch.pt\" target=\"_blank\">\n\t\t\t\t\t\t\t<img loading=\"lazy\" decoding=\"async\" width=\"1024\" height=\"360\" src=\"https:\/\/classicfest.pt\/wp-content\/uploads\/2021\/09\/dsch_redbase-1024x360.png\" class=\"attachment-large size-large wp-image-593\" alt=\"\" srcset=\"https:\/\/classicfest.pt\/wp-content\/uploads\/2021\/09\/dsch_redbase-1024x360.png 1024w, https:\/\/classicfest.pt\/wp-content\/uploads\/2021\/09\/dsch_redbase-300x105.png 300w, https:\/\/classicfest.pt\/wp-content\/uploads\/2021\/09\/dsch_redbase-768x270.png 768w, https:\/\/classicfest.pt\/wp-content\/uploads\/2021\/09\/dsch_redbase.png 1067w\" sizes=\"(max-width: 1024px) 100vw, 1024px\" \/>\t\t\t\t\t\t\t\t<\/a>\n\t\t\t\t\t\t\t\t\t\t\t\t\t\t\t<\/div>\n\t\t\t\t<\/div>\n\t\t\t\t\t<\/div>\n\t\t<\/div>\n\t\t\t\t<div class=\"elementor-column elementor-col-25 elementor-top-column elementor-element elementor-element-611acb04\" data-id=\"611acb04\" data-element_type=\"column\" data-e-type=\"column\">\n\t\t\t<div class=\"elementor-widget-wrap elementor-element-populated\">\n\t\t\t\t\t\t<div class=\"elementor-element elementor-element-2aa20634 elementor-widget elementor-widget-image\" data-id=\"2aa20634\" data-element_type=\"widget\" data-e-type=\"widget\" data-widget_type=\"image.default\">\n\t\t\t\t<div class=\"elementor-widget-container\">\n\t\t\t\t\t\t\t\t\t\t\t\t\t\t\t\t<a href=\"https:\/\/fundacaolacaixa.pt\/pt\/home\" target=\"_blank\">\n\t\t\t\t\t\t\t<img loading=\"lazy\" decoding=\"async\" width=\"606\" height=\"153\" src=\"https:\/\/classicfest.pt\/wp-content\/uploads\/2021\/09\/BPI-COR_.jpg\" class=\"attachment-large size-large wp-image-1599\" alt=\"\" srcset=\"https:\/\/classicfest.pt\/wp-content\/uploads\/2021\/09\/BPI-COR_.jpg 606w, https:\/\/classicfest.pt\/wp-content\/uploads\/2021\/09\/BPI-COR_-300x76.jpg 300w, https:\/\/classicfest.pt\/wp-content\/uploads\/2021\/09\/BPI-COR_-18x5.jpg 18w\" sizes=\"(max-width: 606px) 100vw, 606px\" \/>\t\t\t\t\t\t\t\t<\/a>\n\t\t\t\t\t\t\t\t\t\t\t\t\t\t\t<\/div>\n\t\t\t\t<\/div>\n\t\t\t\t\t<\/div>\n\t\t<\/div>\n\t\t\t\t<div class=\"elementor-column elementor-col-25 elementor-top-column elementor-element elementor-element-136eb0f2\" data-id=\"136eb0f2\" data-element_type=\"column\" data-e-type=\"column\">\n\t\t\t<div class=\"elementor-widget-wrap\">\n\t\t\t\t\t\t\t<\/div>\n\t\t<\/div>\n\t\t\t\t\t<\/div>\n\t\t<\/section>\n\t\t\t\t<section class=\"elementor-section elementor-top-section elementor-element elementor-element-3d3294a elementor-section-boxed elementor-section-height-default elementor-section-height-default\" data-id=\"3d3294a\" data-element_type=\"section\" data-e-type=\"section\">\n\t\t\t\t\t\t<div class=\"elementor-container elementor-column-gap-default\">\n\t\t\t\t\t<div class=\"elementor-column elementor-col-25 elementor-top-column elementor-element elementor-element-30c7eade\" data-id=\"30c7eade\" data-element_type=\"column\" data-e-type=\"column\">\n\t\t\t<div class=\"elementor-widget-wrap elementor-element-populated\">\n\t\t\t\t\t\t<div class=\"elementor-element elementor-element-9d7aef elementor-widget elementor-widget-image\" data-id=\"9d7aef\" data-element_type=\"widget\" data-e-type=\"widget\" data-widget_type=\"image.default\">\n\t\t\t\t<div class=\"elementor-widget-container\">\n\t\t\t\t\t\t\t\t\t\t\t\t\t\t\t\t<a href=\"https:\/\/www.dgartes.gov.pt\" target=\"_blank\">\n\t\t\t\t\t\t\t<img loading=\"lazy\" decoding=\"async\" width=\"766\" height=\"169\" src=\"https:\/\/classicfest.pt\/wp-content\/uploads\/2023\/11\/DGARTESnovo-COR.jpg\" class=\"attachment-large size-large wp-image-5673\" alt=\"\" srcset=\"https:\/\/classicfest.pt\/wp-content\/uploads\/2023\/11\/DGARTESnovo-COR.jpg 766w, https:\/\/classicfest.pt\/wp-content\/uploads\/2023\/11\/DGARTESnovo-COR-300x66.jpg 300w, https:\/\/classicfest.pt\/wp-content\/uploads\/2023\/11\/DGARTESnovo-COR-18x4.jpg 18w\" sizes=\"(max-width: 766px) 100vw, 766px\" \/>\t\t\t\t\t\t\t\t<\/a>\n\t\t\t\t\t\t\t\t\t\t\t\t\t\t\t<\/div>\n\t\t\t\t<\/div>\n\t\t\t\t\t<\/div>\n\t\t<\/div>\n\t\t\t\t<div class=\"elementor-column elementor-col-25 elementor-top-column elementor-element elementor-element-384d816e\" data-id=\"384d816e\" data-element_type=\"column\" data-e-type=\"column\">\n\t\t\t<div class=\"elementor-widget-wrap elementor-element-populated\">\n\t\t\t\t\t\t<div class=\"elementor-element elementor-element-307c8b8e elementor-widget elementor-widget-image\" data-id=\"307c8b8e\" data-element_type=\"widget\" data-e-type=\"widget\" data-widget_type=\"image.default\">\n\t\t\t\t<div class=\"elementor-widget-container\">\n\t\t\t\t\t\t\t\t\t\t\t\t\t\t\t\t<a href=\"https:\/\/diocesebm.pt\" target=\"_blank\">\n\t\t\t\t\t\t\t<img loading=\"lazy\" decoding=\"async\" width=\"800\" height=\"998\" src=\"https:\/\/classicfest.pt\/wp-content\/uploads\/2021\/09\/brasao_diocese.jpg\" class=\"attachment-large size-large wp-image-604\" alt=\"\" srcset=\"https:\/\/classicfest.pt\/wp-content\/uploads\/2021\/09\/brasao_diocese.jpg 800w, https:\/\/classicfest.pt\/wp-content\/uploads\/2021\/09\/brasao_diocese-240x300.jpg 240w, https:\/\/classicfest.pt\/wp-content\/uploads\/2021\/09\/brasao_diocese-768x958.jpg 768w\" sizes=\"(max-width: 800px) 100vw, 800px\" \/>\t\t\t\t\t\t\t\t<\/a>\n\t\t\t\t\t\t\t\t\t\t\t\t\t\t\t<\/div>\n\t\t\t\t<\/div>\n\t\t\t\t\t<\/div>\n\t\t<\/div>\n\t\t\t\t<div class=\"elementor-column elementor-col-25 elementor-top-column elementor-element elementor-element-fd621a3\" data-id=\"fd621a3\" data-element_type=\"column\" data-e-type=\"column\">\n\t\t\t<div class=\"elementor-widget-wrap elementor-element-populated\">\n\t\t\t\t\t\t<div class=\"elementor-element elementor-element-63874878 elementor-widget elementor-widget-image\" data-id=\"63874878\" data-element_type=\"widget\" data-e-type=\"widget\" data-widget_type=\"image.default\">\n\t\t\t\t<div class=\"elementor-widget-container\">\n\t\t\t\t\t\t\t\t\t\t\t\t\t\t\t\t<a href=\"https:\/\/www.rtp.pt\" target=\"_blank\">\n\t\t\t\t\t\t\t<img loading=\"lazy\" decoding=\"async\" width=\"410\" height=\"237\" src=\"https:\/\/classicfest.pt\/wp-content\/uploads\/2022\/08\/rtp.jpg\" class=\"attachment-large size-large wp-image-2884\" alt=\"\" srcset=\"https:\/\/classicfest.pt\/wp-content\/uploads\/2022\/08\/rtp.jpg 410w, https:\/\/classicfest.pt\/wp-content\/uploads\/2022\/08\/rtp-300x173.jpg 300w, https:\/\/classicfest.pt\/wp-content\/uploads\/2022\/08\/rtp-18x10.jpg 18w\" sizes=\"(max-width: 410px) 100vw, 410px\" \/>\t\t\t\t\t\t\t\t<\/a>\n\t\t\t\t\t\t\t\t\t\t\t\t\t\t\t<\/div>\n\t\t\t\t<\/div>\n\t\t\t\t\t<\/div>\n\t\t<\/div>\n\t\t\t\t<div class=\"elementor-column elementor-col-25 elementor-top-column elementor-element elementor-element-73e7f172\" data-id=\"73e7f172\" data-element_type=\"column\" data-e-type=\"column\">\n\t\t\t<div class=\"elementor-widget-wrap elementor-element-populated\">\n\t\t\t\t\t\t<div class=\"elementor-element elementor-element-172599d0 elementor-widget elementor-widget-image\" data-id=\"172599d0\" data-element_type=\"widget\" data-e-type=\"widget\" data-widget_type=\"image.default\">\n\t\t\t\t<div class=\"elementor-widget-container\">\n\t\t\t\t\t\t\t\t\t\t\t\t\t\t\t\t<a href=\"https:\/\/www.rtp.pt\/antena2\/\" target=\"_blank\">\n\t\t\t\t\t\t\t<img loading=\"lazy\" decoding=\"async\" width=\"370\" height=\"237\" src=\"https:\/\/classicfest.pt\/wp-content\/uploads\/2022\/08\/antena2.jpg\" class=\"attachment-large size-large wp-image-2883\" alt=\"\" srcset=\"https:\/\/classicfest.pt\/wp-content\/uploads\/2022\/08\/antena2.jpg 370w, https:\/\/classicfest.pt\/wp-content\/uploads\/2022\/08\/antena2-300x192.jpg 300w, https:\/\/classicfest.pt\/wp-content\/uploads\/2022\/08\/antena2-18x12.jpg 18w\" sizes=\"(max-width: 370px) 100vw, 370px\" \/>\t\t\t\t\t\t\t\t<\/a>\n\t\t\t\t\t\t\t\t\t\t\t\t\t\t\t<\/div>\n\t\t\t\t<\/div>\n\t\t\t\t\t<\/div>\n\t\t<\/div>\n\t\t\t\t\t<\/div>\n\t\t<\/section>\n\t\t\t\t<\/div>\n\t\t","protected":false},"excerpt":{"rendered":"<p>Adriana Ferreira Adriana Ferreira \u00e9 actualmente Flautista Principal da Orquestra da Academia Nacional de Santa Cec\u00edlia, em Roma. Ocupou o mesmo lugar na Orquestra Filarm\u00f3nica de Roterd\u00e3o e na Orquestra Nacional de Fran\u00e7a, em Paris.Em 2009, aos dezoito anos, obt\u00e9m o 1\u00ba Pr\u00e9mio no Concurso de Interpreta\u00e7\u00e3o do Estoril &#8211; Pr\u00e9mio El Corte-Ingl\u00e8s. No ano [&hellip;]<\/p>\n","protected":false},"author":5,"featured_media":0,"parent":0,"menu_order":0,"comment_status":"closed","ping_status":"closed","template":"","meta":{"_acf_changed":false,"footnotes":""},"class_list":["post-1502","page","type-page","status-publish","hentry","entry"],"acf":[],"_links":{"self":[{"href":"https:\/\/classicfest.pt\/pt\/wp-json\/wp\/v2\/pages\/1502","targetHints":{"allow":["GET"]}}],"collection":[{"href":"https:\/\/classicfest.pt\/pt\/wp-json\/wp\/v2\/pages"}],"about":[{"href":"https:\/\/classicfest.pt\/pt\/wp-json\/wp\/v2\/types\/page"}],"author":[{"embeddable":true,"href":"https:\/\/classicfest.pt\/pt\/wp-json\/wp\/v2\/users\/5"}],"replies":[{"embeddable":true,"href":"https:\/\/classicfest.pt\/pt\/wp-json\/wp\/v2\/comments?post=1502"}],"version-history":[{"count":37,"href":"https:\/\/classicfest.pt\/pt\/wp-json\/wp\/v2\/pages\/1502\/revisions"}],"predecessor-version":[{"id":5724,"href":"https:\/\/classicfest.pt\/pt\/wp-json\/wp\/v2\/pages\/1502\/revisions\/5724"}],"wp:attachment":[{"href":"https:\/\/classicfest.pt\/pt\/wp-json\/wp\/v2\/media?parent=1502"}],"curies":[{"name":"wp","href":"https:\/\/api.w.org\/{rel}","templated":true}]}}