{"id":1346,"date":"2022-08-30T13:01:25","date_gmt":"2022-08-30T13:01:25","guid":{"rendered":"https:\/\/classicfest.pt\/?page_id=1346"},"modified":"2023-11-28T21:47:36","modified_gmt":"2023-11-28T21:47:36","slug":"dsch-schostakovich-ensemble","status":"publish","type":"page","link":"https:\/\/classicfest.pt\/pt\/dsch-schostakovich-ensemble\/","title":{"rendered":"DSCH Schostakovich Ensemble"},"content":{"rendered":"\t\t<div data-elementor-type=\"wp-page\" data-elementor-id=\"1346\" class=\"elementor elementor-1346\" data-elementor-post-type=\"page\">\n\t\t\t\t\t\t<section class=\"elementor-section elementor-top-section elementor-element elementor-element-ef6f7ac elementor-section-boxed elementor-section-height-default elementor-section-height-default\" data-id=\"ef6f7ac\" data-element_type=\"section\" data-e-type=\"section\">\n\t\t\t\t\t\t<div class=\"elementor-container elementor-column-gap-default\">\n\t\t\t\t\t<div class=\"elementor-column elementor-col-16 elementor-top-column elementor-element elementor-element-49f77c67\" data-id=\"49f77c67\" data-element_type=\"column\" data-e-type=\"column\">\n\t\t\t<div class=\"elementor-widget-wrap\">\n\t\t\t\t\t\t\t<\/div>\n\t\t<\/div>\n\t\t\t\t<div class=\"elementor-column elementor-col-66 elementor-top-column elementor-element elementor-element-78fafe93\" data-id=\"78fafe93\" data-element_type=\"column\" data-e-type=\"column\">\n\t\t\t<div class=\"elementor-widget-wrap elementor-element-populated\">\n\t\t\t\t\t\t<div class=\"elementor-element elementor-element-600f5298 elementor-widget elementor-widget-spacer\" data-id=\"600f5298\" data-element_type=\"widget\" data-e-type=\"widget\" data-widget_type=\"spacer.default\">\n\t\t\t\t<div class=\"elementor-widget-container\">\n\t\t\t\t\t\t\t<div class=\"elementor-spacer\">\n\t\t\t<div class=\"elementor-spacer-inner\"><\/div>\n\t\t<\/div>\n\t\t\t\t\t\t<\/div>\n\t\t\t\t<\/div>\n\t\t\t\t\t<\/div>\n\t\t<\/div>\n\t\t\t\t<div class=\"elementor-column elementor-col-16 elementor-top-column elementor-element elementor-element-cd72df0\" data-id=\"cd72df0\" data-element_type=\"column\" data-e-type=\"column\">\n\t\t\t<div class=\"elementor-widget-wrap\">\n\t\t\t\t\t\t\t<\/div>\n\t\t<\/div>\n\t\t\t\t\t<\/div>\n\t\t<\/section>\n\t\t\t\t<section class=\"elementor-section elementor-top-section elementor-element elementor-element-fdee3f2 elementor-section-boxed elementor-section-height-default elementor-section-height-default\" data-id=\"fdee3f2\" data-element_type=\"section\" data-e-type=\"section\" data-settings=\"{&quot;background_background&quot;:&quot;classic&quot;}\">\n\t\t\t\t\t\t<div class=\"elementor-container elementor-column-gap-default\">\n\t\t\t\t\t<div class=\"elementor-column elementor-col-25 elementor-top-column elementor-element elementor-element-219aa9d\" data-id=\"219aa9d\" data-element_type=\"column\" data-e-type=\"column\">\n\t\t\t<div class=\"elementor-widget-wrap\">\n\t\t\t\t\t\t\t<\/div>\n\t\t<\/div>\n\t\t\t\t<div class=\"elementor-column elementor-col-25 elementor-top-column elementor-element elementor-element-6c4b1588\" data-id=\"6c4b1588\" data-element_type=\"column\" data-e-type=\"column\">\n\t\t\t<div class=\"elementor-widget-wrap elementor-element-populated\">\n\t\t\t\t\t\t<div class=\"elementor-element elementor-element-465ef4c4 elementor-widget elementor-widget-image\" data-id=\"465ef4c4\" data-element_type=\"widget\" data-e-type=\"widget\" data-widget_type=\"image.default\">\n\t\t\t\t<div class=\"elementor-widget-container\">\n\t\t\t\t\t\t\t\t\t\t\t\t<figure class=\"wp-caption\">\n\t\t\t\t\t\t\t\t\t\t<img fetchpriority=\"high\" decoding=\"async\" width=\"400\" height=\"400\" src=\"https:\/\/classicfest.pt\/wp-content\/uploads\/2023\/08\/ARTISTAS6.jpg\" class=\"attachment-medium_large size-medium_large wp-image-4921\" alt=\"\" srcset=\"https:\/\/classicfest.pt\/wp-content\/uploads\/2023\/08\/ARTISTAS6.jpg 400w, https:\/\/classicfest.pt\/wp-content\/uploads\/2023\/08\/ARTISTAS6-300x300.jpg 300w, https:\/\/classicfest.pt\/wp-content\/uploads\/2023\/08\/ARTISTAS6-150x150.jpg 150w, https:\/\/classicfest.pt\/wp-content\/uploads\/2023\/08\/ARTISTAS6-12x12.jpg 12w\" sizes=\"(max-width: 400px) 100vw, 400px\" \/>\t\t\t\t\t\t\t\t\t\t\t<figcaption class=\"widget-image-caption wp-caption-text\"><\/figcaption>\n\t\t\t\t\t\t\t\t\t\t<\/figure>\n\t\t\t\t\t\t\t\t\t<\/div>\n\t\t\t\t<\/div>\n\t\t\t\t\t<\/div>\n\t\t<\/div>\n\t\t\t\t<div class=\"elementor-column elementor-col-25 elementor-top-column elementor-element elementor-element-196e6e90\" data-id=\"196e6e90\" data-element_type=\"column\" data-e-type=\"column\">\n\t\t\t<div class=\"elementor-widget-wrap elementor-element-populated\">\n\t\t\t\t\t\t<div class=\"elementor-element elementor-element-72ffe6cd elementor-widget elementor-widget-heading\" data-id=\"72ffe6cd\" data-element_type=\"widget\" data-e-type=\"widget\" data-widget_type=\"heading.default\">\n\t\t\t\t<div class=\"elementor-widget-container\">\n\t\t\t\t\t<h4 class=\"elementor-heading-title elementor-size-large\">DSCH \u2013 Schostakovich Ensemble<\/h4>\t\t\t\t<\/div>\n\t\t\t\t<\/div>\n\t\t\t\t<div class=\"elementor-element elementor-element-41e0d7c6 elementor-widget elementor-widget-text-editor\" data-id=\"41e0d7c6\" data-element_type=\"widget\" data-e-type=\"widget\" data-widget_type=\"text-editor.default\">\n\t\t\t\t<div class=\"elementor-widget-container\">\n\t\t\t\t\t\t\t\t\t<p>Fundado em 2006, DSCH \u2013 Schostakovich Ensemble \u00e9 considerado um dos agrupamentos musicais de topo do actual panorama internacional. Sediado em Lisboa desde a sua cria\u00e7\u00e3o pelo seu director art\u00edstico Filipe Pinto-Ribeiro, o DSCH \u00e9 um ensemble de geometria vari\u00e1vel e uma plataforma de encontro e interac\u00e7\u00e3o de m\u00fasicos de excel\u00eancia.<br \/>Deve o seu nome compositor Dmitri Schostakovich, numa homenagem aquando da celebra\u00e7\u00e3o do centen\u00e1rio do seu nascimento, em 2006, ano em que o DSCH iniciou a sua actividade. Desde ent\u00e3o, apresentou-se em v\u00e1rias temporadas e festivais, na Europa, nos EUA e na Austr\u00e1lia.<br \/>O vasto repert\u00f3rio do DSCH integra obras de compositores de diversas \u00e9pocas e estilos musicais, de Beethoven a Schumann, de Mozart a Messiaen, de Haydn a Webern, de Brahms a Ravel, incluindo contempor\u00e2neos, como Sofia Gubaidulina.<br \/>Tem contado com a participa\u00e7\u00e3o de m\u00fasicos extraordin\u00e1rios, como Pascal Moragu\u00e8s, Esther Hoppe, Christian Polt\u00e9ra, G\u00e9rard Causs\u00e9, Adrian Brendel, Lars Anders Tomter, Corey Cerovsek, Tedi Papavrami, Gary Hoffman, Jack Liebeck, Kyril Zlotnikov, Liza Ferschtman, entre muitos outros.<br \/>Desde 2006, alguns dos concertos do Schostakovich Ensemble foram gravados e transmitidos pela RTP Antena 2 e pelo canal de televis\u00e3o franc\u00eas <em>Mezzo<\/em>.<br \/>Em 2018, instituiu o Pr\u00e9mio de Composi\u00e7\u00e3o DSCH &#8211; Schostakovich Ensemble, destinado a galardoar a obra e a carreira dos principais compositores portugueses. Lu\u00eds Tinoco e Eurico Carrapatoso foram distinguidos, respectivamente, em 2019 e 2021.<br \/>A discografia do DSCH inclui a 1\u00aa grava\u00e7\u00e3o mundial da Integral da M\u00fasica de C\u00e2mara para Piano e Cordas de Schostakovich e os Trios Opus 11 e 38 de Beethoven (Paraty\/Harmonia Mundi), \u00e1lbuns aclamados pela imprensa especializada nacional e internacional.<\/p>\t\t\t\t\t\t\t\t<\/div>\n\t\t\t\t<\/div>\n\t\t\t\t<div class=\"elementor-element elementor-element-738ef65 elementor-widget elementor-widget-spacer\" data-id=\"738ef65\" data-element_type=\"widget\" data-e-type=\"widget\" data-widget_type=\"spacer.default\">\n\t\t\t\t<div class=\"elementor-widget-container\">\n\t\t\t\t\t\t\t<div class=\"elementor-spacer\">\n\t\t\t<div class=\"elementor-spacer-inner\"><\/div>\n\t\t<\/div>\n\t\t\t\t\t\t<\/div>\n\t\t\t\t<\/div>\n\t\t\t\t<div class=\"elementor-element elementor-element-206395c elementor-widget elementor-widget-text-editor\" data-id=\"206395c\" data-element_type=\"widget\" data-e-type=\"widget\" data-widget_type=\"text-editor.default\">\n\t\t\t\t<div class=\"elementor-widget-container\">\n\t\t\t\t\t\t\t\t\t<p><span style=\"color: #007681;\"><strong>03 Outubro 21h00<\/strong>\u00a0&#8211;\u00a0<\/span><span style=\"font-size: 16px; color: #333333;\">Igreja de Santa Maria &#8211; Cidadela de Bragan\u00e7a<br \/><\/span><a href=\"https:\/\/classicfest.pt\/arte-do-trio\/\"><strong><span lang=\"PT\">A ARTE DO TRIO<\/span><\/strong><\/a><\/p><p>\u00a0<\/p>\t\t\t\t\t\t\t\t<\/div>\n\t\t\t\t<\/div>\n\t\t\t\t\t<\/div>\n\t\t<\/div>\n\t\t\t\t<div class=\"elementor-column elementor-col-25 elementor-top-column elementor-element elementor-element-4952f532\" data-id=\"4952f532\" data-element_type=\"column\" data-e-type=\"column\">\n\t\t\t<div class=\"elementor-widget-wrap\">\n\t\t\t\t\t\t\t<\/div>\n\t\t<\/div>\n\t\t\t\t\t<\/div>\n\t\t<\/section>\n\t\t\t\t<section class=\"elementor-section elementor-top-section elementor-element elementor-element-2097905c elementor-section-boxed elementor-section-height-default elementor-section-height-default\" data-id=\"2097905c\" data-element_type=\"section\" data-e-type=\"section\">\n\t\t\t\t\t\t<div class=\"elementor-container elementor-column-gap-default\">\n\t\t\t\t\t<div class=\"elementor-column elementor-col-25 elementor-top-column elementor-element elementor-element-545c8519\" data-id=\"545c8519\" data-element_type=\"column\" data-e-type=\"column\">\n\t\t\t<div class=\"elementor-widget-wrap\">\n\t\t\t\t\t\t\t<\/div>\n\t\t<\/div>\n\t\t\t\t<div class=\"elementor-column elementor-col-25 elementor-top-column elementor-element elementor-element-527ac7a6\" data-id=\"527ac7a6\" data-element_type=\"column\" data-e-type=\"column\">\n\t\t\t<div class=\"elementor-widget-wrap elementor-element-populated\">\n\t\t\t\t\t\t<div class=\"elementor-element elementor-element-9a01405 elementor-align-right elementor-mobile-align-center elementor-widget elementor-widget-button\" data-id=\"9a01405\" data-element_type=\"widget\" data-e-type=\"widget\" data-widget_type=\"button.default\">\n\t\t\t\t<div class=\"elementor-widget-container\">\n\t\t\t\t\t\t\t\t\t<div class=\"elementor-button-wrapper\">\n\t\t\t\t\t<a class=\"elementor-button elementor-button-link elementor-size-sm elementor-animation-shrink\" href=\"https:\/\/classicfest.pt\/filipe-pinto-ribeiro\">\n\t\t\t\t\t\t<span class=\"elementor-button-content-wrapper\">\n\t\t\t\t\t\t\t\t\t<span class=\"elementor-button-text\">ANTERIOR<\/span>\n\t\t\t\t\t<\/span>\n\t\t\t\t\t<\/a>\n\t\t\t\t<\/div>\n\t\t\t\t\t\t\t\t<\/div>\n\t\t\t\t<\/div>\n\t\t\t\t\t<\/div>\n\t\t<\/div>\n\t\t\t\t<div class=\"elementor-column elementor-col-25 elementor-top-column elementor-element elementor-element-25e68ffa\" data-id=\"25e68ffa\" data-element_type=\"column\" data-e-type=\"column\">\n\t\t\t<div class=\"elementor-widget-wrap elementor-element-populated\">\n\t\t\t\t\t\t<div class=\"elementor-element elementor-element-cf4c794 elementor-align-left elementor-mobile-align-center elementor-widget elementor-widget-button\" data-id=\"cf4c794\" data-element_type=\"widget\" data-e-type=\"widget\" data-widget_type=\"button.default\">\n\t\t\t\t<div class=\"elementor-widget-container\">\n\t\t\t\t\t\t\t\t\t<div class=\"elementor-button-wrapper\">\n\t\t\t\t\t<a class=\"elementor-button elementor-button-link elementor-size-sm elementor-animation-shrink\" href=\"https:\/\/classicfest.pt\/adriana-ferreira\/\">\n\t\t\t\t\t\t<span class=\"elementor-button-content-wrapper\">\n\t\t\t\t\t\t\t\t\t<span class=\"elementor-button-text\">PR\u00d3XIMO<\/span>\n\t\t\t\t\t<\/span>\n\t\t\t\t\t<\/a>\n\t\t\t\t<\/div>\n\t\t\t\t\t\t\t\t<\/div>\n\t\t\t\t<\/div>\n\t\t\t\t\t<\/div>\n\t\t<\/div>\n\t\t\t\t<div class=\"elementor-column elementor-col-25 elementor-top-column elementor-element elementor-element-109168d9\" data-id=\"109168d9\" data-element_type=\"column\" data-e-type=\"column\">\n\t\t\t<div class=\"elementor-widget-wrap\">\n\t\t\t\t\t\t\t<\/div>\n\t\t<\/div>\n\t\t\t\t\t<\/div>\n\t\t<\/section>\n\t\t\t\t<section class=\"elementor-section elementor-top-section elementor-element elementor-element-541c58aa elementor-section-boxed elementor-section-height-default elementor-section-height-default\" data-id=\"541c58aa\" data-element_type=\"section\" data-e-type=\"section\">\n\t\t\t\t\t\t<div class=\"elementor-container elementor-column-gap-default\">\n\t\t\t\t\t<div class=\"elementor-column elementor-col-33 elementor-top-column elementor-element elementor-element-7f622e67\" data-id=\"7f622e67\" data-element_type=\"column\" data-e-type=\"column\">\n\t\t\t<div class=\"elementor-widget-wrap elementor-element-populated\">\n\t\t\t\t\t\t<div class=\"elementor-element elementor-element-3265ecf2 elementor-widget elementor-widget-image\" data-id=\"3265ecf2\" data-element_type=\"widget\" data-e-type=\"widget\" data-widget_type=\"image.default\">\n\t\t\t\t<div class=\"elementor-widget-container\">\n\t\t\t\t\t\t\t\t\t\t\t\t\t\t\t\t<a href=\"https:\/\/www.presidencia.pt\/\" target=\"_blank\">\n\t\t\t\t\t\t\t<img decoding=\"async\" width=\"820\" height=\"237\" src=\"https:\/\/classicfest.pt\/wp-content\/uploads\/2022\/08\/presidente.jpg\" class=\"attachment-large size-large wp-image-2877\" alt=\"\" srcset=\"https:\/\/classicfest.pt\/wp-content\/uploads\/2022\/08\/presidente.jpg 820w, https:\/\/classicfest.pt\/wp-content\/uploads\/2022\/08\/presidente-300x87.jpg 300w, https:\/\/classicfest.pt\/wp-content\/uploads\/2022\/08\/presidente-768x222.jpg 768w, https:\/\/classicfest.pt\/wp-content\/uploads\/2022\/08\/presidente-18x5.jpg 18w\" sizes=\"(max-width: 820px) 100vw, 820px\" \/>\t\t\t\t\t\t\t\t<\/a>\n\t\t\t\t\t\t\t\t\t\t\t\t\t\t\t<\/div>\n\t\t\t\t<\/div>\n\t\t\t\t\t<\/div>\n\t\t<\/div>\n\t\t\t\t<div class=\"elementor-column elementor-col-33 elementor-top-column elementor-element elementor-element-2a0bdfcd\" data-id=\"2a0bdfcd\" data-element_type=\"column\" data-e-type=\"column\">\n\t\t\t<div class=\"elementor-widget-wrap elementor-element-populated\">\n\t\t\t\t\t\t<div class=\"elementor-element elementor-element-4701fbfa elementor-widget elementor-widget-image\" data-id=\"4701fbfa\" data-element_type=\"widget\" data-e-type=\"widget\" data-widget_type=\"image.default\">\n\t\t\t\t<div class=\"elementor-widget-container\">\n\t\t\t\t\t\t\t\t\t\t\t\t\t\t\t\t<a href=\"https:\/\/www.cm-braganca.pt\" target=\"_blank\">\n\t\t\t\t\t\t\t<img decoding=\"async\" width=\"870\" height=\"299\" src=\"https:\/\/classicfest.pt\/wp-content\/uploads\/2021\/09\/CMun_braganca_org_.jpg\" class=\"attachment-large size-large wp-image-1600\" alt=\"\" srcset=\"https:\/\/classicfest.pt\/wp-content\/uploads\/2021\/09\/CMun_braganca_org_.jpg 870w, https:\/\/classicfest.pt\/wp-content\/uploads\/2021\/09\/CMun_braganca_org_-300x103.jpg 300w, https:\/\/classicfest.pt\/wp-content\/uploads\/2021\/09\/CMun_braganca_org_-768x264.jpg 768w, https:\/\/classicfest.pt\/wp-content\/uploads\/2021\/09\/CMun_braganca_org_-18x6.jpg 18w\" sizes=\"(max-width: 870px) 100vw, 870px\" \/>\t\t\t\t\t\t\t\t<\/a>\n\t\t\t\t\t\t\t\t\t\t\t\t\t\t\t<\/div>\n\t\t\t\t<\/div>\n\t\t\t\t\t<\/div>\n\t\t<\/div>\n\t\t\t\t<div class=\"elementor-column elementor-col-33 elementor-top-column elementor-element elementor-element-628bb50a\" data-id=\"628bb50a\" data-element_type=\"column\" data-e-type=\"column\">\n\t\t\t<div class=\"elementor-widget-wrap elementor-element-populated\">\n\t\t\t\t\t\t<div class=\"elementor-element elementor-element-7f83f492 elementor-widget elementor-widget-image\" data-id=\"7f83f492\" data-element_type=\"widget\" data-e-type=\"widget\" data-widget_type=\"image.default\">\n\t\t\t\t<div class=\"elementor-widget-container\">\n\t\t\t\t\t\t\t\t\t\t\t\t\t\t\t\t<a href=\"https:\/\/teatromunicipal.cm-braganca.pt\/\" target=\"_blank\">\n\t\t\t\t\t\t\t<img loading=\"lazy\" decoding=\"async\" width=\"800\" height=\"342\" src=\"https:\/\/classicfest.pt\/wp-content\/uploads\/2021\/09\/TMB_LOGO-cor.jpg\" class=\"attachment-large size-large wp-image-592\" alt=\"\" srcset=\"https:\/\/classicfest.pt\/wp-content\/uploads\/2021\/09\/TMB_LOGO-cor.jpg 800w, https:\/\/classicfest.pt\/wp-content\/uploads\/2021\/09\/TMB_LOGO-cor-300x128.jpg 300w, https:\/\/classicfest.pt\/wp-content\/uploads\/2021\/09\/TMB_LOGO-cor-768x328.jpg 768w\" sizes=\"(max-width: 800px) 100vw, 800px\" \/>\t\t\t\t\t\t\t\t<\/a>\n\t\t\t\t\t\t\t\t\t\t\t\t\t\t\t<\/div>\n\t\t\t\t<\/div>\n\t\t\t\t\t<\/div>\n\t\t<\/div>\n\t\t\t\t\t<\/div>\n\t\t<\/section>\n\t\t\t\t<section class=\"elementor-section elementor-top-section elementor-element elementor-element-7d03c7d7 elementor-section-boxed elementor-section-height-default elementor-section-height-default\" data-id=\"7d03c7d7\" data-element_type=\"section\" data-e-type=\"section\">\n\t\t\t\t\t\t<div class=\"elementor-container elementor-column-gap-default\">\n\t\t\t\t\t<div class=\"elementor-column elementor-col-25 elementor-top-column elementor-element elementor-element-6a251752\" data-id=\"6a251752\" data-element_type=\"column\" data-e-type=\"column\">\n\t\t\t<div class=\"elementor-widget-wrap\">\n\t\t\t\t\t\t\t<\/div>\n\t\t<\/div>\n\t\t\t\t<div class=\"elementor-column elementor-col-25 elementor-top-column elementor-element elementor-element-67e3308a\" data-id=\"67e3308a\" data-element_type=\"column\" data-e-type=\"column\">\n\t\t\t<div class=\"elementor-widget-wrap elementor-element-populated\">\n\t\t\t\t\t\t<div class=\"elementor-element elementor-element-791d6f11 elementor-widget elementor-widget-image\" data-id=\"791d6f11\" data-element_type=\"widget\" data-e-type=\"widget\" data-widget_type=\"image.default\">\n\t\t\t\t<div class=\"elementor-widget-container\">\n\t\t\t\t\t\t\t\t\t\t\t\t\t\t\t\t<a href=\"https:\/\/www.dsch.pt\" target=\"_blank\">\n\t\t\t\t\t\t\t<img loading=\"lazy\" decoding=\"async\" width=\"1024\" height=\"360\" src=\"https:\/\/classicfest.pt\/wp-content\/uploads\/2021\/09\/dsch_redbase-1024x360.png\" class=\"attachment-large size-large wp-image-593\" alt=\"\" srcset=\"https:\/\/classicfest.pt\/wp-content\/uploads\/2021\/09\/dsch_redbase-1024x360.png 1024w, https:\/\/classicfest.pt\/wp-content\/uploads\/2021\/09\/dsch_redbase-300x105.png 300w, https:\/\/classicfest.pt\/wp-content\/uploads\/2021\/09\/dsch_redbase-768x270.png 768w, https:\/\/classicfest.pt\/wp-content\/uploads\/2021\/09\/dsch_redbase.png 1067w\" sizes=\"(max-width: 1024px) 100vw, 1024px\" \/>\t\t\t\t\t\t\t\t<\/a>\n\t\t\t\t\t\t\t\t\t\t\t\t\t\t\t<\/div>\n\t\t\t\t<\/div>\n\t\t\t\t\t<\/div>\n\t\t<\/div>\n\t\t\t\t<div class=\"elementor-column elementor-col-25 elementor-top-column elementor-element elementor-element-54c2e983\" data-id=\"54c2e983\" data-element_type=\"column\" data-e-type=\"column\">\n\t\t\t<div class=\"elementor-widget-wrap elementor-element-populated\">\n\t\t\t\t\t\t<div class=\"elementor-element elementor-element-7b101f7a elementor-widget elementor-widget-image\" data-id=\"7b101f7a\" data-element_type=\"widget\" data-e-type=\"widget\" data-widget_type=\"image.default\">\n\t\t\t\t<div class=\"elementor-widget-container\">\n\t\t\t\t\t\t\t\t\t\t\t\t\t\t\t\t<a href=\"https:\/\/fundacaolacaixa.pt\/pt\/home\" target=\"_blank\">\n\t\t\t\t\t\t\t<img loading=\"lazy\" decoding=\"async\" width=\"606\" height=\"153\" src=\"https:\/\/classicfest.pt\/wp-content\/uploads\/2021\/09\/BPI-COR_.jpg\" class=\"attachment-large size-large wp-image-1599\" alt=\"\" srcset=\"https:\/\/classicfest.pt\/wp-content\/uploads\/2021\/09\/BPI-COR_.jpg 606w, https:\/\/classicfest.pt\/wp-content\/uploads\/2021\/09\/BPI-COR_-300x76.jpg 300w, https:\/\/classicfest.pt\/wp-content\/uploads\/2021\/09\/BPI-COR_-18x5.jpg 18w\" sizes=\"(max-width: 606px) 100vw, 606px\" \/>\t\t\t\t\t\t\t\t<\/a>\n\t\t\t\t\t\t\t\t\t\t\t\t\t\t\t<\/div>\n\t\t\t\t<\/div>\n\t\t\t\t\t<\/div>\n\t\t<\/div>\n\t\t\t\t<div class=\"elementor-column elementor-col-25 elementor-top-column elementor-element elementor-element-79e4348e\" data-id=\"79e4348e\" data-element_type=\"column\" data-e-type=\"column\">\n\t\t\t<div class=\"elementor-widget-wrap\">\n\t\t\t\t\t\t\t<\/div>\n\t\t<\/div>\n\t\t\t\t\t<\/div>\n\t\t<\/section>\n\t\t\t\t<section class=\"elementor-section elementor-top-section elementor-element elementor-element-42c6a8d6 elementor-section-boxed elementor-section-height-default elementor-section-height-default\" data-id=\"42c6a8d6\" data-element_type=\"section\" data-e-type=\"section\">\n\t\t\t\t\t\t<div class=\"elementor-container elementor-column-gap-default\">\n\t\t\t\t\t<div class=\"elementor-column elementor-col-25 elementor-top-column elementor-element elementor-element-26a7a8c4\" data-id=\"26a7a8c4\" data-element_type=\"column\" data-e-type=\"column\">\n\t\t\t<div class=\"elementor-widget-wrap elementor-element-populated\">\n\t\t\t\t\t\t<div class=\"elementor-element elementor-element-6e92996 elementor-widget elementor-widget-image\" data-id=\"6e92996\" data-element_type=\"widget\" data-e-type=\"widget\" data-widget_type=\"image.default\">\n\t\t\t\t<div class=\"elementor-widget-container\">\n\t\t\t\t\t\t\t\t\t\t\t\t\t\t\t\t<a href=\"https:\/\/www.dgartes.gov.pt\" target=\"_blank\">\n\t\t\t\t\t\t\t<img loading=\"lazy\" decoding=\"async\" width=\"766\" height=\"169\" src=\"https:\/\/classicfest.pt\/wp-content\/uploads\/2023\/11\/DGARTESnovo-COR.jpg\" class=\"attachment-large size-large wp-image-5673\" alt=\"\" srcset=\"https:\/\/classicfest.pt\/wp-content\/uploads\/2023\/11\/DGARTESnovo-COR.jpg 766w, https:\/\/classicfest.pt\/wp-content\/uploads\/2023\/11\/DGARTESnovo-COR-300x66.jpg 300w, https:\/\/classicfest.pt\/wp-content\/uploads\/2023\/11\/DGARTESnovo-COR-18x4.jpg 18w\" sizes=\"(max-width: 766px) 100vw, 766px\" \/>\t\t\t\t\t\t\t\t<\/a>\n\t\t\t\t\t\t\t\t\t\t\t\t\t\t\t<\/div>\n\t\t\t\t<\/div>\n\t\t\t\t\t<\/div>\n\t\t<\/div>\n\t\t\t\t<div class=\"elementor-column elementor-col-25 elementor-top-column elementor-element elementor-element-3c20b415\" data-id=\"3c20b415\" data-element_type=\"column\" data-e-type=\"column\">\n\t\t\t<div class=\"elementor-widget-wrap elementor-element-populated\">\n\t\t\t\t\t\t<div class=\"elementor-element elementor-element-2a72e334 elementor-widget elementor-widget-image\" data-id=\"2a72e334\" data-element_type=\"widget\" data-e-type=\"widget\" data-widget_type=\"image.default\">\n\t\t\t\t<div class=\"elementor-widget-container\">\n\t\t\t\t\t\t\t\t\t\t\t\t\t\t\t\t<a href=\"https:\/\/diocesebm.pt\" target=\"_blank\">\n\t\t\t\t\t\t\t<img loading=\"lazy\" decoding=\"async\" width=\"800\" height=\"998\" src=\"https:\/\/classicfest.pt\/wp-content\/uploads\/2021\/09\/brasao_diocese.jpg\" class=\"attachment-large size-large wp-image-604\" alt=\"\" srcset=\"https:\/\/classicfest.pt\/wp-content\/uploads\/2021\/09\/brasao_diocese.jpg 800w, https:\/\/classicfest.pt\/wp-content\/uploads\/2021\/09\/brasao_diocese-240x300.jpg 240w, https:\/\/classicfest.pt\/wp-content\/uploads\/2021\/09\/brasao_diocese-768x958.jpg 768w\" sizes=\"(max-width: 800px) 100vw, 800px\" \/>\t\t\t\t\t\t\t\t<\/a>\n\t\t\t\t\t\t\t\t\t\t\t\t\t\t\t<\/div>\n\t\t\t\t<\/div>\n\t\t\t\t\t<\/div>\n\t\t<\/div>\n\t\t\t\t<div class=\"elementor-column elementor-col-25 elementor-top-column elementor-element elementor-element-682aeba9\" data-id=\"682aeba9\" data-element_type=\"column\" data-e-type=\"column\">\n\t\t\t<div class=\"elementor-widget-wrap elementor-element-populated\">\n\t\t\t\t\t\t<div class=\"elementor-element elementor-element-524ba7b3 elementor-widget elementor-widget-image\" data-id=\"524ba7b3\" data-element_type=\"widget\" data-e-type=\"widget\" data-widget_type=\"image.default\">\n\t\t\t\t<div class=\"elementor-widget-container\">\n\t\t\t\t\t\t\t\t\t\t\t\t\t\t\t\t<a href=\"https:\/\/www.rtp.pt\" target=\"_blank\">\n\t\t\t\t\t\t\t<img loading=\"lazy\" decoding=\"async\" width=\"410\" height=\"237\" src=\"https:\/\/classicfest.pt\/wp-content\/uploads\/2022\/08\/rtp.jpg\" class=\"attachment-large size-large wp-image-2884\" alt=\"\" srcset=\"https:\/\/classicfest.pt\/wp-content\/uploads\/2022\/08\/rtp.jpg 410w, https:\/\/classicfest.pt\/wp-content\/uploads\/2022\/08\/rtp-300x173.jpg 300w, https:\/\/classicfest.pt\/wp-content\/uploads\/2022\/08\/rtp-18x10.jpg 18w\" sizes=\"(max-width: 410px) 100vw, 410px\" \/>\t\t\t\t\t\t\t\t<\/a>\n\t\t\t\t\t\t\t\t\t\t\t\t\t\t\t<\/div>\n\t\t\t\t<\/div>\n\t\t\t\t\t<\/div>\n\t\t<\/div>\n\t\t\t\t<div class=\"elementor-column elementor-col-25 elementor-top-column elementor-element elementor-element-201943b7\" data-id=\"201943b7\" data-element_type=\"column\" data-e-type=\"column\">\n\t\t\t<div class=\"elementor-widget-wrap elementor-element-populated\">\n\t\t\t\t\t\t<div class=\"elementor-element elementor-element-345d18c8 elementor-widget elementor-widget-image\" data-id=\"345d18c8\" data-element_type=\"widget\" data-e-type=\"widget\" data-widget_type=\"image.default\">\n\t\t\t\t<div class=\"elementor-widget-container\">\n\t\t\t\t\t\t\t\t\t\t\t\t\t\t\t\t<a href=\"https:\/\/www.rtp.pt\/antena2\/\" target=\"_blank\">\n\t\t\t\t\t\t\t<img loading=\"lazy\" decoding=\"async\" width=\"370\" height=\"237\" src=\"https:\/\/classicfest.pt\/wp-content\/uploads\/2022\/08\/antena2.jpg\" class=\"attachment-large size-large wp-image-2883\" alt=\"\" srcset=\"https:\/\/classicfest.pt\/wp-content\/uploads\/2022\/08\/antena2.jpg 370w, https:\/\/classicfest.pt\/wp-content\/uploads\/2022\/08\/antena2-300x192.jpg 300w, https:\/\/classicfest.pt\/wp-content\/uploads\/2022\/08\/antena2-18x12.jpg 18w\" sizes=\"(max-width: 370px) 100vw, 370px\" \/>\t\t\t\t\t\t\t\t<\/a>\n\t\t\t\t\t\t\t\t\t\t\t\t\t\t\t<\/div>\n\t\t\t\t<\/div>\n\t\t\t\t\t<\/div>\n\t\t<\/div>\n\t\t\t\t\t<\/div>\n\t\t<\/section>\n\t\t\t\t<\/div>\n\t\t","protected":false},"excerpt":{"rendered":"<p>DSCH \u2013 Schostakovich Ensemble Fundado em 2006, DSCH \u2013 Schostakovich Ensemble \u00e9 considerado um dos agrupamentos musicais de topo do actual panorama internacional. Sediado em Lisboa desde a sua cria\u00e7\u00e3o pelo seu director art\u00edstico Filipe Pinto-Ribeiro, o DSCH \u00e9 um ensemble de geometria vari\u00e1vel e uma plataforma de encontro e interac\u00e7\u00e3o de m\u00fasicos de excel\u00eancia.Deve [&hellip;]<\/p>\n","protected":false},"author":5,"featured_media":0,"parent":0,"menu_order":0,"comment_status":"closed","ping_status":"closed","template":"","meta":{"_acf_changed":false,"footnotes":""},"class_list":["post-1346","page","type-page","status-publish","hentry","entry"],"acf":[],"_links":{"self":[{"href":"https:\/\/classicfest.pt\/pt\/wp-json\/wp\/v2\/pages\/1346","targetHints":{"allow":["GET"]}}],"collection":[{"href":"https:\/\/classicfest.pt\/pt\/wp-json\/wp\/v2\/pages"}],"about":[{"href":"https:\/\/classicfest.pt\/pt\/wp-json\/wp\/v2\/types\/page"}],"author":[{"embeddable":true,"href":"https:\/\/classicfest.pt\/pt\/wp-json\/wp\/v2\/users\/5"}],"replies":[{"embeddable":true,"href":"https:\/\/classicfest.pt\/pt\/wp-json\/wp\/v2\/comments?post=1346"}],"version-history":[{"count":52,"href":"https:\/\/classicfest.pt\/pt\/wp-json\/wp\/v2\/pages\/1346\/revisions"}],"predecessor-version":[{"id":5721,"href":"https:\/\/classicfest.pt\/pt\/wp-json\/wp\/v2\/pages\/1346\/revisions\/5721"}],"wp:attachment":[{"href":"https:\/\/classicfest.pt\/pt\/wp-json\/wp\/v2\/media?parent=1346"}],"curies":[{"name":"wp","href":"https:\/\/api.w.org\/{rel}","templated":true}]}}