{"id":5433,"date":"2023-09-08T15:36:23","date_gmt":"2023-09-08T15:36:23","guid":{"rendered":"https:\/\/classicfest.pt\/?page_id=5433"},"modified":"2025-08-29T16:43:38","modified_gmt":"2025-08-29T16:43:38","slug":"introducao-2023","status":"publish","type":"page","link":"https:\/\/classicfest.pt\/en\/introducao-2023\/","title":{"rendered":"Introdu\u00e7\u00e3o 2023"},"content":{"rendered":"<div data-elementor-type=\"wp-page\" data-elementor-id=\"5433\" class=\"elementor elementor-5433\" data-elementor-post-type=\"page\">\n\t\t\t\t\t\t<section class=\"elementor-section elementor-top-section elementor-element elementor-element-f178f6f elementor-section-full_width elementor-section-height-default elementor-section-height-default\" data-id=\"f178f6f\" data-element_type=\"section\" data-e-type=\"section\">\n\t\t\t\t\t\t<div class=\"elementor-container elementor-column-gap-no\">\n\t\t\t\t\t<div class=\"elementor-column elementor-col-100 elementor-top-column elementor-element elementor-element-3d667ba\" data-id=\"3d667ba\" data-element_type=\"column\" data-e-type=\"column\">\n\t\t\t<div class=\"elementor-widget-wrap elementor-element-populated\">\n\t\t\t\t\t\t<div class=\"elementor-element elementor-element-73ae866 elementor-widget elementor-widget-heading\" data-id=\"73ae866\" data-element_type=\"widget\" data-e-type=\"widget\" data-widget_type=\"heading.default\">\n\t\t\t\t<div class=\"elementor-widget-container\">\n\t\t\t\t\t<h4 class=\"elementor-heading-title elementor-size-large\">Edi\u00e7\u00e3o 2023<\/h4>\t\t\t\t<\/div>\n\t\t\t\t<\/div>\n\t\t\t\t<div class=\"elementor-element elementor-element-d152436 elementor-widget elementor-widget-image\" data-id=\"d152436\" data-element_type=\"widget\" data-e-type=\"widget\" data-widget_type=\"image.default\">\n\t\t\t\t<div class=\"elementor-widget-container\">\n\t\t\t\t\t\t\t\t\t\t\t\t\t\t\t<img decoding=\"async\" width=\"150\" height=\"150\" src=\"https:\/\/classicfest.pt\/wp-content\/uploads\/2025\/08\/BCF-old-Thumbnail.png\" class=\"attachment-1536x1536 size-1536x1536 wp-image-18321\" alt=\"\" srcset=\"https:\/\/classicfest.pt\/wp-content\/uploads\/2025\/08\/BCF-old-Thumbnail.png 150w, https:\/\/classicfest.pt\/wp-content\/uploads\/2025\/08\/BCF-old-Thumbnail-12x12.png 12w\" sizes=\"(max-width: 150px) 100vw, 150px\" \/>\t\t\t\t\t\t\t\t\t\t\t\t\t\t\t<\/div>\n\t\t\t\t<\/div>\n\t\t\t\t\t<\/div>\n\t\t<\/div>\n\t\t\t\t\t<\/div>\n\t\t<\/section>\n\t\t<div class=\"elementor-element elementor-element-b366a61 e-con-full e-flex e-con e-parent\" data-id=\"b366a61\" data-element_type=\"container\" data-e-type=\"container\" data-settings=\"{&quot;background_background&quot;:&quot;classic&quot;}\">\n\t\t<div class=\"elementor-element elementor-element-7c291a8 e-con-full e-flex e-con e-child\" data-id=\"7c291a8\" data-element_type=\"container\" data-e-type=\"container\">\n\t\t\t\t<div class=\"elementor-element elementor-element-20c445a elementor-widget elementor-widget-text-editor\" data-id=\"20c445a\" data-element_type=\"widget\" data-e-type=\"widget\" data-widget_type=\"text-editor.default\">\n\t\t\t\t<div class=\"elementor-widget-container\">\n\t\t\t\t\t\t\t\t\t<p style=\"text-align: center;\"><strong>Bragan\u00e7a Classic Fest 2023<br \/><\/strong>3\u00aa edi\u00e7\u00e3o<\/p><p class=\"translation-block\">The <strong>3rd edition of Bragan\u00e7a ClassicFest International Music Festival <\/strong> presents a program of artistic excellence, consolidating the path followed in the 2021 and 2022 editions, which brought to the city of Bragan\u00e7a the brilliance of renowned orchestras and musicians - such as the Vienna and St. Petersburg Chamber Orchestras, G\u00e9rard Causs\u00e9, Diana Tischenko, H\u00e9ctor del Curto, Mario Hossen, Lena Belkina, Marcelo Nisinman, among others - for memorable concerts sold out by an enthusiastic audience.<\/p><p class=\"translation-block\">In 2023, <strong>Bragan\u00e7a will once again become the epicenter of classical music in Portugal for about two weeks<\/strong>, as usual around World Music Day, October 1, with an exciting program and the presence of national and international reference musicians.<\/p><p class=\"translation-block\">Of particular note are the opening concerts of Bragan\u00e7a ClassicFest with one of Spain's leading orchestras, <strong>the Asturias Symphony Orchestra <\/strong>(OSPA). Under the direction of its Principal Conductor since 2022, portuguese <strong>Nuno Coelho<\/strong>, OSPA presents two concerts in the magnificent hall of the <strong>Teatro Municipal de Bragan\u00e7a<\/strong>, with masterpieces of musical heritage: Beethoven's 5th Symphony and Dvo\u0159\u00e1k's 9th Symphony, \"From the New World\".\n<br>This is also an extraordinary opportunity to hear two concert masterpieces by Mozart and Tchaikovsky, with two remarkable soloists \u2013 violinist <strong>Esther Hoppe<\/strong> and cellist <strong>Christian Polt\u00e9ra<\/strong> \u2013 playing magnificent instruments built by Antonio Stradivari (Stradivarius),  born in Cremona in 1644 and considered by many to be the best maker \/ luthier of all time.<\/p><p class=\"translation-block\">Also noteworthy is the presence at this edition of Bragan\u00e7a ClassicFest of two renowned musicians, especially in the world of wind instruments: the famous French clarinetist <strong>Pascal Moragu\u00e8s<\/strong>, 1st Soloist of the Orchestra of Paris, who has been among the world's elite for four decades, and the Portuguese flutist <strong>Adriana Ferreira<\/strong>, 1st Soloist of the National Orchestra of Santa Cecilia in Rome and a prize-winner at the main international competitions.\n<br>Another highlight of the 3rd Bragan\u00e7a ClassicFest is the Portuguese debut of soprano <strong>Julia Muzychenko<\/strong>, a star on the rise on the world opera scene and a laureate of major international singing competitions such as the Clermont Ferrand Opera Competition (1st Prize), the Montserrat Caball\u00e9 Competition (2nd Prize) and Belgium's Queen Elisabeth Competition (3rd Prize).\nIn 2023, Bragan\u00e7a ClassicFest will also continue to be the stage for young and talented Portuguese musicians at the start of their careers, some of whom live in other countries and thus return and maintain their connection to Portugal.<\/p><p class=\"translation-block\">The musical repertoire of this 3rd edition spans four centuries, from the Baroque music of <strong>Johann Sebastian Bach<\/strong> to the 21st century music of Argentine composer <strong>Osvaldo Golijov<\/strong>, including the great composers of classicism and musical romanticism and 20th century music, namely Spanish music by <strong>Joaqu\u00edn Turina<\/strong> and Portuguese music by <strong>Fernando Lopes-Gra\u00e7a<\/strong>.\n.<br>The Closing Concert of the 3rd Bragan\u00e7a ClassicFest is an excellent example of the stylistic and international variety of this edition's repertoire, culminating in the famous and festive <strong>\"The Carnival of the Animals, Great Zoological Fantasy\"<\/strong>, a work full of humor composed by the French composer <strong>Camille Saint-Sa\u00ebns<\/strong> in 1886 and which, on this special occasion, will feature <strong>Jorge Vaz de Carvalho's narration<\/strong> of humorous texts written by <strong>Ant\u00f3nio Mega Ferreira<\/strong>.<\/p><p class=\"translation-block\">Alongside the concerts, the 3rd Bragan\u00e7a ClassicFest continues its important <strong>educational and cultural awareness axis<\/strong>, inaugurated in the 2022 edition, with the holding of masterclasses and meetings, with the participation of the artists present at the festival and especially aimed at musicians and students from the city and the region.<\/p><p class=\"translation-block\">An important feature of Bragan\u00e7a ClassicFest, since its first edition, has been the holding of concerts in venues with rich heritage, as in 2023 in the churches of S\u00e3o Francisco, S\u00e9 Velha and Santa Maria, in a healthy <strong>crossover between music and the historical, cultural and architectural heritage <\/strong>of Bragan\u00e7a<\/p><p class=\"translation-block\">The purpose of this 3rd edition of <strong>Bragan\u00e7a ClassicFest <\/strong> is to consolidate the festival as a <strong>cultural event of excellence on a national and international scale<\/strong>, contributing to the dynamism and prosperity of the region and promoting universal access to culture and the celebration of community life through the extraordinary universal language of music.<\/p><p class=\"translation-block\">My best wishes to everyone who makes the <strong>Bragan\u00e7a ClassicFest International Music Festival<\/strong> possible, starting with the fundamental support of <strong>C\u00e2mara Municipal de Bragan\u00e7a, Teatro Municipal de Bragan\u00e7a and DSCH Associa\u00e7\u00e3o Musical<\/strong>, the promoters and organizers of this praiseworthy initiative, and the festival's main patron, <strong>BPI\/Funda\u00e7\u00e3o \"la Caixa\"<\/strong>.\nI would also like to thank <strong>Direc\u00e7\u00e3o-Geral das Artes, Diocese de Miranda-Bragan\u00e7a, media partner RTP Antena 2<\/strong> and, especially, <strong>His Excellency the President of the Republic<\/strong>, for the High Patronage once again granted.<\/p>\t\t\t\t\t\t\t\t<\/div>\n\t\t\t\t<\/div>\n\t\t\t\t<div class=\"elementor-element elementor-element-8ab11cd elementor-widget elementor-widget-text-editor\" data-id=\"8ab11cd\" data-element_type=\"widget\" data-e-type=\"widget\" data-widget_type=\"text-editor.default\">\n\t\t\t\t<div class=\"elementor-widget-container\">\n\t\t\t\t\t\t\t\t\t<p><span style=\"color: #929b3d;\"><strong>Filipe Pinto-Ribeiro<br \/><\/strong><\/span><span style=\"color: #000000;\">Director Art\u00edstico do Festival Internacional de M\u00fasica Bragan\u00e7a ClassicFest<\/span><\/p>\t\t\t\t\t\t\t\t<\/div>\n\t\t\t\t<\/div>\n\t\t\t\t<\/div>\n\t\t\t\t<\/div>\n\t\t<a class=\"elementor-element elementor-element-71c47ff5 elementor-hidden-mobile e-flex e-con-boxed e-con e-parent\" data-id=\"71c47ff5\" data-element_type=\"container\" data-e-type=\"container\" href=\"https:\/\/classicfest.pt\/en\/apoios\/\">\n\t\t\t\t\t<div class=\"e-con-inner\">\n\t\t\t\t<div class=\"elementor-element elementor-element-5558291e elementor-widget elementor-widget-image\" data-id=\"5558291e\" data-element_type=\"widget\" data-e-type=\"widget\" data-widget_type=\"image.default\">\n\t\t\t\t<div class=\"elementor-widget-container\">\n\t\t\t\t\t\t\t\t\t\t\t\t\t\t\t<img fetchpriority=\"high\" decoding=\"async\" width=\"1024\" height=\"160\" src=\"https:\/\/classicfest.pt\/wp-content\/uploads\/2025\/08\/Rodape-Desktop-ENG.jpg\" class=\"attachment-large size-large wp-image-18071\" alt=\"\" srcset=\"https:\/\/classicfest.pt\/wp-content\/uploads\/2025\/08\/Rodape-Desktop-ENG.jpg 1024w, https:\/\/classicfest.pt\/wp-content\/uploads\/2025\/08\/Rodape-Desktop-ENG-300x47.jpg 300w, https:\/\/classicfest.pt\/wp-content\/uploads\/2025\/08\/Rodape-Desktop-ENG-768x120.jpg 768w, https:\/\/classicfest.pt\/wp-content\/uploads\/2025\/08\/Rodape-Desktop-ENG-18x3.jpg 18w\" sizes=\"(max-width: 1024px) 100vw, 1024px\" \/>\t\t\t\t\t\t\t\t\t\t\t\t\t\t\t<\/div>\n\t\t\t\t<\/div>\n\t\t\t\t\t<\/div>\n\t\t\t\t<\/a>\n\t\t<a class=\"elementor-element elementor-element-5a7fec7d elementor-hidden-desktop elementor-hidden-tablet e-flex e-con-boxed e-con e-parent\" data-id=\"5a7fec7d\" data-element_type=\"container\" data-e-type=\"container\" href=\"https:\/\/classicfest.pt\/en\/apoios\/\">\n\t\t\t\t\t<div class=\"e-con-inner\">\n\t\t\t\t<div class=\"elementor-element elementor-element-7c39b17c elementor-widget elementor-widget-image\" data-id=\"7c39b17c\" data-element_type=\"widget\" data-e-type=\"widget\" data-widget_type=\"image.default\">\n\t\t\t\t<div class=\"elementor-widget-container\">\n\t\t\t\t\t\t\t\t\t\t\t\t\t\t\t<img decoding=\"async\" width=\"716\" height=\"711\" src=\"https:\/\/classicfest.pt\/wp-content\/uploads\/2025\/08\/Logos-Rodape-MOBILE-ENG.jpg\" class=\"attachment-large size-large wp-image-17758\" alt=\"\" srcset=\"https:\/\/classicfest.pt\/wp-content\/uploads\/2025\/08\/Logos-Rodape-MOBILE-ENG.jpg 716w, https:\/\/classicfest.pt\/wp-content\/uploads\/2025\/08\/Logos-Rodape-MOBILE-ENG-300x298.jpg 300w, https:\/\/classicfest.pt\/wp-content\/uploads\/2025\/08\/Logos-Rodape-MOBILE-ENG-150x150.jpg 150w, https:\/\/classicfest.pt\/wp-content\/uploads\/2025\/08\/Logos-Rodape-MOBILE-ENG-12x12.jpg 12w\" sizes=\"(max-width: 716px) 100vw, 716px\" \/>\t\t\t\t\t\t\t\t\t\t\t\t\t\t\t<\/div>\n\t\t\t\t<\/div>\n\t\t\t\t\t<\/div>\n\t\t\t\t<\/a>\n\t\t<div class=\"elementor-element elementor-element-1efe22e0 e-con-full e-flex e-con e-parent\" data-id=\"1efe22e0\" data-element_type=\"container\" data-e-type=\"container\" data-settings=\"{&quot;background_background&quot;:&quot;classic&quot;}\">\n\t\t\t\t<div class=\"elementor-element elementor-element-7620c04c elementor-shape-circle elementor-grid-tablet-1 elementor-grid-mobile-1 e-grid-align-tablet-center e-grid-align-mobile-right elementor-widget__width-auto elementor-grid-0 e-grid-align-center elementor-widget elementor-widget-social-icons\" data-id=\"7620c04c\" data-element_type=\"widget\" data-e-type=\"widget\" data-widget_type=\"social-icons.default\">\n\t\t\t\t<div class=\"elementor-widget-container\">\n\t\t\t\t\t\t\t<div class=\"elementor-social-icons-wrapper elementor-grid\" role=\"list\">\n\t\t\t\t\t\t\t<span class=\"elementor-grid-item\" role=\"listitem\">\n\t\t\t\t\t<a class=\"elementor-icon elementor-social-icon elementor-social-icon-instagram elementor-animation-shrink elementor-repeater-item-24c98ab\" href=\"https:\/\/www.instagram.com\/festivalbraganca\/\" target=\"_blank\">\n\t\t\t\t\t\t<span class=\"elementor-screen-only\">Instagram<\/span>\n\t\t\t\t\t\t<i aria-hidden=\"true\" class=\"fab fa-instagram\"><\/i>\t\t\t\t\t<\/a>\n\t\t\t\t<\/span>\n\t\t\t\t\t\t\t<span class=\"elementor-grid-item\" role=\"listitem\">\n\t\t\t\t\t<a class=\"elementor-icon elementor-social-icon elementor-social-icon-facebook elementor-animation-shrink elementor-repeater-item-efdf808\" href=\"https:\/\/www.facebook.com\/profile.php?id=100072707430882\" target=\"_blank\">\n\t\t\t\t\t\t<span class=\"elementor-screen-only\">Facebook<\/span>\n\t\t\t\t\t\t<i aria-hidden=\"true\" class=\"fab fa-facebook\"><\/i>\t\t\t\t\t<\/a>\n\t\t\t\t<\/span>\n\t\t\t\t\t\t\t<span class=\"elementor-grid-item\" role=\"listitem\">\n\t\t\t\t\t<a class=\"elementor-icon elementor-social-icon elementor-social-icon-x-twitter elementor-animation-shrink elementor-repeater-item-75e472a\" href=\"https:\/\/x.com\/classicfestbrag\" target=\"_blank\">\n\t\t\t\t\t\t<span class=\"elementor-screen-only\">X-twitter<\/span>\n\t\t\t\t\t\t<i aria-hidden=\"true\" class=\"fab fa-x-twitter\"><\/i>\t\t\t\t\t<\/a>\n\t\t\t\t<\/span>\n\t\t\t\t\t<\/div>\n\t\t\t\t\t\t<\/div>\n\t\t\t\t<\/div>\n\t\t\t\t<div class=\"elementor-element elementor-element-2bfefbd9 elementor-widget elementor-widget-theme-site-logo elementor-widget-image\" data-id=\"2bfefbd9\" data-element_type=\"widget\" data-e-type=\"widget\" data-widget_type=\"theme-site-logo.default\">\n\t\t\t\t<div class=\"elementor-widget-container\">\n\t\t\t\t\t\t\t\t\t\t\t<a href=\"https:\/\/classicfest.pt\/en\">\n\t\t\t<img loading=\"lazy\" decoding=\"async\" width=\"300\" height=\"149\" src=\"https:\/\/classicfest.pt\/wp-content\/uploads\/2021\/09\/BCF_LOGO-Laranja-final-300x149.png\" class=\"attachment-medium size-medium wp-image-17904\" alt=\"\" srcset=\"https:\/\/classicfest.pt\/wp-content\/uploads\/2021\/09\/BCF_LOGO-Laranja-final-300x149.png 300w, https:\/\/classicfest.pt\/wp-content\/uploads\/2021\/09\/BCF_LOGO-Laranja-final-1024x509.png 1024w, https:\/\/classicfest.pt\/wp-content\/uploads\/2021\/09\/BCF_LOGO-Laranja-final-768x382.png 768w, https:\/\/classicfest.pt\/wp-content\/uploads\/2021\/09\/BCF_LOGO-Laranja-final-1536x764.png 1536w, https:\/\/classicfest.pt\/wp-content\/uploads\/2021\/09\/BCF_LOGO-Laranja-final-2048x1018.png 2048w, https:\/\/classicfest.pt\/wp-content\/uploads\/2021\/09\/BCF_LOGO-Laranja-final-18x9.png 18w\" sizes=\"(max-width: 300px) 100vw, 300px\" \/>\t\t\t\t<\/a>\n\t\t\t\t\t\t\t\t\t\t\t<\/div>\n\t\t\t\t<\/div>\n\t\t\t\t<div class=\"elementor-element elementor-element-2ee86456 elementor-widget__width-inherit elementor-widget elementor-widget-text-editor\" data-id=\"2ee86456\" data-element_type=\"widget\" data-e-type=\"widget\" data-widget_type=\"text-editor.default\">\n\t\t\t\t<div class=\"elementor-widget-container\">\n\t\t\t\t\t\t\t\t\t<p>\u00a9 Bragan\u00e7a ClassicFest 2025| Built by <a href=\"https:\/\/awd.pt\" target=\"_blank\" rel=\"noopener\">AWD<\/a><\/p>\t\t\t\t\t\t\t\t<\/div>\n\t\t\t\t<\/div>\n\t\t\t\t<\/div>\n\t\t<div class=\"elementor-element elementor-element-44626802 e-flex e-con-boxed e-con e-parent\" data-id=\"44626802\" data-element_type=\"container\" data-e-type=\"container\">\n\t\t\t\t\t<div class=\"e-con-inner\">\n\t\t\t\t\t<\/div>\n\t\t\t\t<\/div>\n\t\t\t\t<\/div>","protected":false},"excerpt":{"rendered":"<p>Edi\u00e7\u00e3o 2023 Bragan\u00e7a Classic Fest 20233\u00aa edi\u00e7\u00e3o O 3\u00ba Festival Internacional de M\u00fasica Bragan\u00e7a ClassicFest apresenta um programa de excel\u00eancia art\u00edstica, consolidando o caminho trilhado nas edi\u00e7\u00f5es de 2021 e 2022, que trouxeram a Bragan\u00e7a o brilho de orquestras e m\u00fasicos consagrados \u2013 como as Orquestras de C\u00e2mara de Viena e de S\u00e3o Petersburgo, G\u00e9rard [&hellip;]<\/p>\n","protected":false},"author":5,"featured_media":0,"parent":0,"menu_order":0,"comment_status":"closed","ping_status":"closed","template":"","meta":{"_acf_changed":false,"footnotes":""},"class_list":["post-5433","page","type-page","status-publish","hentry","entry"],"acf":[],"_links":{"self":[{"href":"https:\/\/classicfest.pt\/en\/wp-json\/wp\/v2\/pages\/5433","targetHints":{"allow":["GET"]}}],"collection":[{"href":"https:\/\/classicfest.pt\/en\/wp-json\/wp\/v2\/pages"}],"about":[{"href":"https:\/\/classicfest.pt\/en\/wp-json\/wp\/v2\/types\/page"}],"author":[{"embeddable":true,"href":"https:\/\/classicfest.pt\/en\/wp-json\/wp\/v2\/users\/5"}],"replies":[{"embeddable":true,"href":"https:\/\/classicfest.pt\/en\/wp-json\/wp\/v2\/comments?post=5433"}],"version-history":[{"count":51,"href":"https:\/\/classicfest.pt\/en\/wp-json\/wp\/v2\/pages\/5433\/revisions"}],"predecessor-version":[{"id":18475,"href":"https:\/\/classicfest.pt\/en\/wp-json\/wp\/v2\/pages\/5433\/revisions\/18475"}],"wp:attachment":[{"href":"https:\/\/classicfest.pt\/en\/wp-json\/wp\/v2\/media?parent=5433"}],"curies":[{"name":"wp","href":"https:\/\/api.w.org\/{rel}","templated":true}]}}