{"id":4631,"date":"2023-06-15T17:25:49","date_gmt":"2023-06-15T17:25:49","guid":{"rendered":"https:\/\/classicfest.pt\/?page_id=4631"},"modified":"2024-09-03T16:17:08","modified_gmt":"2024-09-03T16:17:08","slug":"edicao-2022","status":"publish","type":"page","link":"https:\/\/classicfest.pt\/en\/edicao-2022\/","title":{"rendered":"Edi\u00e7\u00e3o 2022"},"content":{"rendered":"<div data-elementor-type=\"wp-page\" data-elementor-id=\"4631\" class=\"elementor elementor-4631\" data-elementor-post-type=\"page\">\n\t\t\t\t\t\t<section class=\"elementor-section elementor-top-section elementor-element elementor-element-6ae36736 elementor-section-boxed elementor-section-height-default elementor-section-height-default\" data-id=\"6ae36736\" data-element_type=\"section\" data-e-type=\"section\">\n\t\t\t\t\t\t<div class=\"elementor-container elementor-column-gap-no\">\n\t\t\t\t\t<div class=\"elementor-column elementor-col-100 elementor-top-column elementor-element elementor-element-7bda9789\" data-id=\"7bda9789\" data-element_type=\"column\" data-e-type=\"column\">\n\t\t\t<div class=\"elementor-widget-wrap elementor-element-populated\">\n\t\t\t\t\t\t<div class=\"elementor-element elementor-element-59a21cd elementor-widget elementor-widget-spacer\" data-id=\"59a21cd\" data-element_type=\"widget\" data-e-type=\"widget\" data-widget_type=\"spacer.default\">\n\t\t\t\t<div class=\"elementor-widget-container\">\n\t\t\t\t\t\t\t<div class=\"elementor-spacer\">\n\t\t\t<div class=\"elementor-spacer-inner\"><\/div>\n\t\t<\/div>\n\t\t\t\t\t\t<\/div>\n\t\t\t\t<\/div>\n\t\t\t\t<div class=\"elementor-element elementor-element-413bab9b elementor-arrows-position-inside elementor-widget elementor-widget-image-carousel\" data-id=\"413bab9b\" data-element_type=\"widget\" data-e-type=\"widget\" data-settings=\"{&quot;slides_to_show&quot;:&quot;1&quot;,&quot;navigation&quot;:&quot;arrows&quot;,&quot;autoplay&quot;:&quot;yes&quot;,&quot;pause_on_hover&quot;:&quot;yes&quot;,&quot;pause_on_interaction&quot;:&quot;yes&quot;,&quot;autoplay_speed&quot;:5000,&quot;infinite&quot;:&quot;yes&quot;,&quot;effect&quot;:&quot;slide&quot;,&quot;speed&quot;:500}\" data-widget_type=\"image-carousel.default\">\n\t\t\t\t<div class=\"elementor-widget-container\">\n\t\t\t\t\t\t\t<div class=\"elementor-image-carousel-wrapper swiper\" role=\"region\" aria-roledescription=\"carousel\" aria-label=\"Carrossel de imagens\" dir=\"ltr\">\n\t\t\t<div class=\"elementor-image-carousel swiper-wrapper\" aria-live=\"off\">\n\t\t\t\t\t\t\t\t<div class=\"swiper-slide\" role=\"group\" aria-roledescription=\"slide\" aria-label=\"1 of 10\"><figure class=\"swiper-slide-inner\"><img decoding=\"async\" class=\"swiper-slide-image\" src=\"https:\/\/classicfest.pt\/wp-content\/uploads\/2023\/06\/1VienaClassica_mosca4069-1-768x512.jpg\" alt=\"CM Bragan\u00e7a\" \/><figcaption class=\"elementor-image-carousel-caption\">CM Bragan\u00e7a<\/figcaption><\/figure><\/div><div class=\"swiper-slide\" role=\"group\" aria-roledescription=\"slide\" aria-label=\"2 of 10\"><figure class=\"swiper-slide-inner\"><img decoding=\"async\" class=\"swiper-slide-image\" src=\"https:\/\/classicfest.pt\/wp-content\/uploads\/2023\/06\/2ENCERRAMENTO_logo7844_ritacarmo-1-768x512.jpg\" alt=\"2ENCERRAMENTO_logo7844_ritacarmo\" \/><\/figure><\/div><div class=\"swiper-slide\" role=\"group\" aria-roledescription=\"slide\" aria-label=\"3 of 10\"><figure class=\"swiper-slide-inner\"><img decoding=\"async\" class=\"swiper-slide-image\" src=\"https:\/\/classicfest.pt\/wp-content\/uploads\/2023\/06\/3VienaClassica_mosca3994-1-768x512.jpg\" alt=\"CM Bragan\u00e7a\" \/><figcaption class=\"elementor-image-carousel-caption\">CM Bragan\u00e7a<\/figcaption><\/figure><\/div><div class=\"swiper-slide\" role=\"group\" aria-roledescription=\"slide\" aria-label=\"4 of 10\"><figure class=\"swiper-slide-inner\"><img decoding=\"async\" class=\"swiper-slide-image\" src=\"https:\/\/classicfest.pt\/wp-content\/uploads\/2023\/06\/4Tango7461_ritacarmo-1-768x512.jpg\" alt=\"Rita Carmo\" \/><figcaption class=\"elementor-image-carousel-caption\">Rita Carmo<\/figcaption><\/figure><\/div><div class=\"swiper-slide\" role=\"group\" aria-roledescription=\"slide\" aria-label=\"5 of 10\"><figure class=\"swiper-slide-inner\"><img decoding=\"async\" class=\"swiper-slide-image\" src=\"https:\/\/classicfest.pt\/wp-content\/uploads\/2023\/06\/5Juventus_4371-1-768x512.jpg\" alt=\"CM Bragan\u00e7a\" \/><figcaption class=\"elementor-image-carousel-caption\">CM Bragan\u00e7a<\/figcaption><\/figure><\/div><div class=\"swiper-slide\" role=\"group\" aria-roledescription=\"slide\" aria-label=\"6 of 10\"><figure class=\"swiper-slide-inner\"><img decoding=\"async\" class=\"swiper-slide-image\" src=\"https:\/\/classicfest.pt\/wp-content\/uploads\/2023\/06\/6MozartPaganini_mosca4-1-768x512.jpg\" alt=\"CM Bragan\u00e7a\" \/><figcaption class=\"elementor-image-carousel-caption\">CM Bragan\u00e7a<\/figcaption><\/figure><\/div><div class=\"swiper-slide\" role=\"group\" aria-roledescription=\"slide\" aria-label=\"7 of 10\"><figure class=\"swiper-slide-inner\"><img decoding=\"async\" class=\"swiper-slide-image\" src=\"https:\/\/classicfest.pt\/wp-content\/uploads\/2023\/06\/7ENCERRAMENTO_logo7872_ritacarmo-1-768x512.jpg\" alt=\"Rita Carmo\" \/><figcaption class=\"elementor-image-carousel-caption\">Rita Carmo<\/figcaption><\/figure><\/div><div class=\"swiper-slide\" role=\"group\" aria-roledescription=\"slide\" aria-label=\"8 of 10\"><figure class=\"swiper-slide-inner\"><img decoding=\"async\" class=\"swiper-slide-image\" src=\"https:\/\/classicfest.pt\/wp-content\/uploads\/2023\/06\/8Violino_piano7371_ritacarmo-1-768x512.jpg\" alt=\"Rita Carmo\" \/><figcaption class=\"elementor-image-carousel-caption\">Rita Carmo<\/figcaption><\/figure><\/div><div class=\"swiper-slide\" role=\"group\" aria-roledescription=\"slide\" aria-label=\"9 of 10\"><figure class=\"swiper-slide-inner\"><img decoding=\"async\" class=\"swiper-slide-image\" src=\"https:\/\/classicfest.pt\/wp-content\/uploads\/2023\/06\/9Tango7471_ritacarmo-1-768x512.jpg\" alt=\"Rita Carmo\" \/><figcaption class=\"elementor-image-carousel-caption\">Rita Carmo<\/figcaption><\/figure><\/div><div class=\"swiper-slide\" role=\"group\" aria-roledescription=\"slide\" aria-label=\"10 of 10\"><figure class=\"swiper-slide-inner\"><img decoding=\"async\" class=\"swiper-slide-image\" src=\"https:\/\/classicfest.pt\/wp-content\/uploads\/2023\/06\/10Violino_piano7326_ritacarmo-1-768x512.jpg\" alt=\"Rita Carmo\" \/><figcaption class=\"elementor-image-carousel-caption\">Rita Carmo<\/figcaption><\/figure><\/div>\t\t\t<\/div>\n\t\t\t\t\t\t\t\t\t\t\t\t<div class=\"elementor-swiper-button elementor-swiper-button-prev\" role=\"button\" tabindex=\"0\">\n\t\t\t\t\t\t<i aria-hidden=\"true\" class=\"eicon-chevron-left\"><\/i>\t\t\t\t\t<\/div>\n\t\t\t\t\t<div class=\"elementor-swiper-button elementor-swiper-button-next\" role=\"button\" tabindex=\"0\">\n\t\t\t\t\t\t<i aria-hidden=\"true\" class=\"eicon-chevron-right\"><\/i>\t\t\t\t\t<\/div>\n\t\t\t\t\n\t\t\t\t\t\t\t\t\t<\/div>\n\t\t\t\t\t\t<\/div>\n\t\t\t\t<\/div>\n\t\t\t\t\t<\/div>\n\t\t<\/div>\n\t\t\t\t\t<\/div>\n\t\t<\/section>\n\t\t\t\t<section class=\"elementor-section elementor-top-section elementor-element elementor-element-6060a3c5 elementor-section-boxed elementor-section-height-default elementor-section-height-default\" data-id=\"6060a3c5\" data-element_type=\"section\" data-e-type=\"section\">\n\t\t\t\t\t\t<div class=\"elementor-container elementor-column-gap-default\">\n\t\t\t\t\t<div class=\"elementor-column elementor-col-25 elementor-top-column elementor-element elementor-element-2a342213\" data-id=\"2a342213\" data-element_type=\"column\" data-e-type=\"column\">\n\t\t\t<div class=\"elementor-widget-wrap\">\n\t\t\t\t\t\t\t<\/div>\n\t\t<\/div>\n\t\t\t\t<div class=\"elementor-column elementor-col-50 elementor-top-column elementor-element elementor-element-4c998803\" data-id=\"4c998803\" data-element_type=\"column\" data-e-type=\"column\">\n\t\t\t<div class=\"elementor-widget-wrap elementor-element-populated\">\n\t\t\t\t\t\t<div class=\"elementor-element elementor-element-49409129 elementor-widget elementor-widget-text-editor\" data-id=\"49409129\" data-element_type=\"widget\" data-e-type=\"widget\" data-widget_type=\"text-editor.default\">\n\t\t\t\t<div class=\"elementor-widget-container\">\n\t\t\t\t\t\t\t\t\t<h2 style=\"text-align: left;\"><strong>2022 EDITION | 30 SEPT to 09 OCT 2022<\/strong><\/h2><p style=\"text-align: left;\"><span style=\"color: #ff0073;\"><b>PROGRAMME<\/b><\/span><\/p><p style=\"text-align: left;\"><strong><span style=\"color: #000000;\">Download here <a href=\"https:\/\/classicfest.pt\/wp-content\/uploads\/2023\/06\/BCF22_Catalogo.pdf\">CATALOGUE<\/a><\/span><\/strong><br \/><strong><span style=\"color: #000000;\">Download here <a href=\"https:\/\/classicfest.pt\/wp-content\/uploads\/2023\/06\/CARTAZ-BRAGANCA2022.jpg\">POSTER<\/a><\/span><\/strong><\/p><h3 style=\"text-align: left;\">\u00a0<\/h3><p style=\"text-align: left;\"><span style=\"color: #ff0073;\"><strong>30.09.2022<\/strong><\/span><\/p><h4 style=\"text-align: left;\">Opening Concert<\/h4><p style=\"text-align: left;\"><span style=\"color: #000000;\">Vienna Chamber Orchestra<br \/>Mario Hossen: Violin and Direction<\/span><\/p><p style=\"text-align: left;\"><span style=\"color: #808080;\">Pieces of Mozart, Paganini and Haydn<\/span><\/p><p style=\"text-align: left;\"><span style=\"color: #ff0073;\"><b>01.10.2022<\/b><\/span><\/p><h4 style=\"text-align: left;\">Classic Vienna<\/h4><p style=\"text-align: left;\"><em>International Music Day<\/em><\/p><p style=\"text-align: left;\"><span style=\"color: #000000;\">Vienna Chamber Orchestra<br \/>Filipe Pinto-Ribeiro: Piano<br \/>Mario Hossen: Violin<br \/>G\u00e9rard Causs\u00e9: Viola<\/span><\/p><p style=\"text-align: left;\"><span style=\"color: #808080;\">Pieces of Haydn and Mozart<\/span><\/p><p style=\"text-align: left;\"><span style=\"color: #ff0073;\"><b>02.10.2022<\/b><\/span><\/p><h4 style=\"text-align: left;\">Mozart &amp; Paganini<\/h4><p style=\"text-align: left;\"><span style=\"color: #000000;\">Mario Hossen: Violin<br \/>G\u00e9rard Causs\u00e9: Viola<\/span><\/p><p style=\"text-align: left;\"><span style=\"color: #808080;\">Pieces of Mozart, Paganini, Rolla and H\u00e4ndel<\/span><\/p><p style=\"text-align: left;\"><span style=\"color: #ff0073;\"><b>06.10.2022<\/b><\/span><\/p><h4 style=\"text-align: left;\">Violin &amp; Piano Recital<\/h4><p style=\"text-align: left;\"><span style=\"color: #000000;\">Diana Tishchenko: Violin<br \/>Filipe Pinto-Ribeiro: Piano<br \/>DSCH - Shostakovich Ensemble<\/span><\/p><p style=\"text-align: left;\"><span style=\"color: #808080;\">Pieces of Schubert, Sehin, Ravel, Debussy, Kreisler and Gershwin<\/span><\/p><p style=\"text-align: left;\"><span style=\"color: #ff0073;\"><b>07.10.2022<\/b><\/span><\/p><h4 style=\"text-align: left;\">Tango Fest<\/h4><p style=\"text-align: left;\"><span style=\"color: #000000;\">Marcelo Nisinman: Bandone\u00f3n<br \/>Diana Tishchenko: Violin<br \/>Tiago Pinto-Ribeiro: Double Bass<br \/>Rosa Maria Barrantes: Piano<br \/>DSCH - Shostakovich Ensemble<\/span><\/p><p style=\"text-align: left;\"><span style=\"color: #808080;\">Pieces of Nisinman and Piazzolla<\/span><\/p><p style=\"text-align: left;\"><span style=\"color: #ff0073;\"><b>08.10.2022<\/b><\/span><\/p><h4 style=\"text-align: left;\">String Quartet &amp; Piano<\/h4><p style=\"text-align: left;\"><span style=\"color: #000000;\">Filipe Pinto-Ribeiro: Piano<br \/><\/span>Juventus Ensemble<br \/>M\u0103lina Ciobanu: Violin<br \/>Manuel de Almeida Ferrer: Violin<br \/>Jo\u00e3o \u00c1lvares Abreu: Viola<br \/>Pedro Gomes Silva: Cello<\/p><p style=\"text-align: left;\"><span style=\"color: #808080;\">Pieces of Carrapatoso and Dvo\u0159\u00e1k<\/span><\/p><p style=\"text-align: left;\"><span style=\"color: #ff0073;\"><b>09.10.2022<\/b><\/span><\/p><h4 style=\"text-align: left;\">Closing Concert<br \/>Opera Gala<\/h4><p style=\"text-align: left;\"><span style=\"color: #000000;\">Lena Belkina: Mezzo-Soprano<br \/>Matthias Samuil: Piano<\/span><\/p><p style=\"text-align: left;\"><span style=\"color: #808080;\">Pieces of Gluck, Mozart, Chopin, Massenet, Saint-Sa\u00ebns, Bizet and Donizetti<\/span><\/p>\t\t\t\t\t\t\t\t<\/div>\n\t\t\t\t<\/div>\n\t\t\t\t<div class=\"elementor-element elementor-element-b7c5710 elementor-widget elementor-widget-spacer\" data-id=\"b7c5710\" data-element_type=\"widget\" data-e-type=\"widget\" data-widget_type=\"spacer.default\">\n\t\t\t\t<div class=\"elementor-widget-container\">\n\t\t\t\t\t\t\t<div class=\"elementor-spacer\">\n\t\t\t<div class=\"elementor-spacer-inner\"><\/div>\n\t\t<\/div>\n\t\t\t\t\t\t<\/div>\n\t\t\t\t<\/div>\n\t\t\t\t\t<\/div>\n\t\t<\/div>\n\t\t\t\t<div class=\"elementor-column elementor-col-25 elementor-top-column elementor-element elementor-element-6e35dc8c\" data-id=\"6e35dc8c\" data-element_type=\"column\" data-e-type=\"column\">\n\t\t\t<div class=\"elementor-widget-wrap\">\n\t\t\t\t\t\t\t<\/div>\n\t\t<\/div>\n\t\t\t\t\t<\/div>\n\t\t<\/section>\n\t\t\t\t<\/div>","protected":false},"excerpt":{"rendered":"<p>CM Bragan\u00e7a CM Bragan\u00e7a Rita Carmo CM Bragan\u00e7a CM Bragan\u00e7a Rita Carmo Rita Carmo Rita Carmo Rita Carmo EDI\u00c7\u00c3O 2022 \u00a0| \u00a030 SET a 09 OUT 2022 PROGRAMA GERAL Descarregar aqui o CAT\u00c1LOGODescarregar aqui o CARTAZ \u00a0 30.09.2022 Concerto de Abertura Orquestra de C\u00e2mara de VienaMario Hossen: Violino e Direc\u00e7\u00e3o musical Obras de Mozart, Paganini [&hellip;]<\/p>\n","protected":false},"author":5,"featured_media":0,"parent":0,"menu_order":0,"comment_status":"closed","ping_status":"closed","template":"","meta":{"_acf_changed":false,"footnotes":""},"class_list":["post-4631","page","type-page","status-publish","hentry","entry"],"acf":[],"_links":{"self":[{"href":"https:\/\/classicfest.pt\/en\/wp-json\/wp\/v2\/pages\/4631","targetHints":{"allow":["GET"]}}],"collection":[{"href":"https:\/\/classicfest.pt\/en\/wp-json\/wp\/v2\/pages"}],"about":[{"href":"https:\/\/classicfest.pt\/en\/wp-json\/wp\/v2\/types\/page"}],"author":[{"embeddable":true,"href":"https:\/\/classicfest.pt\/en\/wp-json\/wp\/v2\/users\/5"}],"replies":[{"embeddable":true,"href":"https:\/\/classicfest.pt\/en\/wp-json\/wp\/v2\/comments?post=4631"}],"version-history":[{"count":32,"href":"https:\/\/classicfest.pt\/en\/wp-json\/wp\/v2\/pages\/4631\/revisions"}],"predecessor-version":[{"id":17303,"href":"https:\/\/classicfest.pt\/en\/wp-json\/wp\/v2\/pages\/4631\/revisions\/17303"}],"wp:attachment":[{"href":"https:\/\/classicfest.pt\/en\/wp-json\/wp\/v2\/media?parent=4631"}],"curies":[{"name":"wp","href":"https:\/\/api.w.org\/{rel}","templated":true}]}}