{"id":3703,"date":"2023-06-14T09:36:27","date_gmt":"2023-06-14T09:36:27","guid":{"rendered":"https:\/\/classicfest.pt\/?page_id=3703"},"modified":"2025-09-01T15:09:55","modified_gmt":"2025-09-01T15:09:55","slug":"calendario-geral-2023","status":"publish","type":"page","link":"https:\/\/classicfest.pt\/en\/calendario-geral-2023\/","title":{"rendered":"Calend\u00e1rio Geral 2023"},"content":{"rendered":"<div data-elementor-type=\"wp-page\" data-elementor-id=\"3703\" class=\"elementor elementor-3703\" data-elementor-post-type=\"page\">\n\t\t\t\t\t\t<section class=\"elementor-section elementor-top-section elementor-element elementor-element-3d4a327 elementor-section-boxed elementor-section-height-default elementor-section-height-default\" data-id=\"3d4a327\" data-element_type=\"section\" data-e-type=\"section\">\n\t\t\t\t\t\t<div class=\"elementor-container elementor-column-gap-default\">\n\t\t\t\t\t<div class=\"elementor-column elementor-col-16 elementor-top-column elementor-element elementor-element-29086e9\" data-id=\"29086e9\" data-element_type=\"column\" data-e-type=\"column\">\n\t\t\t<div class=\"elementor-widget-wrap\">\n\t\t\t\t\t\t\t<\/div>\n\t\t<\/div>\n\t\t\t\t<div class=\"elementor-column elementor-col-66 elementor-top-column elementor-element elementor-element-b45c674\" data-id=\"b45c674\" data-element_type=\"column\" data-e-type=\"column\">\n\t\t\t<div class=\"elementor-widget-wrap elementor-element-populated\">\n\t\t\t\t\t\t<div class=\"elementor-element elementor-element-bed1884 elementor-widget elementor-widget-heading\" data-id=\"bed1884\" data-element_type=\"widget\" data-e-type=\"widget\" data-widget_type=\"heading.default\">\n\t\t\t\t<div class=\"elementor-widget-container\">\n\t\t\t\t\t<h4 class=\"elementor-heading-title elementor-size-large\">Edi\u00e7\u00e3o 2023<\/h4>\t\t\t\t<\/div>\n\t\t\t\t<\/div>\n\t\t\t\t<div class=\"elementor-element elementor-element-3dd4be6 elementor-widget elementor-widget-spacer\" data-id=\"3dd4be6\" data-element_type=\"widget\" data-e-type=\"widget\" data-widget_type=\"spacer.default\">\n\t\t\t\t<div class=\"elementor-widget-container\">\n\t\t\t\t\t\t\t<div class=\"elementor-spacer\">\n\t\t\t<div class=\"elementor-spacer-inner\"><\/div>\n\t\t<\/div>\n\t\t\t\t\t\t<\/div>\n\t\t\t\t<\/div>\n\t\t\t\t\t<\/div>\n\t\t<\/div>\n\t\t\t\t<div class=\"elementor-column elementor-col-16 elementor-top-column elementor-element elementor-element-b35bd26\" data-id=\"b35bd26\" data-element_type=\"column\" data-e-type=\"column\">\n\t\t\t<div class=\"elementor-widget-wrap\">\n\t\t\t\t\t\t\t<\/div>\n\t\t<\/div>\n\t\t\t\t\t<\/div>\n\t\t<\/section>\n\t\t\t\t<section class=\"elementor-section elementor-top-section elementor-element elementor-element-2de86128 elementor-section-boxed elementor-section-height-default elementor-section-height-default\" data-id=\"2de86128\" data-element_type=\"section\" data-e-type=\"section\">\n\t\t\t\t\t\t<div class=\"elementor-container elementor-column-gap-default\">\n\t\t\t\t\t<div class=\"elementor-column elementor-col-16 elementor-top-column elementor-element elementor-element-247a4e9e\" data-id=\"247a4e9e\" data-element_type=\"column\" data-e-type=\"column\">\n\t\t\t<div class=\"elementor-widget-wrap\">\n\t\t\t\t\t\t\t<\/div>\n\t\t<\/div>\n\t\t\t\t<div class=\"elementor-column elementor-col-66 elementor-top-column elementor-element elementor-element-1769c24\" data-id=\"1769c24\" data-element_type=\"column\" data-e-type=\"column\">\n\t\t\t<div class=\"elementor-widget-wrap elementor-element-populated\">\n\t\t\t\t\t\t<div class=\"elementor-element elementor-element-48ec285 elementor-widget elementor-widget-text-editor\" data-id=\"48ec285\" data-element_type=\"widget\" data-e-type=\"widget\" data-widget_type=\"text-editor.default\">\n\t\t\t\t<div class=\"elementor-widget-container\">\n\t\t\t\t\t\t\t\t\t<h2><b>GENERAL SCHEDULE<\/b><\/h2>\t\t\t\t\t\t\t\t<\/div>\n\t\t\t\t<\/div>\n\t\t\t\t<div class=\"elementor-element elementor-element-72b930c3 elementor-widget elementor-widget-text-editor\" data-id=\"72b930c3\" data-element_type=\"widget\" data-e-type=\"widget\" data-widget_type=\"text-editor.default\">\n\t\t\t\t<div class=\"elementor-widget-container\">\n\t\t\t\t\t\t\t\t\t<p><span style=\"color: #da1c5c;\"><strong>September 29th<\/strong><\/span><br \/><span style=\"color: #000000;\"><strong>9:00 pm<\/strong><\/span> | <span style=\"color: #000000;\">Teatro Municipal de Bragan\u00e7a<\/span><br \/><a href=\"https:\/\/classicfest.pt\/en\/concerto-abertura\/\">OPENING CONCERT \u2013 ASTURIAS SYMPHONY ORQUESTRA<\/a><\/p><p><span style=\"color: #da1c5c;\"><strong>September 30th<\/strong> <\/span><br \/><span style=\"color: #000000;\"><strong>9:00 pm<\/strong><\/span> |\u00a0<span style=\"caret-color: #000000; color: #000000; font-family: 'Roboto Slab', sans-serif; font-size: 16px; font-style: normal; font-variant-caps: normal;\">Teatro Municipal de Bragan\u00e7a<\/span><br \/><a href=\"https:\/\/classicfest.pt\/en\/sinfonia-novo-mundo\/\">NEW WORLD SYMPHONY<\/a><\/p><p><span style=\"color: #da1c5c;\"><strong>1 October<\/strong><\/span> <br \/><span style=\"color: #000000;\"><strong>pm 5:00<\/strong><\/span> | <span style=\"color: #000000;\">Igreja da S\u00e9 de Bragan\u00e7a<\/span><br \/><em>International Music Day<\/em> \u2013 <a href=\"https:\/\/classicfest.pt\/en\/bach-a-solo\/\">SOLO BACH<\/a><\/p><p><span style=\"color: #da1c5c;\"><strong>3 October<\/strong><\/span> <br \/><span style=\"color: #000000;\"><strong>9:00 pm<\/strong><\/span> | <span style=\"color: #000000;\">Igreja de Santa Maria &#8211; Cidadela de Bragan\u00e7a<\/span><br \/><a href=\"https:\/\/classicfest.pt\/en\/arte-do-trio\/\">ART OF THE TRIO<\/a><\/p><p><span style=\"color: #da1c5c;\"><strong>October 5th<\/strong><\/span> <br \/><strong><span style=\"color: #000000;\">9:00 pm<\/span><\/strong> | <span style=\"caret-color: #000000; color: #000000; font-family: 'Roboto Slab', sans-serif; font-size: 16px; font-style: normal; font-variant-caps: normal;\">Igreja de S\u00e3o Francisco<\/span><br \/><a href=\"https:\/\/classicfest.pt\/en\/mozart-fest\/\">MOZART FEST<\/a><\/p><p><strong><span style=\"color: #da1c5c;\">October 6th<\/span> <\/strong><br \/><span style=\"color: #000000;\"><strong>9:00 pm<\/strong><\/span> | <span style=\"color: #000000;\">Teatro Municipal de Bragan\u00e7a<\/span><br \/><a href=\"https:\/\/classicfest.pt\/en\/gala-de-opera\/\">OPERA GALA<\/a><\/p><p><strong><span style=\"color: #da1c5c;\">October 7th<\/span><\/strong> <br \/><span style=\"color: #000000;\"><strong>9:00 pm<\/strong><\/span> | <span style=\"caret-color: #000000; color: #000000; font-family: 'Roboto Slab', sans-serif; font-size: 16px; font-style: normal; font-variant-caps: normal;\">Teatro Municipal de Bragan\u00e7a<\/span><br \/><a href=\"https:\/\/classicfest.pt\/en\/concerto-de-encerramento\/\">CLOSING CONCERT - THE GREAT FANTASY<\/a><\/p>\t\t\t\t\t\t\t\t<\/div>\n\t\t\t\t<\/div>\n\t\t\t\t<div class=\"elementor-element elementor-element-6ee062c3 elementor-widget elementor-widget-spacer\" data-id=\"6ee062c3\" data-element_type=\"widget\" data-e-type=\"widget\" data-widget_type=\"spacer.default\">\n\t\t\t\t<div class=\"elementor-widget-container\">\n\t\t\t\t\t\t\t<div class=\"elementor-spacer\">\n\t\t\t<div class=\"elementor-spacer-inner\"><\/div>\n\t\t<\/div>\n\t\t\t\t\t\t<\/div>\n\t\t\t\t<\/div>\n\t\t\t\t\t<\/div>\n\t\t<\/div>\n\t\t\t\t<div class=\"elementor-column elementor-col-16 elementor-top-column elementor-element elementor-element-29b69418\" data-id=\"29b69418\" data-element_type=\"column\" data-e-type=\"column\">\n\t\t\t<div class=\"elementor-widget-wrap\">\n\t\t\t\t\t\t\t<\/div>\n\t\t<\/div>\n\t\t\t\t\t<\/div>\n\t\t<\/section>\n\t\t<a class=\"elementor-element elementor-element-2b5c156f elementor-hidden-mobile e-flex e-con-boxed e-con e-parent\" data-id=\"2b5c156f\" data-element_type=\"container\" data-e-type=\"container\" href=\"https:\/\/classicfest.pt\/en\/apoios\/\">\n\t\t\t\t\t<div class=\"e-con-inner\">\n\t\t\t\t<div class=\"elementor-element elementor-element-68fc7c33 elementor-widget elementor-widget-image\" data-id=\"68fc7c33\" data-element_type=\"widget\" data-e-type=\"widget\" data-widget_type=\"image.default\">\n\t\t\t\t<div class=\"elementor-widget-container\">\n\t\t\t\t\t\t\t\t\t\t\t\t\t\t\t<img fetchpriority=\"high\" decoding=\"async\" width=\"1024\" height=\"160\" src=\"https:\/\/classicfest.pt\/wp-content\/uploads\/2025\/09\/Logos-FOOTER-ENG.jpg\" class=\"attachment-large size-large wp-image-18505\" alt=\"\" srcset=\"https:\/\/classicfest.pt\/wp-content\/uploads\/2025\/09\/Logos-FOOTER-ENG.jpg 1920w, https:\/\/classicfest.pt\/wp-content\/uploads\/2025\/09\/Logos-FOOTER-ENG-300x47.jpg 300w, https:\/\/classicfest.pt\/wp-content\/uploads\/2025\/09\/Logos-FOOTER-ENG-1024x160.jpg 1024w, https:\/\/classicfest.pt\/wp-content\/uploads\/2025\/09\/Logos-FOOTER-ENG-768x120.jpg 768w, https:\/\/classicfest.pt\/wp-content\/uploads\/2025\/09\/Logos-FOOTER-ENG-1536x240.jpg 1536w, https:\/\/classicfest.pt\/wp-content\/uploads\/2025\/09\/Logos-FOOTER-ENG-18x3.jpg 18w\" sizes=\"(max-width: 1024px) 100vw, 1024px\" \/>\t\t\t\t\t\t\t\t\t\t\t\t\t\t\t<\/div>\n\t\t\t\t<\/div>\n\t\t\t\t\t<\/div>\n\t\t\t\t<\/a>\n\t\t<a class=\"elementor-element elementor-element-1dcc97ef elementor-hidden-desktop elementor-hidden-tablet e-flex e-con-boxed e-con e-parent\" data-id=\"1dcc97ef\" data-element_type=\"container\" data-e-type=\"container\" href=\"https:\/\/classicfest.pt\/en\/apoios\/\">\n\t\t\t\t\t<div class=\"e-con-inner\">\n\t\t\t\t<div class=\"elementor-element elementor-element-3e3a2561 elementor-widget elementor-widget-image\" data-id=\"3e3a2561\" data-element_type=\"widget\" data-e-type=\"widget\" data-widget_type=\"image.default\">\n\t\t\t\t<div class=\"elementor-widget-container\">\n\t\t\t\t\t\t\t\t\t\t\t\t\t\t\t<img decoding=\"async\" width=\"716\" height=\"711\" src=\"https:\/\/classicfest.pt\/wp-content\/uploads\/2025\/08\/Logos-Rodape-MOBILE-ENG.jpg\" class=\"attachment-large size-large wp-image-17758\" alt=\"\" srcset=\"https:\/\/classicfest.pt\/wp-content\/uploads\/2025\/08\/Logos-Rodape-MOBILE-ENG.jpg 716w, https:\/\/classicfest.pt\/wp-content\/uploads\/2025\/08\/Logos-Rodape-MOBILE-ENG-300x298.jpg 300w, https:\/\/classicfest.pt\/wp-content\/uploads\/2025\/08\/Logos-Rodape-MOBILE-ENG-150x150.jpg 150w, https:\/\/classicfest.pt\/wp-content\/uploads\/2025\/08\/Logos-Rodape-MOBILE-ENG-12x12.jpg 12w\" sizes=\"(max-width: 716px) 100vw, 716px\" \/>\t\t\t\t\t\t\t\t\t\t\t\t\t\t\t<\/div>\n\t\t\t\t<\/div>\n\t\t\t\t\t<\/div>\n\t\t\t\t<\/a>\n\t\t<div class=\"elementor-element elementor-element-5d137bd2 e-con-full e-flex e-con e-parent\" data-id=\"5d137bd2\" data-element_type=\"container\" data-e-type=\"container\" data-settings=\"{&quot;background_background&quot;:&quot;classic&quot;}\">\n\t\t\t\t<div class=\"elementor-element elementor-element-13b207ba elementor-shape-circle elementor-grid-tablet-1 elementor-grid-mobile-1 e-grid-align-tablet-center e-grid-align-mobile-right elementor-widget__width-auto elementor-grid-0 e-grid-align-center elementor-widget elementor-widget-social-icons\" data-id=\"13b207ba\" data-element_type=\"widget\" data-e-type=\"widget\" data-widget_type=\"social-icons.default\">\n\t\t\t\t<div class=\"elementor-widget-container\">\n\t\t\t\t\t\t\t<div class=\"elementor-social-icons-wrapper elementor-grid\" role=\"list\">\n\t\t\t\t\t\t\t<span class=\"elementor-grid-item\" role=\"listitem\">\n\t\t\t\t\t<a class=\"elementor-icon elementor-social-icon elementor-social-icon-instagram elementor-animation-shrink elementor-repeater-item-24c98ab\" href=\"https:\/\/www.instagram.com\/festivalbraganca\/\" target=\"_blank\">\n\t\t\t\t\t\t<span class=\"elementor-screen-only\">Instagram<\/span>\n\t\t\t\t\t\t<i aria-hidden=\"true\" class=\"fab fa-instagram\"><\/i>\t\t\t\t\t<\/a>\n\t\t\t\t<\/span>\n\t\t\t\t\t\t\t<span class=\"elementor-grid-item\" role=\"listitem\">\n\t\t\t\t\t<a class=\"elementor-icon elementor-social-icon elementor-social-icon-facebook elementor-animation-shrink elementor-repeater-item-efdf808\" href=\"https:\/\/www.facebook.com\/profile.php?id=100072707430882\" target=\"_blank\">\n\t\t\t\t\t\t<span class=\"elementor-screen-only\">Facebook<\/span>\n\t\t\t\t\t\t<i aria-hidden=\"true\" class=\"fab fa-facebook\"><\/i>\t\t\t\t\t<\/a>\n\t\t\t\t<\/span>\n\t\t\t\t\t\t\t<span class=\"elementor-grid-item\" role=\"listitem\">\n\t\t\t\t\t<a class=\"elementor-icon elementor-social-icon elementor-social-icon-x-twitter elementor-animation-shrink elementor-repeater-item-75e472a\" href=\"https:\/\/x.com\/classicfestbrag\" target=\"_blank\">\n\t\t\t\t\t\t<span class=\"elementor-screen-only\">X-twitter<\/span>\n\t\t\t\t\t\t<i aria-hidden=\"true\" class=\"fab fa-x-twitter\"><\/i>\t\t\t\t\t<\/a>\n\t\t\t\t<\/span>\n\t\t\t\t\t<\/div>\n\t\t\t\t\t\t<\/div>\n\t\t\t\t<\/div>\n\t\t\t\t<div class=\"elementor-element elementor-element-31ff8e47 elementor-widget elementor-widget-theme-site-logo elementor-widget-image\" data-id=\"31ff8e47\" data-element_type=\"widget\" data-e-type=\"widget\" data-widget_type=\"theme-site-logo.default\">\n\t\t\t\t<div class=\"elementor-widget-container\">\n\t\t\t\t\t\t\t\t\t\t\t<a href=\"https:\/\/classicfest.pt\/en\">\n\t\t\t<img decoding=\"async\" width=\"300\" height=\"149\" src=\"https:\/\/classicfest.pt\/wp-content\/uploads\/2021\/09\/BCF_LOGO-Laranja-final-300x149.png\" class=\"attachment-medium size-medium wp-image-17904\" alt=\"\" srcset=\"https:\/\/classicfest.pt\/wp-content\/uploads\/2021\/09\/BCF_LOGO-Laranja-final-300x149.png 300w, https:\/\/classicfest.pt\/wp-content\/uploads\/2021\/09\/BCF_LOGO-Laranja-final-1024x509.png 1024w, https:\/\/classicfest.pt\/wp-content\/uploads\/2021\/09\/BCF_LOGO-Laranja-final-768x382.png 768w, https:\/\/classicfest.pt\/wp-content\/uploads\/2021\/09\/BCF_LOGO-Laranja-final-1536x764.png 1536w, https:\/\/classicfest.pt\/wp-content\/uploads\/2021\/09\/BCF_LOGO-Laranja-final-2048x1018.png 2048w, https:\/\/classicfest.pt\/wp-content\/uploads\/2021\/09\/BCF_LOGO-Laranja-final-18x9.png 18w\" sizes=\"(max-width: 300px) 100vw, 300px\" \/>\t\t\t\t<\/a>\n\t\t\t\t\t\t\t\t\t\t\t<\/div>\n\t\t\t\t<\/div>\n\t\t\t\t<div class=\"elementor-element elementor-element-5be32c8 elementor-widget__width-inherit elementor-widget elementor-widget-text-editor\" data-id=\"5be32c8\" data-element_type=\"widget\" data-e-type=\"widget\" data-widget_type=\"text-editor.default\">\n\t\t\t\t<div class=\"elementor-widget-container\">\n\t\t\t\t\t\t\t\t\t<p>\u00a9 Bragan\u00e7a ClassicFest 2025 | Built by <a href=\"https:\/\/awd.pt\" target=\"_blank\" rel=\"noopener\">AWD<\/a><\/p>\t\t\t\t\t\t\t\t<\/div>\n\t\t\t\t<\/div>\n\t\t\t\t<\/div>\n\t\t\t\t<\/div>","protected":false},"excerpt":{"rendered":"<p>Edi\u00e7\u00e3o 2023 CALEND\u00c1RIO GERAL 29 Setembro21h00 | Teatro Municipal de Bragan\u00e7aCONCERTO ABERTURA \u2013 ORQUESTRA SINF\u00d3NICA DAS AST\u00daRIAS 30 Setembro 21h00 |\u00a0Teatro Municipal de Bragan\u00e7aSINFONIA DO NOVO MUNDO 1 Outubro 17h00 | Igreja da S\u00e9 de Bragan\u00e7aDia Mundial da M\u00fasica \u2013 BACH A SOLO 3 Outubro 21h00 | Igreja de Santa Maria &#8211; Cidadela de Bragan\u00e7aA [&hellip;]<\/p>\n","protected":false},"author":5,"featured_media":4507,"parent":0,"menu_order":0,"comment_status":"closed","ping_status":"closed","template":"","meta":{"_acf_changed":false,"footnotes":""},"class_list":["post-3703","page","type-page","status-publish","has-post-thumbnail","hentry","entry","has-media"],"acf":[],"_links":{"self":[{"href":"https:\/\/classicfest.pt\/en\/wp-json\/wp\/v2\/pages\/3703","targetHints":{"allow":["GET"]}}],"collection":[{"href":"https:\/\/classicfest.pt\/en\/wp-json\/wp\/v2\/pages"}],"about":[{"href":"https:\/\/classicfest.pt\/en\/wp-json\/wp\/v2\/types\/page"}],"author":[{"embeddable":true,"href":"https:\/\/classicfest.pt\/en\/wp-json\/wp\/v2\/users\/5"}],"replies":[{"embeddable":true,"href":"https:\/\/classicfest.pt\/en\/wp-json\/wp\/v2\/comments?post=3703"}],"version-history":[{"count":78,"href":"https:\/\/classicfest.pt\/en\/wp-json\/wp\/v2\/pages\/3703\/revisions"}],"predecessor-version":[{"id":18534,"href":"https:\/\/classicfest.pt\/en\/wp-json\/wp\/v2\/pages\/3703\/revisions\/18534"}],"wp:featuredmedia":[{"embeddable":true,"href":"https:\/\/classicfest.pt\/en\/wp-json\/wp\/v2\/media\/4507"}],"wp:attachment":[{"href":"https:\/\/classicfest.pt\/en\/wp-json\/wp\/v2\/media?parent=3703"}],"curies":[{"name":"wp","href":"https:\/\/api.w.org\/{rel}","templated":true}]}}