{"id":18140,"date":"2025-08-28T17:37:42","date_gmt":"2025-08-28T17:37:42","guid":{"rendered":"https:\/\/lab.classicfest.pt\/?page_id=18140"},"modified":"2025-08-29T16:42:23","modified_gmt":"2025-08-29T16:42:23","slug":"introducao-2024","status":"publish","type":"page","link":"https:\/\/classicfest.pt\/en\/introducao-2024\/","title":{"rendered":"Introdu\u00e7\u00e3o 2024"},"content":{"rendered":"<div data-elementor-type=\"wp-page\" data-elementor-id=\"18140\" class=\"elementor elementor-18140\" data-elementor-post-type=\"page\">\n\t\t\t\t\t\t<section class=\"elementor-section elementor-top-section elementor-element elementor-element-f178f6f elementor-section-full_width elementor-section-height-default elementor-section-height-default\" data-id=\"f178f6f\" data-element_type=\"section\" data-e-type=\"section\">\n\t\t\t\t\t\t<div class=\"elementor-container elementor-column-gap-no\">\n\t\t\t\t\t<div class=\"elementor-column elementor-col-100 elementor-top-column elementor-element elementor-element-3d667ba\" data-id=\"3d667ba\" data-element_type=\"column\" data-e-type=\"column\">\n\t\t\t<div class=\"elementor-widget-wrap elementor-element-populated\">\n\t\t\t\t\t\t<div class=\"elementor-element elementor-element-4c6e4d3 elementor-widget elementor-widget-heading\" data-id=\"4c6e4d3\" data-element_type=\"widget\" data-e-type=\"widget\" data-widget_type=\"heading.default\">\n\t\t\t\t<div class=\"elementor-widget-container\">\n\t\t\t\t\t<h4 class=\"elementor-heading-title elementor-size-large\">Edi\u00e7\u00e3o 2024<\/h4>\t\t\t\t<\/div>\n\t\t\t\t<\/div>\n\t\t\t\t<div class=\"elementor-element elementor-element-d152436 elementor-widget elementor-widget-image\" data-id=\"d152436\" data-element_type=\"widget\" data-e-type=\"widget\" data-widget_type=\"image.default\">\n\t\t\t\t<div class=\"elementor-widget-container\">\n\t\t\t\t\t\t\t\t\t\t\t\t\t\t\t<img decoding=\"async\" width=\"150\" height=\"150\" src=\"https:\/\/classicfest.pt\/wp-content\/uploads\/2025\/08\/BCF-old-Thumbnail.png\" class=\"attachment-full size-full wp-image-18321\" alt=\"\" srcset=\"https:\/\/classicfest.pt\/wp-content\/uploads\/2025\/08\/BCF-old-Thumbnail.png 150w, https:\/\/classicfest.pt\/wp-content\/uploads\/2025\/08\/BCF-old-Thumbnail-12x12.png 12w\" sizes=\"(max-width: 150px) 100vw, 150px\" \/>\t\t\t\t\t\t\t\t\t\t\t\t\t\t\t<\/div>\n\t\t\t\t<\/div>\n\t\t\t\t\t<\/div>\n\t\t<\/div>\n\t\t\t\t\t<\/div>\n\t\t<\/section>\n\t\t<div class=\"elementor-element elementor-element-028d72e e-con-full e-flex e-con e-parent\" data-id=\"028d72e\" data-element_type=\"container\" data-e-type=\"container\" data-settings=\"{&quot;background_background&quot;:&quot;classic&quot;}\">\n\t\t<div class=\"elementor-element elementor-element-afb64f8 e-flex e-con-boxed e-con e-child\" data-id=\"afb64f8\" data-element_type=\"container\" data-e-type=\"container\">\n\t\t\t\t\t<div class=\"e-con-inner\">\n\t\t\t\t<div class=\"elementor-element elementor-element-c484df1 elementor-widget elementor-widget-text-editor\" data-id=\"c484df1\" data-element_type=\"widget\" data-e-type=\"widget\" data-widget_type=\"text-editor.default\">\n\t\t\t\t<div class=\"elementor-widget-container\">\n\t\t\t\t\t\t\t\t\t<p style=\"text-align: center;\"><strong>Bragan\u00e7a Classic Fest 2024<br \/><\/strong>4th edition<\/p><p class=\"translation-block\">In this year of 2024, as we celebrate the 50th anniversary of the 25th of April, the BRAGAN\u00c7A CLASSICFEST International Music Festival continues its mission of democratic access to artistic excellence. Since 2021, it has brought to Bragan\u00e7a celebrated orchestras and musicians \u2013 such as the Vienna and St. Petersburg Chamber Orchestras, the Asturias Symphony Orchestra, violinists Esther Hoppe, Mario Hossen and Diana Tischenko, singers Lena Belkina and Julia Muzychenko, violist G\u00e9rard Causs\u00e9, clarinetist Pascal Moragu\u00e8s, among many other world renowned artists \u2013 for memorable concerts that have sold out to an enthusiastic and multi-generational audience.<\/p><p class=\"translation-block\">Starting on October 1st, International Music Day, and for two weeks, the 4th CLASSICFEST turns Bragan\u00e7a into the epicenter of classical music in Portugal, with an eclectic and exciting program, promoting the celebration of community life through the universal language of Music.<\/p><p class=\"translation-block\">Among the artists and ensembles present at this 4th edition, two exceptional artists stand out at the Opening Concert: the Samuil sisters \u2013 soprano Anna and violinist Tatiana \u2013 both highly awarded soloists in major international competitions, who will present in Bragan\u00e7a their latest discographic project \"Il Mondo Felice\" for the first time in Portugal.<\/p><p class=\"translation-block\">Other highlights of the 4th BRAGAN\u00c7A CLASSICFEST program are the concerts of two internationally renowned orchestras: The Paris Symphony Orchestra \"Consuelo\", one of the most audacious orchestral projects of recent years, which on October 5th will perform the extraordinary 6th and 8th Symphonies by Ludwig van Beethoven, thus continuing the complete Beethoven Symphonies cycle at BRAGAN\u00c7A CLASSICFEST, which began in 2023 with the 5th Symphony by the Asturias Symphony Orchestra. At the Closing Concert, on October 12th, the Venice Baroque Orchestra \"I Solisti Veneti\", founded in 1959 and considered one of the most prestigious baroque orchestras of the last decades \u2013 with an extraordinary career of over 6,000 concerts in about 90 countries and around 350 albums recorded for the best labels \u2013 will present a concert entirely filled with music by the famous Venetian composer Antonio Vivaldi.<\/p><p class=\"translation-block\">This 4th edition will also be marked by the celebration of the 500th anniversary of the birth of Lu\u00eds Vaz de Cam\u00f5es, with a diptych of concerts dedicated to the greatest poet of the Portuguese language by renowned ensembles, namely the Concerto Atl\u00e2ntico, directed by its founder Pedro Caldeira Cabral, and Sete L\u00e1grimas, under the direction of Filipe Faria and S\u00e9rgio Peixoto.<\/p><p class=\"translation-block\">There will also be tribute concerts to two great figures of Portuguese culture in recent decades: Ant\u00f3nio Victorino d\u2019Almeida, whose 70-year career we celebrate in the presence of the composer and pianist himself, in a Carta Branca concert with several guests. Ant\u00f3nio Mega Ferreira, whose literary work will be evoked with the interpretation of his favorite music, notably the famous cycle \"Pictures at an Exhibition\", accompanied by readings by Pedro Lamares and Filipa Leal, of an anthology of texts specially selected for this tribute by Marcelo Rebelo de Sousa, Gra\u00e7a Morais, Simonetta Luz Afonso, Guilherme d'Oliveira Martins, Margarida Pinto Correia, among others.<\/p><p class=\"translation-block\">And, last but not least, a highlight on the concerts of the Schostakovich and Juventus Ensembles, featuring renowned musicians and young talents, performing works by great composers: from Mendelssohn to Dvo\u0159\u00e1k, from Beethoven to Schostakovich.<\/p><p class=\"translation-block\">In addition to the nine concerts of this 4th edition, BRAGAN\u00c7A CLASSICFEST continues its important educational and cultural awareness axis, with masterclasses and meetings, with the participation of the artists present at the festival and especially aimed at the musicians and students of the city and region.<\/p><p class=\"translation-block\">A significant hallmark of BRAGAN\u00c7A CLASSICFEST, since its 1st edition, is the realization of concerts in venues of great heritage value, as will happen in 2024 at the Churches of S\u00e3o Francisco and Santa Maria, in a healthy cross between Music and the Historical, Cultural, and Architectural Heritage of the Bragan\u00e7a territory.<\/p><p class=\"translation-block\">Thus, this 4th edition continues the path of consolidating BRAGAN\u00c7A CLASSICFEST as a cultural event of excellence, on a national and international scale, contributing to the dynamism and prosperity of the region.<\/p><p class=\"translation-block\">We extend our heartfelt thanks to all those who make the BRAGAN\u00c7A CLASSICFEST International Music Festival possible, starting with the fundamental support of the Municipality of Bragan\u00e7a, the Municipal Theatre of Bragan\u00e7a, and the DSCH Musical Association, promoters and organizers of this commendable initiative, and the festival\u2019s patron, BPI\/Funda\u00e7\u00e3o \u201cla Caixa\u201d. We also thank the Directorate-General for the Arts, the Diocese of Miranda-Bragan\u00e7a, the media partner RTP Antena 2, and especially His Excellency the President of the Republic, for the High Patronage once again granted.<\/p>\t\t\t\t\t\t\t\t<\/div>\n\t\t\t\t<\/div>\n\t\t\t\t<div class=\"elementor-element elementor-element-d47b167 elementor-widget elementor-widget-text-editor\" data-id=\"d47b167\" data-element_type=\"widget\" data-e-type=\"widget\" data-widget_type=\"text-editor.default\">\n\t\t\t\t<div class=\"elementor-widget-container\">\n\t\t\t\t\t\t\t\t\t<p><span style=\"color: #929b3d;\"><strong>Filipe Pinto-Ribeiro<br \/><\/strong><\/span>Director Art\u00edstico do Festival Internacional de M\u00fasica Bragan\u00e7a ClassicFest<\/p>\t\t\t\t\t\t\t\t<\/div>\n\t\t\t\t<\/div>\n\t\t\t\t\t<\/div>\n\t\t\t\t<\/div>\n\t\t\t\t<\/div>\n\t\t<a class=\"elementor-element elementor-element-2291b593 elementor-hidden-mobile e-flex e-con-boxed e-con e-parent\" data-id=\"2291b593\" data-element_type=\"container\" data-e-type=\"container\" href=\"https:\/\/classicfest.pt\/en\/apoios\/\">\n\t\t\t\t\t<div class=\"e-con-inner\">\n\t\t\t\t<div class=\"elementor-element elementor-element-2647e660 elementor-widget elementor-widget-image\" data-id=\"2647e660\" data-element_type=\"widget\" data-e-type=\"widget\" data-widget_type=\"image.default\">\n\t\t\t\t<div class=\"elementor-widget-container\">\n\t\t\t\t\t\t\t\t\t\t\t\t\t\t\t<img fetchpriority=\"high\" decoding=\"async\" width=\"1024\" height=\"160\" src=\"https:\/\/classicfest.pt\/wp-content\/uploads\/2025\/08\/Rodape-Desktop-ENG.jpg\" class=\"attachment-large size-large wp-image-18071\" alt=\"\" srcset=\"https:\/\/classicfest.pt\/wp-content\/uploads\/2025\/08\/Rodape-Desktop-ENG.jpg 1024w, https:\/\/classicfest.pt\/wp-content\/uploads\/2025\/08\/Rodape-Desktop-ENG-300x47.jpg 300w, https:\/\/classicfest.pt\/wp-content\/uploads\/2025\/08\/Rodape-Desktop-ENG-768x120.jpg 768w, https:\/\/classicfest.pt\/wp-content\/uploads\/2025\/08\/Rodape-Desktop-ENG-18x3.jpg 18w\" sizes=\"(max-width: 1024px) 100vw, 1024px\" \/>\t\t\t\t\t\t\t\t\t\t\t\t\t\t\t<\/div>\n\t\t\t\t<\/div>\n\t\t\t\t\t<\/div>\n\t\t\t\t<\/a>\n\t\t<a class=\"elementor-element elementor-element-4746b033 elementor-hidden-desktop elementor-hidden-tablet e-flex e-con-boxed e-con e-parent\" data-id=\"4746b033\" data-element_type=\"container\" data-e-type=\"container\" href=\"https:\/\/classicfest.pt\/en\/apoios\/\">\n\t\t\t\t\t<div class=\"e-con-inner\">\n\t\t\t\t<div class=\"elementor-element elementor-element-1d2b3e91 elementor-widget elementor-widget-image\" data-id=\"1d2b3e91\" data-element_type=\"widget\" data-e-type=\"widget\" data-widget_type=\"image.default\">\n\t\t\t\t<div class=\"elementor-widget-container\">\n\t\t\t\t\t\t\t\t\t\t\t\t\t\t\t<img decoding=\"async\" width=\"716\" height=\"711\" src=\"https:\/\/classicfest.pt\/wp-content\/uploads\/2025\/08\/Logos-Rodape-MOBILE-ENG.jpg\" class=\"attachment-large size-large wp-image-17758\" alt=\"\" srcset=\"https:\/\/classicfest.pt\/wp-content\/uploads\/2025\/08\/Logos-Rodape-MOBILE-ENG.jpg 716w, https:\/\/classicfest.pt\/wp-content\/uploads\/2025\/08\/Logos-Rodape-MOBILE-ENG-300x298.jpg 300w, https:\/\/classicfest.pt\/wp-content\/uploads\/2025\/08\/Logos-Rodape-MOBILE-ENG-150x150.jpg 150w, https:\/\/classicfest.pt\/wp-content\/uploads\/2025\/08\/Logos-Rodape-MOBILE-ENG-12x12.jpg 12w\" sizes=\"(max-width: 716px) 100vw, 716px\" \/>\t\t\t\t\t\t\t\t\t\t\t\t\t\t\t<\/div>\n\t\t\t\t<\/div>\n\t\t\t\t\t<\/div>\n\t\t\t\t<\/a>\n\t\t<div class=\"elementor-element elementor-element-1e4e510a e-con-full e-flex e-con e-parent\" data-id=\"1e4e510a\" data-element_type=\"container\" data-e-type=\"container\" data-settings=\"{&quot;background_background&quot;:&quot;classic&quot;}\">\n\t\t\t\t<div class=\"elementor-element elementor-element-6460815e elementor-shape-circle elementor-grid-tablet-1 elementor-grid-mobile-1 e-grid-align-tablet-center e-grid-align-mobile-right elementor-widget__width-auto elementor-grid-0 e-grid-align-center elementor-widget elementor-widget-social-icons\" data-id=\"6460815e\" data-element_type=\"widget\" data-e-type=\"widget\" data-widget_type=\"social-icons.default\">\n\t\t\t\t<div class=\"elementor-widget-container\">\n\t\t\t\t\t\t\t<div class=\"elementor-social-icons-wrapper elementor-grid\" role=\"list\">\n\t\t\t\t\t\t\t<span class=\"elementor-grid-item\" role=\"listitem\">\n\t\t\t\t\t<a class=\"elementor-icon elementor-social-icon elementor-social-icon-instagram elementor-animation-shrink elementor-repeater-item-24c98ab\" href=\"https:\/\/www.instagram.com\/festivalbraganca\/\" target=\"_blank\">\n\t\t\t\t\t\t<span class=\"elementor-screen-only\">Instagram<\/span>\n\t\t\t\t\t\t<i aria-hidden=\"true\" class=\"fab fa-instagram\"><\/i>\t\t\t\t\t<\/a>\n\t\t\t\t<\/span>\n\t\t\t\t\t\t\t<span class=\"elementor-grid-item\" role=\"listitem\">\n\t\t\t\t\t<a class=\"elementor-icon elementor-social-icon elementor-social-icon-facebook elementor-animation-shrink elementor-repeater-item-efdf808\" href=\"https:\/\/www.facebook.com\/profile.php?id=100072707430882\" target=\"_blank\">\n\t\t\t\t\t\t<span class=\"elementor-screen-only\">Facebook<\/span>\n\t\t\t\t\t\t<i aria-hidden=\"true\" class=\"fab fa-facebook\"><\/i>\t\t\t\t\t<\/a>\n\t\t\t\t<\/span>\n\t\t\t\t\t\t\t<span class=\"elementor-grid-item\" role=\"listitem\">\n\t\t\t\t\t<a class=\"elementor-icon elementor-social-icon elementor-social-icon-x-twitter elementor-animation-shrink elementor-repeater-item-75e472a\" href=\"https:\/\/x.com\/classicfestbrag\" target=\"_blank\">\n\t\t\t\t\t\t<span class=\"elementor-screen-only\">X-twitter<\/span>\n\t\t\t\t\t\t<i aria-hidden=\"true\" class=\"fab fa-x-twitter\"><\/i>\t\t\t\t\t<\/a>\n\t\t\t\t<\/span>\n\t\t\t\t\t<\/div>\n\t\t\t\t\t\t<\/div>\n\t\t\t\t<\/div>\n\t\t\t\t<div class=\"elementor-element elementor-element-1fc3a758 elementor-widget elementor-widget-theme-site-logo elementor-widget-image\" data-id=\"1fc3a758\" data-element_type=\"widget\" data-e-type=\"widget\" data-widget_type=\"theme-site-logo.default\">\n\t\t\t\t<div class=\"elementor-widget-container\">\n\t\t\t\t\t\t\t\t\t\t\t<a href=\"https:\/\/classicfest.pt\/en\">\n\t\t\t<img loading=\"lazy\" decoding=\"async\" width=\"300\" height=\"149\" src=\"https:\/\/classicfest.pt\/wp-content\/uploads\/2021\/09\/BCF_LOGO-Laranja-final-300x149.png\" class=\"attachment-medium size-medium wp-image-17904\" alt=\"\" srcset=\"https:\/\/classicfest.pt\/wp-content\/uploads\/2021\/09\/BCF_LOGO-Laranja-final-300x149.png 300w, https:\/\/classicfest.pt\/wp-content\/uploads\/2021\/09\/BCF_LOGO-Laranja-final-1024x509.png 1024w, https:\/\/classicfest.pt\/wp-content\/uploads\/2021\/09\/BCF_LOGO-Laranja-final-768x382.png 768w, https:\/\/classicfest.pt\/wp-content\/uploads\/2021\/09\/BCF_LOGO-Laranja-final-1536x764.png 1536w, https:\/\/classicfest.pt\/wp-content\/uploads\/2021\/09\/BCF_LOGO-Laranja-final-2048x1018.png 2048w, https:\/\/classicfest.pt\/wp-content\/uploads\/2021\/09\/BCF_LOGO-Laranja-final-18x9.png 18w\" sizes=\"(max-width: 300px) 100vw, 300px\" \/>\t\t\t\t<\/a>\n\t\t\t\t\t\t\t\t\t\t\t<\/div>\n\t\t\t\t<\/div>\n\t\t\t\t<div class=\"elementor-element elementor-element-2d3d6646 elementor-widget__width-inherit elementor-widget elementor-widget-text-editor\" data-id=\"2d3d6646\" data-element_type=\"widget\" data-e-type=\"widget\" data-widget_type=\"text-editor.default\">\n\t\t\t\t<div class=\"elementor-widget-container\">\n\t\t\t\t\t\t\t\t\t<p>\u00a9 Bragan\u00e7a ClassicFest 2025| Built by <a href=\"https:\/\/awd.pt\" target=\"_blank\" rel=\"noopener\">AWD<\/a><\/p>\t\t\t\t\t\t\t\t<\/div>\n\t\t\t\t<\/div>\n\t\t\t\t<\/div>\n\t\t<div class=\"elementor-element elementor-element-785cc4c0 e-flex e-con-boxed e-con e-parent\" data-id=\"785cc4c0\" data-element_type=\"container\" data-e-type=\"container\">\n\t\t\t\t\t<div class=\"e-con-inner\">\n\t\t\t\t\t<\/div>\n\t\t\t\t<\/div>\n\t\t\t\t<\/div>","protected":false},"excerpt":{"rendered":"<p>Edi\u00e7\u00e3o 2024 Bragan\u00e7a Classic Fest 20244\u00aa edi\u00e7\u00e3o Neste ano de\u00a02024\u00a0em que celebramos o\u00a0cinquenten\u00e1rio do 25 de Abril, o\u00a0Festival Internacional de M\u00fasica BRAGAN\u00c7A CLASSICFEST\u00a0prossegue a sua miss\u00e3o de\u00a0acesso democr\u00e1tico \u00e0 excel\u00eancia art\u00edstica, que, desde 2021, tem trazido a Bragan\u00e7a orquestras e m\u00fasicos consagrados \u2013 como as Orquestras de C\u00e2mara de Viena e de S\u00e3o Petersburgo, a [&hellip;]<\/p>\n","protected":false},"author":9,"featured_media":0,"parent":0,"menu_order":0,"comment_status":"closed","ping_status":"closed","template":"","meta":{"_acf_changed":false,"footnotes":""},"class_list":["post-18140","page","type-page","status-publish","hentry","entry"],"acf":[],"_links":{"self":[{"href":"https:\/\/classicfest.pt\/en\/wp-json\/wp\/v2\/pages\/18140","targetHints":{"allow":["GET"]}}],"collection":[{"href":"https:\/\/classicfest.pt\/en\/wp-json\/wp\/v2\/pages"}],"about":[{"href":"https:\/\/classicfest.pt\/en\/wp-json\/wp\/v2\/types\/page"}],"author":[{"embeddable":true,"href":"https:\/\/classicfest.pt\/en\/wp-json\/wp\/v2\/users\/9"}],"replies":[{"embeddable":true,"href":"https:\/\/classicfest.pt\/en\/wp-json\/wp\/v2\/comments?post=18140"}],"version-history":[{"count":31,"href":"https:\/\/classicfest.pt\/en\/wp-json\/wp\/v2\/pages\/18140\/revisions"}],"predecessor-version":[{"id":18469,"href":"https:\/\/classicfest.pt\/en\/wp-json\/wp\/v2\/pages\/18140\/revisions\/18469"}],"wp:attachment":[{"href":"https:\/\/classicfest.pt\/en\/wp-json\/wp\/v2\/media?parent=18140"}],"curies":[{"name":"wp","href":"https:\/\/api.w.org\/{rel}","templated":true}]}}