{"id":1373,"date":"2023-08-20T13:10:57","date_gmt":"2023-08-20T13:10:57","guid":{"rendered":"https:\/\/classicfest.pt\/?page_id=1373"},"modified":"2023-11-28T21:52:22","modified_gmt":"2023-11-28T21:52:22","slug":"rosa-maria-barrantes","status":"publish","type":"page","link":"https:\/\/classicfest.pt\/en\/rosa-maria-barrantes\/","title":{"rendered":"Rosa Maria Barrantes"},"content":{"rendered":"<div data-elementor-type=\"wp-page\" data-elementor-id=\"1373\" class=\"elementor elementor-1373\" data-elementor-post-type=\"page\">\n\t\t\t\t\t\t<section class=\"elementor-section elementor-top-section elementor-element elementor-element-616ba792 elementor-section-boxed elementor-section-height-default elementor-section-height-default\" data-id=\"616ba792\" data-element_type=\"section\" data-e-type=\"section\">\n\t\t\t\t\t\t<div class=\"elementor-container elementor-column-gap-default\">\n\t\t\t\t\t<div class=\"elementor-column elementor-col-16 elementor-top-column elementor-element elementor-element-6547aac2\" data-id=\"6547aac2\" data-element_type=\"column\" data-e-type=\"column\">\n\t\t\t<div class=\"elementor-widget-wrap\">\n\t\t\t\t\t\t\t<\/div>\n\t\t<\/div>\n\t\t\t\t<div class=\"elementor-column elementor-col-66 elementor-top-column elementor-element elementor-element-59449a8\" data-id=\"59449a8\" data-element_type=\"column\" data-e-type=\"column\">\n\t\t\t<div class=\"elementor-widget-wrap elementor-element-populated\">\n\t\t\t\t\t\t<div class=\"elementor-element elementor-element-48b86b99 elementor-widget elementor-widget-spacer\" data-id=\"48b86b99\" data-element_type=\"widget\" data-e-type=\"widget\" data-widget_type=\"spacer.default\">\n\t\t\t\t<div class=\"elementor-widget-container\">\n\t\t\t\t\t\t\t<div class=\"elementor-spacer\">\n\t\t\t<div class=\"elementor-spacer-inner\"><\/div>\n\t\t<\/div>\n\t\t\t\t\t\t<\/div>\n\t\t\t\t<\/div>\n\t\t\t\t\t<\/div>\n\t\t<\/div>\n\t\t\t\t<div class=\"elementor-column elementor-col-16 elementor-top-column elementor-element elementor-element-7d0062f0\" data-id=\"7d0062f0\" data-element_type=\"column\" data-e-type=\"column\">\n\t\t\t<div class=\"elementor-widget-wrap\">\n\t\t\t\t\t\t\t<\/div>\n\t\t<\/div>\n\t\t\t\t\t<\/div>\n\t\t<\/section>\n\t\t\t\t<section class=\"elementor-section elementor-top-section elementor-element elementor-element-6f390bc2 elementor-section-boxed elementor-section-height-default elementor-section-height-default\" data-id=\"6f390bc2\" data-element_type=\"section\" data-e-type=\"section\" data-settings=\"{&quot;background_background&quot;:&quot;classic&quot;}\">\n\t\t\t\t\t\t<div class=\"elementor-container elementor-column-gap-default\">\n\t\t\t\t\t<div class=\"elementor-column elementor-col-25 elementor-top-column elementor-element elementor-element-420e6c39\" data-id=\"420e6c39\" data-element_type=\"column\" data-e-type=\"column\">\n\t\t\t<div class=\"elementor-widget-wrap\">\n\t\t\t\t\t\t\t<\/div>\n\t\t<\/div>\n\t\t\t\t<div class=\"elementor-column elementor-col-25 elementor-top-column elementor-element elementor-element-58b03a92\" data-id=\"58b03a92\" data-element_type=\"column\" data-e-type=\"column\">\n\t\t\t<div class=\"elementor-widget-wrap elementor-element-populated\">\n\t\t\t\t\t\t<div class=\"elementor-element elementor-element-7f138420 elementor-widget elementor-widget-image\" data-id=\"7f138420\" data-element_type=\"widget\" data-e-type=\"widget\" data-widget_type=\"image.default\">\n\t\t\t\t<div class=\"elementor-widget-container\">\n\t\t\t\t\t\t\t\t\t\t\t\t<figure class=\"wp-caption\">\n\t\t\t\t\t\t\t\t\t\t<img fetchpriority=\"high\" decoding=\"async\" width=\"400\" height=\"400\" src=\"https:\/\/classicfest.pt\/wp-content\/uploads\/2023\/08\/ARTISTAS12.jpg\" class=\"attachment-medium_large size-medium_large wp-image-4927\" alt=\"\" srcset=\"https:\/\/classicfest.pt\/wp-content\/uploads\/2023\/08\/ARTISTAS12.jpg 400w, https:\/\/classicfest.pt\/wp-content\/uploads\/2023\/08\/ARTISTAS12-300x300.jpg 300w, https:\/\/classicfest.pt\/wp-content\/uploads\/2023\/08\/ARTISTAS12-150x150.jpg 150w, https:\/\/classicfest.pt\/wp-content\/uploads\/2023\/08\/ARTISTAS12-12x12.jpg 12w\" sizes=\"(max-width: 400px) 100vw, 400px\" \/>\t\t\t\t\t\t\t\t\t\t\t<figcaption class=\"widget-image-caption wp-caption-text\">Photo: Rita Carmo<\/figcaption>\n\t\t\t\t\t\t\t\t\t\t<\/figure>\n\t\t\t\t\t\t\t\t\t<\/div>\n\t\t\t\t<\/div>\n\t\t\t\t\t<\/div>\n\t\t<\/div>\n\t\t\t\t<div class=\"elementor-column elementor-col-25 elementor-top-column elementor-element elementor-element-2300ee32\" data-id=\"2300ee32\" data-element_type=\"column\" data-e-type=\"column\">\n\t\t\t<div class=\"elementor-widget-wrap elementor-element-populated\">\n\t\t\t\t\t\t<div class=\"elementor-element elementor-element-2752bebf elementor-widget elementor-widget-heading\" data-id=\"2752bebf\" data-element_type=\"widget\" data-e-type=\"widget\" data-widget_type=\"heading.default\">\n\t\t\t\t<div class=\"elementor-widget-container\">\n\t\t\t\t\t<h4 class=\"elementor-heading-title elementor-size-large\">Rosa Maria\nBarrantes<\/h4>\t\t\t\t<\/div>\n\t\t\t\t<\/div>\n\t\t\t\t<div class=\"elementor-element elementor-element-1c94c039 elementor-widget elementor-widget-text-editor\" data-id=\"1c94c039\" data-element_type=\"widget\" data-e-type=\"widget\" data-widget_type=\"text-editor.default\">\n\t\t\t\t<div class=\"elementor-widget-container\">\n\t\t\t\t\t\t\t\t\t<p class=\"translation-block\">Pianist Rosa Maria Barrantes began her musical studies in her hometown of Lima, Peru. Later, she studied at the Catholic University of Santiago de Chile, with the pianist Maria Iris Radrig\u00e1n, and completed her degree with merit. She entered the prestigious Tchaikovsky Conservatory in Moscow, in the class of Professor Natalia Troull, going on to obtain a doctorate from the same institution with the highest classifications.\nIt was from that time, in Moscow, that her pianistic duo with Filipe Pinto-Ribeiro dates back, who have been performing for the last two decades in Portugal, the United States, Latin America and several European countries. The duo recorded an album with works by Debussy, Faur\u00e9, Ravel, Satie and Poulenc, with excellent reviews from the specialized press.\nIn the field of chamber music, Rosa Maria Barrantes was a member of the Trio Americano and frequently collaborates with the DSCH \u2013 Shostakovich Ensemble. She has played with great musicians from the international scene, such as Anna Samuil, Corey Cerovsek, Adrian Brendel, Pascal Moragu\u00e8s, Marcelo Nisinman, H\u00e9ctor del Curto, Chen Halevi, Jack Liebeck and Gary Hoffman, among many others.\nRosa Maria Barrantes was Professor of Piano and Chamber Music in the Degree in Music at the Piaget Institute and is currently professor of Piano at the Conservat\u00f3rio Metropolitano de Lisboa and pedagogical coordinator of the Festival and Academy VER\u00c3O CL\u00c1SSICO, which takes place annually in Lisbon and is constituted today as one of the most important festivals and musical academies in the world.<\/p>\t\t\t\t\t\t\t\t<\/div>\n\t\t\t\t<\/div>\n\t\t\t\t<div class=\"elementor-element elementor-element-003eb80 elementor-widget elementor-widget-spacer\" data-id=\"003eb80\" data-element_type=\"widget\" data-e-type=\"widget\" data-widget_type=\"spacer.default\">\n\t\t\t\t<div class=\"elementor-widget-container\">\n\t\t\t\t\t\t\t<div class=\"elementor-spacer\">\n\t\t\t<div class=\"elementor-spacer-inner\"><\/div>\n\t\t<\/div>\n\t\t\t\t\t\t<\/div>\n\t\t\t\t<\/div>\n\t\t\t\t<div class=\"elementor-element elementor-element-2d70d43 elementor-widget elementor-widget-text-editor\" data-id=\"2d70d43\" data-element_type=\"widget\" data-e-type=\"widget\" data-widget_type=\"text-editor.default\">\n\t\t\t\t<div class=\"elementor-widget-container\">\n\t\t\t\t\t\t\t\t\t<p><span style=\"color: #007681;\"><strong>7th October 09:00 PM<\/strong>\u00a0&#8211;\u00a0<\/span><span style=\"font-size: 16px; color: #333333;\">Teatro Municipal de Bragan\u00e7a<br \/><\/span><a href=\"https:\/\/classicfest.pt\/en\/concerto-de-encerramento\/\"><strong><span lang=\"PT\">CLOSING CONCERT<br \/>THE GREAT FANTASY<\/span><\/strong><\/a><\/p><p>\u00a0<\/p>\t\t\t\t\t\t\t\t<\/div>\n\t\t\t\t<\/div>\n\t\t\t\t\t<\/div>\n\t\t<\/div>\n\t\t\t\t<div class=\"elementor-column elementor-col-25 elementor-top-column elementor-element elementor-element-2ec15d4f\" data-id=\"2ec15d4f\" data-element_type=\"column\" data-e-type=\"column\">\n\t\t\t<div class=\"elementor-widget-wrap\">\n\t\t\t\t\t\t\t<\/div>\n\t\t<\/div>\n\t\t\t\t\t<\/div>\n\t\t<\/section>\n\t\t\t\t<section class=\"elementor-section elementor-top-section elementor-element elementor-element-159374ce elementor-section-boxed elementor-section-height-default elementor-section-height-default\" data-id=\"159374ce\" data-element_type=\"section\" data-e-type=\"section\">\n\t\t\t\t\t\t<div class=\"elementor-container elementor-column-gap-default\">\n\t\t\t\t\t<div class=\"elementor-column elementor-col-25 elementor-top-column elementor-element elementor-element-1c71ea0b\" data-id=\"1c71ea0b\" data-element_type=\"column\" data-e-type=\"column\">\n\t\t\t<div class=\"elementor-widget-wrap\">\n\t\t\t\t\t\t\t<\/div>\n\t\t<\/div>\n\t\t\t\t<div class=\"elementor-column elementor-col-25 elementor-top-column elementor-element elementor-element-6e26cc0d\" data-id=\"6e26cc0d\" data-element_type=\"column\" data-e-type=\"column\">\n\t\t\t<div class=\"elementor-widget-wrap elementor-element-populated\">\n\t\t\t\t\t\t<div class=\"elementor-element elementor-element-3670b7cc elementor-align-right elementor-mobile-align-center elementor-widget elementor-widget-button\" data-id=\"3670b7cc\" data-element_type=\"widget\" data-e-type=\"widget\" data-widget_type=\"button.default\">\n\t\t\t\t<div class=\"elementor-widget-container\">\n\t\t\t\t\t\t\t\t\t<div class=\"elementor-button-wrapper\">\n\t\t\t\t\t<a class=\"elementor-button elementor-button-link elementor-size-sm elementor-animation-shrink\" href=\"https:\/\/classicfest.pt\/en\/matthias-samuil\/\">\n\t\t\t\t\t\t<span class=\"elementor-button-content-wrapper\">\n\t\t\t\t\t\t\t\t\t<span class=\"elementor-button-text\">PREVIOUS<\/span>\n\t\t\t\t\t<\/span>\n\t\t\t\t\t<\/a>\n\t\t\t\t<\/div>\n\t\t\t\t\t\t\t\t<\/div>\n\t\t\t\t<\/div>\n\t\t\t\t\t<\/div>\n\t\t<\/div>\n\t\t\t\t<div class=\"elementor-column elementor-col-25 elementor-top-column elementor-element elementor-element-79faf457\" data-id=\"79faf457\" data-element_type=\"column\" data-e-type=\"column\">\n\t\t\t<div class=\"elementor-widget-wrap elementor-element-populated\">\n\t\t\t\t\t\t<div class=\"elementor-element elementor-element-1623bc91 elementor-align-left elementor-mobile-align-center elementor-widget elementor-widget-button\" data-id=\"1623bc91\" data-element_type=\"widget\" data-e-type=\"widget\" data-widget_type=\"button.default\">\n\t\t\t\t<div class=\"elementor-widget-container\">\n\t\t\t\t\t\t\t\t\t<div class=\"elementor-button-wrapper\">\n\t\t\t\t\t<a class=\"elementor-button elementor-button-link elementor-size-sm elementor-animation-shrink\" href=\"https:\/\/classicfest.pt\/en\/amia-janicki\/\">\n\t\t\t\t\t\t<span class=\"elementor-button-content-wrapper\">\n\t\t\t\t\t\t\t\t\t<span class=\"elementor-button-text\">NEXT<\/span>\n\t\t\t\t\t<\/span>\n\t\t\t\t\t<\/a>\n\t\t\t\t<\/div>\n\t\t\t\t\t\t\t\t<\/div>\n\t\t\t\t<\/div>\n\t\t\t\t\t<\/div>\n\t\t<\/div>\n\t\t\t\t<div class=\"elementor-column elementor-col-25 elementor-top-column elementor-element elementor-element-7d9b5223\" data-id=\"7d9b5223\" data-element_type=\"column\" data-e-type=\"column\">\n\t\t\t<div class=\"elementor-widget-wrap\">\n\t\t\t\t\t\t\t<\/div>\n\t\t<\/div>\n\t\t\t\t\t<\/div>\n\t\t<\/section>\n\t\t\t\t<section class=\"elementor-section elementor-top-section elementor-element elementor-element-6ca899d5 elementor-section-boxed elementor-section-height-default elementor-section-height-default\" data-id=\"6ca899d5\" data-element_type=\"section\" data-e-type=\"section\">\n\t\t\t\t\t\t<div class=\"elementor-container elementor-column-gap-default\">\n\t\t\t\t\t<div class=\"elementor-column elementor-col-33 elementor-top-column elementor-element elementor-element-6560682\" data-id=\"6560682\" data-element_type=\"column\" data-e-type=\"column\">\n\t\t\t<div class=\"elementor-widget-wrap elementor-element-populated\">\n\t\t\t\t\t\t<div class=\"elementor-element elementor-element-29e6912a elementor-widget elementor-widget-image\" data-id=\"29e6912a\" data-element_type=\"widget\" data-e-type=\"widget\" data-widget_type=\"image.default\">\n\t\t\t\t<div class=\"elementor-widget-container\">\n\t\t\t\t\t\t\t\t\t\t\t\t\t\t\t\t<a href=\"https:\/\/www.presidencia.pt\/\" target=\"_blank\">\n\t\t\t\t\t\t\t<img decoding=\"async\" width=\"820\" height=\"237\" src=\"https:\/\/classicfest.pt\/wp-content\/uploads\/2022\/08\/presidente.jpg\" class=\"attachment-large size-large wp-image-2877\" alt=\"\" srcset=\"https:\/\/classicfest.pt\/wp-content\/uploads\/2022\/08\/presidente.jpg 820w, https:\/\/classicfest.pt\/wp-content\/uploads\/2022\/08\/presidente-300x87.jpg 300w, https:\/\/classicfest.pt\/wp-content\/uploads\/2022\/08\/presidente-768x222.jpg 768w, https:\/\/classicfest.pt\/wp-content\/uploads\/2022\/08\/presidente-18x5.jpg 18w\" sizes=\"(max-width: 820px) 100vw, 820px\" \/>\t\t\t\t\t\t\t\t<\/a>\n\t\t\t\t\t\t\t\t\t\t\t\t\t\t\t<\/div>\n\t\t\t\t<\/div>\n\t\t\t\t\t<\/div>\n\t\t<\/div>\n\t\t\t\t<div class=\"elementor-column elementor-col-33 elementor-top-column elementor-element elementor-element-59a7f35\" data-id=\"59a7f35\" data-element_type=\"column\" data-e-type=\"column\">\n\t\t\t<div class=\"elementor-widget-wrap elementor-element-populated\">\n\t\t\t\t\t\t<div class=\"elementor-element elementor-element-2323e4ad elementor-widget elementor-widget-image\" data-id=\"2323e4ad\" data-element_type=\"widget\" data-e-type=\"widget\" data-widget_type=\"image.default\">\n\t\t\t\t<div class=\"elementor-widget-container\">\n\t\t\t\t\t\t\t\t\t\t\t\t\t\t\t\t<a href=\"https:\/\/www.cm-braganca.pt\" target=\"_blank\">\n\t\t\t\t\t\t\t<img decoding=\"async\" width=\"870\" height=\"299\" src=\"https:\/\/classicfest.pt\/wp-content\/uploads\/2021\/09\/CMun_braganca_org_.jpg\" class=\"attachment-large size-large wp-image-1600\" alt=\"\" srcset=\"https:\/\/classicfest.pt\/wp-content\/uploads\/2021\/09\/CMun_braganca_org_.jpg 870w, https:\/\/classicfest.pt\/wp-content\/uploads\/2021\/09\/CMun_braganca_org_-300x103.jpg 300w, https:\/\/classicfest.pt\/wp-content\/uploads\/2021\/09\/CMun_braganca_org_-768x264.jpg 768w, https:\/\/classicfest.pt\/wp-content\/uploads\/2021\/09\/CMun_braganca_org_-18x6.jpg 18w\" sizes=\"(max-width: 870px) 100vw, 870px\" \/>\t\t\t\t\t\t\t\t<\/a>\n\t\t\t\t\t\t\t\t\t\t\t\t\t\t\t<\/div>\n\t\t\t\t<\/div>\n\t\t\t\t\t<\/div>\n\t\t<\/div>\n\t\t\t\t<div class=\"elementor-column elementor-col-33 elementor-top-column elementor-element elementor-element-3678f05\" data-id=\"3678f05\" data-element_type=\"column\" data-e-type=\"column\">\n\t\t\t<div class=\"elementor-widget-wrap elementor-element-populated\">\n\t\t\t\t\t\t<div class=\"elementor-element elementor-element-502bbca0 elementor-widget elementor-widget-image\" data-id=\"502bbca0\" data-element_type=\"widget\" data-e-type=\"widget\" data-widget_type=\"image.default\">\n\t\t\t\t<div class=\"elementor-widget-container\">\n\t\t\t\t\t\t\t\t\t\t\t\t\t\t\t\t<a href=\"https:\/\/teatromunicipal.cm-braganca.pt\/\" target=\"_blank\">\n\t\t\t\t\t\t\t<img loading=\"lazy\" decoding=\"async\" width=\"800\" height=\"342\" src=\"https:\/\/classicfest.pt\/wp-content\/uploads\/2021\/09\/TMB_LOGO-cor.jpg\" class=\"attachment-large size-large wp-image-592\" alt=\"\" srcset=\"https:\/\/classicfest.pt\/wp-content\/uploads\/2021\/09\/TMB_LOGO-cor.jpg 800w, https:\/\/classicfest.pt\/wp-content\/uploads\/2021\/09\/TMB_LOGO-cor-300x128.jpg 300w, https:\/\/classicfest.pt\/wp-content\/uploads\/2021\/09\/TMB_LOGO-cor-768x328.jpg 768w\" sizes=\"(max-width: 800px) 100vw, 800px\" \/>\t\t\t\t\t\t\t\t<\/a>\n\t\t\t\t\t\t\t\t\t\t\t\t\t\t\t<\/div>\n\t\t\t\t<\/div>\n\t\t\t\t\t<\/div>\n\t\t<\/div>\n\t\t\t\t\t<\/div>\n\t\t<\/section>\n\t\t\t\t<section class=\"elementor-section elementor-top-section elementor-element elementor-element-4aa8d970 elementor-section-boxed elementor-section-height-default elementor-section-height-default\" data-id=\"4aa8d970\" data-element_type=\"section\" data-e-type=\"section\">\n\t\t\t\t\t\t<div class=\"elementor-container elementor-column-gap-default\">\n\t\t\t\t\t<div class=\"elementor-column elementor-col-25 elementor-top-column elementor-element elementor-element-362221cc\" data-id=\"362221cc\" data-element_type=\"column\" data-e-type=\"column\">\n\t\t\t<div class=\"elementor-widget-wrap\">\n\t\t\t\t\t\t\t<\/div>\n\t\t<\/div>\n\t\t\t\t<div class=\"elementor-column elementor-col-25 elementor-top-column elementor-element elementor-element-11307757\" data-id=\"11307757\" data-element_type=\"column\" data-e-type=\"column\">\n\t\t\t<div class=\"elementor-widget-wrap elementor-element-populated\">\n\t\t\t\t\t\t<div class=\"elementor-element elementor-element-14426854 elementor-widget elementor-widget-image\" data-id=\"14426854\" data-element_type=\"widget\" data-e-type=\"widget\" data-widget_type=\"image.default\">\n\t\t\t\t<div class=\"elementor-widget-container\">\n\t\t\t\t\t\t\t\t\t\t\t\t\t\t\t\t<a href=\"https:\/\/www.dsch.pt\" target=\"_blank\">\n\t\t\t\t\t\t\t<img loading=\"lazy\" decoding=\"async\" width=\"1024\" height=\"360\" src=\"https:\/\/classicfest.pt\/wp-content\/uploads\/2021\/09\/dsch_redbase-1024x360.png\" class=\"attachment-large size-large wp-image-593\" alt=\"\" srcset=\"https:\/\/classicfest.pt\/wp-content\/uploads\/2021\/09\/dsch_redbase-1024x360.png 1024w, https:\/\/classicfest.pt\/wp-content\/uploads\/2021\/09\/dsch_redbase-300x105.png 300w, https:\/\/classicfest.pt\/wp-content\/uploads\/2021\/09\/dsch_redbase-768x270.png 768w, https:\/\/classicfest.pt\/wp-content\/uploads\/2021\/09\/dsch_redbase.png 1067w\" sizes=\"(max-width: 1024px) 100vw, 1024px\" \/>\t\t\t\t\t\t\t\t<\/a>\n\t\t\t\t\t\t\t\t\t\t\t\t\t\t\t<\/div>\n\t\t\t\t<\/div>\n\t\t\t\t\t<\/div>\n\t\t<\/div>\n\t\t\t\t<div class=\"elementor-column elementor-col-25 elementor-top-column elementor-element elementor-element-4e7b805f\" data-id=\"4e7b805f\" data-element_type=\"column\" data-e-type=\"column\">\n\t\t\t<div class=\"elementor-widget-wrap elementor-element-populated\">\n\t\t\t\t\t\t<div class=\"elementor-element elementor-element-3223f350 elementor-widget elementor-widget-image\" data-id=\"3223f350\" data-element_type=\"widget\" data-e-type=\"widget\" data-widget_type=\"image.default\">\n\t\t\t\t<div class=\"elementor-widget-container\">\n\t\t\t\t\t\t\t\t\t\t\t\t\t\t\t\t<a href=\"https:\/\/fundacaolacaixa.pt\/pt\/home\" target=\"_blank\">\n\t\t\t\t\t\t\t<img loading=\"lazy\" decoding=\"async\" width=\"606\" height=\"153\" src=\"https:\/\/classicfest.pt\/wp-content\/uploads\/2021\/09\/BPI-COR_.jpg\" class=\"attachment-large size-large wp-image-1599\" alt=\"\" srcset=\"https:\/\/classicfest.pt\/wp-content\/uploads\/2021\/09\/BPI-COR_.jpg 606w, https:\/\/classicfest.pt\/wp-content\/uploads\/2021\/09\/BPI-COR_-300x76.jpg 300w, https:\/\/classicfest.pt\/wp-content\/uploads\/2021\/09\/BPI-COR_-18x5.jpg 18w\" sizes=\"(max-width: 606px) 100vw, 606px\" \/>\t\t\t\t\t\t\t\t<\/a>\n\t\t\t\t\t\t\t\t\t\t\t\t\t\t\t<\/div>\n\t\t\t\t<\/div>\n\t\t\t\t\t<\/div>\n\t\t<\/div>\n\t\t\t\t<div class=\"elementor-column elementor-col-25 elementor-top-column elementor-element elementor-element-3ebb1b22\" data-id=\"3ebb1b22\" data-element_type=\"column\" data-e-type=\"column\">\n\t\t\t<div class=\"elementor-widget-wrap\">\n\t\t\t\t\t\t\t<\/div>\n\t\t<\/div>\n\t\t\t\t\t<\/div>\n\t\t<\/section>\n\t\t\t\t<section class=\"elementor-section elementor-top-section elementor-element elementor-element-7d292587 elementor-section-boxed elementor-section-height-default elementor-section-height-default\" data-id=\"7d292587\" data-element_type=\"section\" data-e-type=\"section\">\n\t\t\t\t\t\t<div class=\"elementor-container elementor-column-gap-default\">\n\t\t\t\t\t<div class=\"elementor-column elementor-col-25 elementor-top-column elementor-element elementor-element-562b2924\" data-id=\"562b2924\" data-element_type=\"column\" data-e-type=\"column\">\n\t\t\t<div class=\"elementor-widget-wrap elementor-element-populated\">\n\t\t\t\t\t\t<div class=\"elementor-element elementor-element-33b76f23 elementor-widget elementor-widget-image\" data-id=\"33b76f23\" data-element_type=\"widget\" data-e-type=\"widget\" data-widget_type=\"image.default\">\n\t\t\t\t<div class=\"elementor-widget-container\">\n\t\t\t\t\t\t\t\t\t\t\t\t\t\t\t\t<a href=\"https:\/\/www.dgartes.gov.pt\" target=\"_blank\">\n\t\t\t\t\t\t\t<img loading=\"lazy\" decoding=\"async\" width=\"766\" height=\"169\" src=\"https:\/\/classicfest.pt\/wp-content\/uploads\/2023\/11\/DGARTESnovo-COR.jpg\" class=\"attachment-large size-large wp-image-5673\" alt=\"\" srcset=\"https:\/\/classicfest.pt\/wp-content\/uploads\/2023\/11\/DGARTESnovo-COR.jpg 766w, https:\/\/classicfest.pt\/wp-content\/uploads\/2023\/11\/DGARTESnovo-COR-300x66.jpg 300w, https:\/\/classicfest.pt\/wp-content\/uploads\/2023\/11\/DGARTESnovo-COR-18x4.jpg 18w\" sizes=\"(max-width: 766px) 100vw, 766px\" \/>\t\t\t\t\t\t\t\t<\/a>\n\t\t\t\t\t\t\t\t\t\t\t\t\t\t\t<\/div>\n\t\t\t\t<\/div>\n\t\t\t\t\t<\/div>\n\t\t<\/div>\n\t\t\t\t<div class=\"elementor-column elementor-col-25 elementor-top-column elementor-element elementor-element-576615b4\" data-id=\"576615b4\" data-element_type=\"column\" data-e-type=\"column\">\n\t\t\t<div class=\"elementor-widget-wrap elementor-element-populated\">\n\t\t\t\t\t\t<div class=\"elementor-element elementor-element-3e6c9feb elementor-widget elementor-widget-image\" data-id=\"3e6c9feb\" data-element_type=\"widget\" data-e-type=\"widget\" data-widget_type=\"image.default\">\n\t\t\t\t<div class=\"elementor-widget-container\">\n\t\t\t\t\t\t\t\t\t\t\t\t\t\t\t\t<a href=\"https:\/\/diocesebm.pt\" target=\"_blank\">\n\t\t\t\t\t\t\t<img loading=\"lazy\" decoding=\"async\" width=\"800\" height=\"998\" src=\"https:\/\/classicfest.pt\/wp-content\/uploads\/2021\/09\/brasao_diocese.jpg\" class=\"attachment-large size-large wp-image-604\" alt=\"\" srcset=\"https:\/\/classicfest.pt\/wp-content\/uploads\/2021\/09\/brasao_diocese.jpg 800w, https:\/\/classicfest.pt\/wp-content\/uploads\/2021\/09\/brasao_diocese-240x300.jpg 240w, https:\/\/classicfest.pt\/wp-content\/uploads\/2021\/09\/brasao_diocese-768x958.jpg 768w\" sizes=\"(max-width: 800px) 100vw, 800px\" \/>\t\t\t\t\t\t\t\t<\/a>\n\t\t\t\t\t\t\t\t\t\t\t\t\t\t\t<\/div>\n\t\t\t\t<\/div>\n\t\t\t\t\t<\/div>\n\t\t<\/div>\n\t\t\t\t<div class=\"elementor-column elementor-col-25 elementor-top-column elementor-element elementor-element-5b79ed77\" data-id=\"5b79ed77\" data-element_type=\"column\" data-e-type=\"column\">\n\t\t\t<div class=\"elementor-widget-wrap elementor-element-populated\">\n\t\t\t\t\t\t<div class=\"elementor-element elementor-element-2f9d46f1 elementor-widget elementor-widget-image\" data-id=\"2f9d46f1\" data-element_type=\"widget\" data-e-type=\"widget\" data-widget_type=\"image.default\">\n\t\t\t\t<div class=\"elementor-widget-container\">\n\t\t\t\t\t\t\t\t\t\t\t\t\t\t\t\t<a href=\"https:\/\/www.rtp.pt\" target=\"_blank\">\n\t\t\t\t\t\t\t<img loading=\"lazy\" decoding=\"async\" width=\"410\" height=\"237\" src=\"https:\/\/classicfest.pt\/wp-content\/uploads\/2022\/08\/rtp.jpg\" class=\"attachment-large size-large wp-image-2884\" alt=\"\" srcset=\"https:\/\/classicfest.pt\/wp-content\/uploads\/2022\/08\/rtp.jpg 410w, https:\/\/classicfest.pt\/wp-content\/uploads\/2022\/08\/rtp-300x173.jpg 300w, https:\/\/classicfest.pt\/wp-content\/uploads\/2022\/08\/rtp-18x10.jpg 18w\" sizes=\"(max-width: 410px) 100vw, 410px\" \/>\t\t\t\t\t\t\t\t<\/a>\n\t\t\t\t\t\t\t\t\t\t\t\t\t\t\t<\/div>\n\t\t\t\t<\/div>\n\t\t\t\t\t<\/div>\n\t\t<\/div>\n\t\t\t\t<div class=\"elementor-column elementor-col-25 elementor-top-column elementor-element elementor-element-6d201849\" data-id=\"6d201849\" data-element_type=\"column\" data-e-type=\"column\">\n\t\t\t<div class=\"elementor-widget-wrap elementor-element-populated\">\n\t\t\t\t\t\t<div class=\"elementor-element elementor-element-1ab222f1 elementor-widget elementor-widget-image\" data-id=\"1ab222f1\" data-element_type=\"widget\" data-e-type=\"widget\" data-widget_type=\"image.default\">\n\t\t\t\t<div class=\"elementor-widget-container\">\n\t\t\t\t\t\t\t\t\t\t\t\t\t\t\t\t<a href=\"https:\/\/www.rtp.pt\/antena2\/\" target=\"_blank\">\n\t\t\t\t\t\t\t<img loading=\"lazy\" decoding=\"async\" width=\"370\" height=\"237\" src=\"https:\/\/classicfest.pt\/wp-content\/uploads\/2022\/08\/antena2.jpg\" class=\"attachment-large size-large wp-image-2883\" alt=\"\" srcset=\"https:\/\/classicfest.pt\/wp-content\/uploads\/2022\/08\/antena2.jpg 370w, https:\/\/classicfest.pt\/wp-content\/uploads\/2022\/08\/antena2-300x192.jpg 300w, https:\/\/classicfest.pt\/wp-content\/uploads\/2022\/08\/antena2-18x12.jpg 18w\" sizes=\"(max-width: 370px) 100vw, 370px\" \/>\t\t\t\t\t\t\t\t<\/a>\n\t\t\t\t\t\t\t\t\t\t\t\t\t\t\t<\/div>\n\t\t\t\t<\/div>\n\t\t\t\t\t<\/div>\n\t\t<\/div>\n\t\t\t\t\t<\/div>\n\t\t<\/section>\n\t\t\t\t<\/div>","protected":false},"excerpt":{"rendered":"<p>Foto: Rita Carmo Rosa Maria Barrantes A pianista Rosa Maria Barrantes iniciou os estudos musicais na sua cidade natal, Lima, no Peru. Mais tarde, estudou na Universidade Cat\u00f3lica de Santiago do Chile, com a pianista Maria Iris Radrig\u00e1n, e concluiu a licenciatura com m\u00e9rito. Posteriormente, ingressou no prestigiado Conservat\u00f3rio Tchaikovsky de Moscovo, na classe da [&hellip;]<\/p>\n","protected":false},"author":5,"featured_media":0,"parent":0,"menu_order":0,"comment_status":"closed","ping_status":"closed","template":"","meta":{"_acf_changed":false,"footnotes":""},"class_list":["post-1373","page","type-page","status-publish","hentry","entry"],"acf":[],"_links":{"self":[{"href":"https:\/\/classicfest.pt\/en\/wp-json\/wp\/v2\/pages\/1373","targetHints":{"allow":["GET"]}}],"collection":[{"href":"https:\/\/classicfest.pt\/en\/wp-json\/wp\/v2\/pages"}],"about":[{"href":"https:\/\/classicfest.pt\/en\/wp-json\/wp\/v2\/types\/page"}],"author":[{"embeddable":true,"href":"https:\/\/classicfest.pt\/en\/wp-json\/wp\/v2\/users\/5"}],"replies":[{"embeddable":true,"href":"https:\/\/classicfest.pt\/en\/wp-json\/wp\/v2\/comments?post=1373"}],"version-history":[{"count":50,"href":"https:\/\/classicfest.pt\/en\/wp-json\/wp\/v2\/pages\/1373\/revisions"}],"predecessor-version":[{"id":5739,"href":"https:\/\/classicfest.pt\/en\/wp-json\/wp\/v2\/pages\/1373\/revisions\/5739"}],"wp:attachment":[{"href":"https:\/\/classicfest.pt\/en\/wp-json\/wp\/v2\/media?parent=1373"}],"curies":[{"name":"wp","href":"https:\/\/api.w.org\/{rel}","templated":true}]}}