{"id":1240,"date":"2023-08-20T00:19:39","date_gmt":"2023-08-20T00:19:39","guid":{"rendered":"https:\/\/classicfest.pt\/?page_id=1240"},"modified":"2023-11-28T21:45:39","modified_gmt":"2023-11-28T21:45:39","slug":"esther-hoppe","status":"publish","type":"page","link":"https:\/\/classicfest.pt\/en\/esther-hoppe\/","title":{"rendered":"Esther Hoppe"},"content":{"rendered":"<div data-elementor-type=\"wp-page\" data-elementor-id=\"1240\" class=\"elementor elementor-1240\" data-elementor-post-type=\"page\">\n\t\t\t\t\t\t<section class=\"elementor-section elementor-top-section elementor-element elementor-element-d2b4d3e elementor-section-boxed elementor-section-height-default elementor-section-height-default\" data-id=\"d2b4d3e\" data-element_type=\"section\" data-e-type=\"section\">\n\t\t\t\t\t\t<div class=\"elementor-container elementor-column-gap-default\">\n\t\t\t\t\t<div class=\"elementor-column elementor-col-100 elementor-top-column elementor-element elementor-element-3a05323\" data-id=\"3a05323\" data-element_type=\"column\" data-e-type=\"column\">\n\t\t\t<div class=\"elementor-widget-wrap elementor-element-populated\">\n\t\t\t\t\t\t<div class=\"elementor-element elementor-element-69ee0af elementor-widget elementor-widget-spacer\" data-id=\"69ee0af\" data-element_type=\"widget\" data-e-type=\"widget\" data-widget_type=\"spacer.default\">\n\t\t\t\t<div class=\"elementor-widget-container\">\n\t\t\t\t\t\t\t<div class=\"elementor-spacer\">\n\t\t\t<div class=\"elementor-spacer-inner\"><\/div>\n\t\t<\/div>\n\t\t\t\t\t\t<\/div>\n\t\t\t\t<\/div>\n\t\t\t\t\t<\/div>\n\t\t<\/div>\n\t\t\t\t\t<\/div>\n\t\t<\/section>\n\t\t\t\t<section class=\"elementor-section elementor-top-section elementor-element elementor-element-55c73890 elementor-section-boxed elementor-section-height-default elementor-section-height-default\" data-id=\"55c73890\" data-element_type=\"section\" data-e-type=\"section\" data-settings=\"{&quot;background_background&quot;:&quot;classic&quot;}\">\n\t\t\t\t\t\t<div class=\"elementor-container elementor-column-gap-default\">\n\t\t\t\t\t<div class=\"elementor-column elementor-col-25 elementor-top-column elementor-element elementor-element-2e4e917a\" data-id=\"2e4e917a\" data-element_type=\"column\" data-e-type=\"column\">\n\t\t\t<div class=\"elementor-widget-wrap\">\n\t\t\t\t\t\t\t<\/div>\n\t\t<\/div>\n\t\t\t\t<div class=\"elementor-column elementor-col-25 elementor-top-column elementor-element elementor-element-50562cbd\" data-id=\"50562cbd\" data-element_type=\"column\" data-e-type=\"column\">\n\t\t\t<div class=\"elementor-widget-wrap elementor-element-populated\">\n\t\t\t\t\t\t<div class=\"elementor-element elementor-element-15e2a4eb elementor-widget elementor-widget-image\" data-id=\"15e2a4eb\" data-element_type=\"widget\" data-e-type=\"widget\" data-widget_type=\"image.default\">\n\t\t\t\t<div class=\"elementor-widget-container\">\n\t\t\t\t\t\t\t\t\t\t\t\t\t\t\t<img fetchpriority=\"high\" decoding=\"async\" width=\"400\" height=\"400\" src=\"https:\/\/classicfest.pt\/wp-content\/uploads\/2023\/08\/ARTISTAS3.jpg\" class=\"attachment-medium_large size-medium_large wp-image-4918\" alt=\"\" srcset=\"https:\/\/classicfest.pt\/wp-content\/uploads\/2023\/08\/ARTISTAS3.jpg 400w, https:\/\/classicfest.pt\/wp-content\/uploads\/2023\/08\/ARTISTAS3-300x300.jpg 300w, https:\/\/classicfest.pt\/wp-content\/uploads\/2023\/08\/ARTISTAS3-150x150.jpg 150w, https:\/\/classicfest.pt\/wp-content\/uploads\/2023\/08\/ARTISTAS3-12x12.jpg 12w\" sizes=\"(max-width: 400px) 100vw, 400px\" \/>\t\t\t\t\t\t\t\t\t\t\t\t\t\t\t<\/div>\n\t\t\t\t<\/div>\n\t\t\t\t\t<\/div>\n\t\t<\/div>\n\t\t\t\t<div class=\"elementor-column elementor-col-25 elementor-top-column elementor-element elementor-element-6a0e4a07\" data-id=\"6a0e4a07\" data-element_type=\"column\" data-e-type=\"column\">\n\t\t\t<div class=\"elementor-widget-wrap elementor-element-populated\">\n\t\t\t\t\t\t<div class=\"elementor-element elementor-element-1a9e587 elementor-widget elementor-widget-heading\" data-id=\"1a9e587\" data-element_type=\"widget\" data-e-type=\"widget\" data-widget_type=\"heading.default\">\n\t\t\t\t<div class=\"elementor-widget-container\">\n\t\t\t\t\t<h4 class=\"elementor-heading-title elementor-size-large\">Esther Hoppe<\/h4>\t\t\t\t<\/div>\n\t\t\t\t<\/div>\n\t\t\t\t<div class=\"elementor-element elementor-element-60bd6e86 elementor-widget elementor-widget-text-editor\" data-id=\"60bd6e86\" data-element_type=\"widget\" data-e-type=\"widget\" data-widget_type=\"text-editor.default\">\n\t\t\t\t<div class=\"elementor-widget-container\">\n\t\t\t\t\t\t\t\t\t<p style=\"font-weight: 400;\" class=\"translation-block\">The Swiss violinist Esther Hoppe has built an international reputation as soloist, chamber musician and pedagogue.\nAfter studying in Basel, Philadelphia (at the prestigious Curtis Institute of Music), London and Zurich, Esther won 1st Prize at the eighth edition of the International Mozart Competition in Salzburg. Shortly afterwards, she founded the Tecchler Trio, which won several prizes at important competitions, such as 1st Prize at the ARD Munich Competition in 2007.\nShe frequently plays as a soloist with some of the most prestigious European orchestras, such as the Symphonieorchester des Bayerischen Rundfunks, M\u00fcnchener Kammerorchester, Orchestre Les Si\u00e8cles Paris, Kammerorchester Basel, Zurcher Kammerorchester, among others.\nHer intense concert activity also extends to chamber music, where her chamber music partners include musicians such as Clemens and Veronika Hagen, Nicolas Altstaedt, Vilde Frang, Heinz Holliger, Elisabeth Leonskaja, Alexander Lonquich, Christian Polt\u00e9ra and Ronald Brautigam.\nShe\u2019s a regular invite at the most prestigious festivals, such as Lockenhaus, Ernen, Luzern, Gstaad, Delft, Prussia Cove and Styriarte.\nShe has recorded several critically acclaimed CDs for the Virgin Classics, Neos, Concertus Records and Ars Musici labels.\nSince 2013, she has been professor for violin at the Mozarteum University in Salzburg, Austria.\nEsther Hoppe plays the Stradivarius violin \"De Ahna\" from 1722.<\/p>\t\t\t\t\t\t\t\t<\/div>\n\t\t\t\t<\/div>\n\t\t\t\t<div class=\"elementor-element elementor-element-4cc9d16 elementor-widget elementor-widget-spacer\" data-id=\"4cc9d16\" data-element_type=\"widget\" data-e-type=\"widget\" data-widget_type=\"spacer.default\">\n\t\t\t\t<div class=\"elementor-widget-container\">\n\t\t\t\t\t\t\t<div class=\"elementor-spacer\">\n\t\t\t<div class=\"elementor-spacer-inner\"><\/div>\n\t\t<\/div>\n\t\t\t\t\t\t<\/div>\n\t\t\t\t<\/div>\n\t\t\t\t<div class=\"elementor-element elementor-element-7aa6089 elementor-widget elementor-widget-text-editor\" data-id=\"7aa6089\" data-element_type=\"widget\" data-e-type=\"widget\" data-widget_type=\"text-editor.default\">\n\t\t\t\t<div class=\"elementor-widget-container\">\n\t\t\t\t\t\t\t\t\t<p><span style=\"color: #007681;\"><strong>29th September 09:00 PM<\/strong>\u00a0&#8211;\u00a0<\/span><span style=\"font-size: 16px; color: #333333;\">Teatro Municipal de Bragan\u00e7a<br \/><\/span><a href=\"https:\/\/classicfest.pt\/en\/concerto-abertura\/\"><strong>OPENING CONCERT<\/strong><\/a><\/p><p><span style=\"color: #007681;\"><strong>1st October 05:00 PM<\/strong>\u00a0&#8211;\u00a0<\/span><span style=\"font-size: 16px; color: #333333;\">Igreja da S\u00e9 de Bragan\u00e7a<br \/><\/span><span lang=\"PT\">International Music Day<\/span><a href=\"https:\/\/classicfest.pt\/en\/bach-a-solo\/\"><strong><span lang=\"PT\"> SOLO BACH<\/span><\/strong><\/a><\/p><p><span style=\"color: #007681;\"><strong>3rd October 09:00 PM<\/strong>\u00a0&#8211;\u00a0<\/span><span style=\"font-size: 16px; color: #333333;\">Igreja de Santa Maria<br \/>Cidadela de Bragan\u00e7a<br \/><\/span><a href=\"https:\/\/classicfest.pt\/en\/arte-do-trio\/\"><strong><span lang=\"PT\">ART OF THE TRIO<\/span><\/strong><\/a><\/p>\t\t\t\t\t\t\t\t<\/div>\n\t\t\t\t<\/div>\n\t\t\t\t\t<\/div>\n\t\t<\/div>\n\t\t\t\t<div class=\"elementor-column elementor-col-25 elementor-top-column elementor-element elementor-element-297f3ece\" data-id=\"297f3ece\" data-element_type=\"column\" data-e-type=\"column\">\n\t\t\t<div class=\"elementor-widget-wrap\">\n\t\t\t\t\t\t\t<\/div>\n\t\t<\/div>\n\t\t\t\t\t<\/div>\n\t\t<\/section>\n\t\t\t\t<section class=\"elementor-section elementor-top-section elementor-element elementor-element-5eb19d77 elementor-section-boxed elementor-section-height-default elementor-section-height-default\" data-id=\"5eb19d77\" data-element_type=\"section\" data-e-type=\"section\">\n\t\t\t\t\t\t<div class=\"elementor-container elementor-column-gap-default\">\n\t\t\t\t\t<div class=\"elementor-column elementor-col-25 elementor-top-column elementor-element elementor-element-696911ad\" data-id=\"696911ad\" data-element_type=\"column\" data-e-type=\"column\">\n\t\t\t<div class=\"elementor-widget-wrap\">\n\t\t\t\t\t\t\t<\/div>\n\t\t<\/div>\n\t\t\t\t<div class=\"elementor-column elementor-col-25 elementor-top-column elementor-element elementor-element-6955a9ef\" data-id=\"6955a9ef\" data-element_type=\"column\" data-e-type=\"column\">\n\t\t\t<div class=\"elementor-widget-wrap elementor-element-populated\">\n\t\t\t\t\t\t<div class=\"elementor-element elementor-element-7bb99753 elementor-align-right elementor-mobile-align-center elementor-widget elementor-widget-button\" data-id=\"7bb99753\" data-element_type=\"widget\" data-e-type=\"widget\" data-widget_type=\"button.default\">\n\t\t\t\t<div class=\"elementor-widget-container\">\n\t\t\t\t\t\t\t\t\t<div class=\"elementor-button-wrapper\">\n\t\t\t\t\t<a class=\"elementor-button elementor-button-link elementor-size-sm elementor-animation-shrink\" href=\"https:\/\/classicfest.pt\/en\/nuno-coelho\/\">\n\t\t\t\t\t\t<span class=\"elementor-button-content-wrapper\">\n\t\t\t\t\t\t\t\t\t<span class=\"elementor-button-text\">PREVIOUS<\/span>\n\t\t\t\t\t<\/span>\n\t\t\t\t\t<\/a>\n\t\t\t\t<\/div>\n\t\t\t\t\t\t\t\t<\/div>\n\t\t\t\t<\/div>\n\t\t\t\t\t<\/div>\n\t\t<\/div>\n\t\t\t\t<div class=\"elementor-column elementor-col-25 elementor-top-column elementor-element elementor-element-803aeec\" data-id=\"803aeec\" data-element_type=\"column\" data-e-type=\"column\">\n\t\t\t<div class=\"elementor-widget-wrap elementor-element-populated\">\n\t\t\t\t\t\t<div class=\"elementor-element elementor-element-4924f03c elementor-align-left elementor-mobile-align-center elementor-widget elementor-widget-button\" data-id=\"4924f03c\" data-element_type=\"widget\" data-e-type=\"widget\" data-widget_type=\"button.default\">\n\t\t\t\t<div class=\"elementor-widget-container\">\n\t\t\t\t\t\t\t\t\t<div class=\"elementor-button-wrapper\">\n\t\t\t\t\t<a class=\"elementor-button elementor-button-link elementor-size-sm elementor-animation-shrink\" href=\"https:\/\/classicfest.pt\/en\/christian-poltera\/\">\n\t\t\t\t\t\t<span class=\"elementor-button-content-wrapper\">\n\t\t\t\t\t\t\t\t\t<span class=\"elementor-button-text\">NEXT<\/span>\n\t\t\t\t\t<\/span>\n\t\t\t\t\t<\/a>\n\t\t\t\t<\/div>\n\t\t\t\t\t\t\t\t<\/div>\n\t\t\t\t<\/div>\n\t\t\t\t\t<\/div>\n\t\t<\/div>\n\t\t\t\t<div class=\"elementor-column elementor-col-25 elementor-top-column elementor-element elementor-element-7b121ec0\" data-id=\"7b121ec0\" data-element_type=\"column\" data-e-type=\"column\">\n\t\t\t<div class=\"elementor-widget-wrap\">\n\t\t\t\t\t\t\t<\/div>\n\t\t<\/div>\n\t\t\t\t\t<\/div>\n\t\t<\/section>\n\t\t\t\t<section class=\"elementor-section elementor-top-section elementor-element elementor-element-17c001e3 elementor-section-boxed elementor-section-height-default elementor-section-height-default\" data-id=\"17c001e3\" data-element_type=\"section\" data-e-type=\"section\">\n\t\t\t\t\t\t<div class=\"elementor-container elementor-column-gap-default\">\n\t\t\t\t\t<div class=\"elementor-column elementor-col-33 elementor-top-column elementor-element elementor-element-611bf8dc\" data-id=\"611bf8dc\" data-element_type=\"column\" data-e-type=\"column\">\n\t\t\t<div class=\"elementor-widget-wrap elementor-element-populated\">\n\t\t\t\t\t\t<div class=\"elementor-element elementor-element-1c1540e1 elementor-widget elementor-widget-image\" data-id=\"1c1540e1\" data-element_type=\"widget\" data-e-type=\"widget\" data-widget_type=\"image.default\">\n\t\t\t\t<div class=\"elementor-widget-container\">\n\t\t\t\t\t\t\t\t\t\t\t\t\t\t\t\t<a href=\"https:\/\/www.presidencia.pt\/\" target=\"_blank\">\n\t\t\t\t\t\t\t<img decoding=\"async\" width=\"820\" height=\"237\" src=\"https:\/\/classicfest.pt\/wp-content\/uploads\/2022\/08\/presidente.jpg\" class=\"attachment-large size-large wp-image-2877\" alt=\"\" srcset=\"https:\/\/classicfest.pt\/wp-content\/uploads\/2022\/08\/presidente.jpg 820w, https:\/\/classicfest.pt\/wp-content\/uploads\/2022\/08\/presidente-300x87.jpg 300w, https:\/\/classicfest.pt\/wp-content\/uploads\/2022\/08\/presidente-768x222.jpg 768w, https:\/\/classicfest.pt\/wp-content\/uploads\/2022\/08\/presidente-18x5.jpg 18w\" sizes=\"(max-width: 820px) 100vw, 820px\" \/>\t\t\t\t\t\t\t\t<\/a>\n\t\t\t\t\t\t\t\t\t\t\t\t\t\t\t<\/div>\n\t\t\t\t<\/div>\n\t\t\t\t\t<\/div>\n\t\t<\/div>\n\t\t\t\t<div class=\"elementor-column elementor-col-33 elementor-top-column elementor-element elementor-element-70a79e19\" data-id=\"70a79e19\" data-element_type=\"column\" data-e-type=\"column\">\n\t\t\t<div class=\"elementor-widget-wrap elementor-element-populated\">\n\t\t\t\t\t\t<div class=\"elementor-element elementor-element-2b49ab88 elementor-widget elementor-widget-image\" data-id=\"2b49ab88\" data-element_type=\"widget\" data-e-type=\"widget\" data-widget_type=\"image.default\">\n\t\t\t\t<div class=\"elementor-widget-container\">\n\t\t\t\t\t\t\t\t\t\t\t\t\t\t\t\t<a href=\"https:\/\/www.cm-braganca.pt\" target=\"_blank\">\n\t\t\t\t\t\t\t<img decoding=\"async\" width=\"870\" height=\"299\" src=\"https:\/\/classicfest.pt\/wp-content\/uploads\/2021\/09\/CMun_braganca_org_.jpg\" class=\"attachment-large size-large wp-image-1600\" alt=\"\" srcset=\"https:\/\/classicfest.pt\/wp-content\/uploads\/2021\/09\/CMun_braganca_org_.jpg 870w, https:\/\/classicfest.pt\/wp-content\/uploads\/2021\/09\/CMun_braganca_org_-300x103.jpg 300w, https:\/\/classicfest.pt\/wp-content\/uploads\/2021\/09\/CMun_braganca_org_-768x264.jpg 768w, https:\/\/classicfest.pt\/wp-content\/uploads\/2021\/09\/CMun_braganca_org_-18x6.jpg 18w\" sizes=\"(max-width: 870px) 100vw, 870px\" \/>\t\t\t\t\t\t\t\t<\/a>\n\t\t\t\t\t\t\t\t\t\t\t\t\t\t\t<\/div>\n\t\t\t\t<\/div>\n\t\t\t\t\t<\/div>\n\t\t<\/div>\n\t\t\t\t<div class=\"elementor-column elementor-col-33 elementor-top-column elementor-element elementor-element-78fed0e4\" data-id=\"78fed0e4\" data-element_type=\"column\" data-e-type=\"column\">\n\t\t\t<div class=\"elementor-widget-wrap elementor-element-populated\">\n\t\t\t\t\t\t<div class=\"elementor-element elementor-element-68ccbc82 elementor-widget elementor-widget-image\" data-id=\"68ccbc82\" data-element_type=\"widget\" data-e-type=\"widget\" data-widget_type=\"image.default\">\n\t\t\t\t<div class=\"elementor-widget-container\">\n\t\t\t\t\t\t\t\t\t\t\t\t\t\t\t\t<a href=\"https:\/\/teatromunicipal.cm-braganca.pt\/\" target=\"_blank\">\n\t\t\t\t\t\t\t<img loading=\"lazy\" decoding=\"async\" width=\"800\" height=\"342\" src=\"https:\/\/classicfest.pt\/wp-content\/uploads\/2021\/09\/TMB_LOGO-cor.jpg\" class=\"attachment-large size-large wp-image-592\" alt=\"\" srcset=\"https:\/\/classicfest.pt\/wp-content\/uploads\/2021\/09\/TMB_LOGO-cor.jpg 800w, https:\/\/classicfest.pt\/wp-content\/uploads\/2021\/09\/TMB_LOGO-cor-300x128.jpg 300w, https:\/\/classicfest.pt\/wp-content\/uploads\/2021\/09\/TMB_LOGO-cor-768x328.jpg 768w\" sizes=\"(max-width: 800px) 100vw, 800px\" \/>\t\t\t\t\t\t\t\t<\/a>\n\t\t\t\t\t\t\t\t\t\t\t\t\t\t\t<\/div>\n\t\t\t\t<\/div>\n\t\t\t\t\t<\/div>\n\t\t<\/div>\n\t\t\t\t\t<\/div>\n\t\t<\/section>\n\t\t\t\t<section class=\"elementor-section elementor-top-section elementor-element elementor-element-4a0cc317 elementor-section-boxed elementor-section-height-default elementor-section-height-default\" data-id=\"4a0cc317\" data-element_type=\"section\" data-e-type=\"section\">\n\t\t\t\t\t\t<div class=\"elementor-container elementor-column-gap-default\">\n\t\t\t\t\t<div class=\"elementor-column elementor-col-25 elementor-top-column elementor-element elementor-element-66333814\" data-id=\"66333814\" data-element_type=\"column\" data-e-type=\"column\">\n\t\t\t<div class=\"elementor-widget-wrap\">\n\t\t\t\t\t\t\t<\/div>\n\t\t<\/div>\n\t\t\t\t<div class=\"elementor-column elementor-col-25 elementor-top-column elementor-element elementor-element-472b0607\" data-id=\"472b0607\" data-element_type=\"column\" data-e-type=\"column\">\n\t\t\t<div class=\"elementor-widget-wrap elementor-element-populated\">\n\t\t\t\t\t\t<div class=\"elementor-element elementor-element-4219dbe7 elementor-widget elementor-widget-image\" data-id=\"4219dbe7\" data-element_type=\"widget\" data-e-type=\"widget\" data-widget_type=\"image.default\">\n\t\t\t\t<div class=\"elementor-widget-container\">\n\t\t\t\t\t\t\t\t\t\t\t\t\t\t\t\t<a href=\"https:\/\/www.dsch.pt\" target=\"_blank\">\n\t\t\t\t\t\t\t<img loading=\"lazy\" decoding=\"async\" width=\"1024\" height=\"360\" src=\"https:\/\/classicfest.pt\/wp-content\/uploads\/2021\/09\/dsch_redbase-1024x360.png\" class=\"attachment-large size-large wp-image-593\" alt=\"\" srcset=\"https:\/\/classicfest.pt\/wp-content\/uploads\/2021\/09\/dsch_redbase-1024x360.png 1024w, https:\/\/classicfest.pt\/wp-content\/uploads\/2021\/09\/dsch_redbase-300x105.png 300w, https:\/\/classicfest.pt\/wp-content\/uploads\/2021\/09\/dsch_redbase-768x270.png 768w, https:\/\/classicfest.pt\/wp-content\/uploads\/2021\/09\/dsch_redbase.png 1067w\" sizes=\"(max-width: 1024px) 100vw, 1024px\" \/>\t\t\t\t\t\t\t\t<\/a>\n\t\t\t\t\t\t\t\t\t\t\t\t\t\t\t<\/div>\n\t\t\t\t<\/div>\n\t\t\t\t\t<\/div>\n\t\t<\/div>\n\t\t\t\t<div class=\"elementor-column elementor-col-25 elementor-top-column elementor-element elementor-element-4f7e8c3a\" data-id=\"4f7e8c3a\" data-element_type=\"column\" data-e-type=\"column\">\n\t\t\t<div class=\"elementor-widget-wrap elementor-element-populated\">\n\t\t\t\t\t\t<div class=\"elementor-element elementor-element-137ba5bc elementor-widget elementor-widget-image\" data-id=\"137ba5bc\" data-element_type=\"widget\" data-e-type=\"widget\" data-widget_type=\"image.default\">\n\t\t\t\t<div class=\"elementor-widget-container\">\n\t\t\t\t\t\t\t\t\t\t\t\t\t\t\t\t<a href=\"https:\/\/fundacaolacaixa.pt\/pt\/home\" target=\"_blank\">\n\t\t\t\t\t\t\t<img loading=\"lazy\" decoding=\"async\" width=\"606\" height=\"153\" src=\"https:\/\/classicfest.pt\/wp-content\/uploads\/2021\/09\/BPI-COR_.jpg\" class=\"attachment-large size-large wp-image-1599\" alt=\"\" srcset=\"https:\/\/classicfest.pt\/wp-content\/uploads\/2021\/09\/BPI-COR_.jpg 606w, https:\/\/classicfest.pt\/wp-content\/uploads\/2021\/09\/BPI-COR_-300x76.jpg 300w, https:\/\/classicfest.pt\/wp-content\/uploads\/2021\/09\/BPI-COR_-18x5.jpg 18w\" sizes=\"(max-width: 606px) 100vw, 606px\" \/>\t\t\t\t\t\t\t\t<\/a>\n\t\t\t\t\t\t\t\t\t\t\t\t\t\t\t<\/div>\n\t\t\t\t<\/div>\n\t\t\t\t\t<\/div>\n\t\t<\/div>\n\t\t\t\t<div class=\"elementor-column elementor-col-25 elementor-top-column elementor-element elementor-element-725e4fca\" data-id=\"725e4fca\" data-element_type=\"column\" data-e-type=\"column\">\n\t\t\t<div class=\"elementor-widget-wrap\">\n\t\t\t\t\t\t\t<\/div>\n\t\t<\/div>\n\t\t\t\t\t<\/div>\n\t\t<\/section>\n\t\t\t\t<section class=\"elementor-section elementor-top-section elementor-element elementor-element-1f61ec5 elementor-section-boxed elementor-section-height-default elementor-section-height-default\" data-id=\"1f61ec5\" data-element_type=\"section\" data-e-type=\"section\">\n\t\t\t\t\t\t<div class=\"elementor-container elementor-column-gap-default\">\n\t\t\t\t\t<div class=\"elementor-column elementor-col-25 elementor-top-column elementor-element elementor-element-7eb4326b\" data-id=\"7eb4326b\" data-element_type=\"column\" data-e-type=\"column\">\n\t\t\t<div class=\"elementor-widget-wrap elementor-element-populated\">\n\t\t\t\t\t\t<div class=\"elementor-element elementor-element-5fff64e2 elementor-widget elementor-widget-image\" data-id=\"5fff64e2\" data-element_type=\"widget\" data-e-type=\"widget\" data-widget_type=\"image.default\">\n\t\t\t\t<div class=\"elementor-widget-container\">\n\t\t\t\t\t\t\t\t\t\t\t\t\t\t\t\t<a href=\"https:\/\/www.dgartes.gov.pt\" target=\"_blank\">\n\t\t\t\t\t\t\t<img loading=\"lazy\" decoding=\"async\" width=\"766\" height=\"169\" src=\"https:\/\/classicfest.pt\/wp-content\/uploads\/2023\/11\/DGARTESnovo-COR.jpg\" class=\"attachment-large size-large wp-image-5673\" alt=\"\" srcset=\"https:\/\/classicfest.pt\/wp-content\/uploads\/2023\/11\/DGARTESnovo-COR.jpg 766w, https:\/\/classicfest.pt\/wp-content\/uploads\/2023\/11\/DGARTESnovo-COR-300x66.jpg 300w, https:\/\/classicfest.pt\/wp-content\/uploads\/2023\/11\/DGARTESnovo-COR-18x4.jpg 18w\" sizes=\"(max-width: 766px) 100vw, 766px\" \/>\t\t\t\t\t\t\t\t<\/a>\n\t\t\t\t\t\t\t\t\t\t\t\t\t\t\t<\/div>\n\t\t\t\t<\/div>\n\t\t\t\t\t<\/div>\n\t\t<\/div>\n\t\t\t\t<div class=\"elementor-column elementor-col-25 elementor-top-column elementor-element elementor-element-5370061\" data-id=\"5370061\" data-element_type=\"column\" data-e-type=\"column\">\n\t\t\t<div class=\"elementor-widget-wrap elementor-element-populated\">\n\t\t\t\t\t\t<div class=\"elementor-element elementor-element-537dbb5c elementor-widget elementor-widget-image\" data-id=\"537dbb5c\" data-element_type=\"widget\" data-e-type=\"widget\" data-widget_type=\"image.default\">\n\t\t\t\t<div class=\"elementor-widget-container\">\n\t\t\t\t\t\t\t\t\t\t\t\t\t\t\t\t<a href=\"https:\/\/diocesebm.pt\" target=\"_blank\">\n\t\t\t\t\t\t\t<img loading=\"lazy\" decoding=\"async\" width=\"800\" height=\"998\" src=\"https:\/\/classicfest.pt\/wp-content\/uploads\/2021\/09\/brasao_diocese.jpg\" class=\"attachment-large size-large wp-image-604\" alt=\"\" srcset=\"https:\/\/classicfest.pt\/wp-content\/uploads\/2021\/09\/brasao_diocese.jpg 800w, https:\/\/classicfest.pt\/wp-content\/uploads\/2021\/09\/brasao_diocese-240x300.jpg 240w, https:\/\/classicfest.pt\/wp-content\/uploads\/2021\/09\/brasao_diocese-768x958.jpg 768w\" sizes=\"(max-width: 800px) 100vw, 800px\" \/>\t\t\t\t\t\t\t\t<\/a>\n\t\t\t\t\t\t\t\t\t\t\t\t\t\t\t<\/div>\n\t\t\t\t<\/div>\n\t\t\t\t\t<\/div>\n\t\t<\/div>\n\t\t\t\t<div class=\"elementor-column elementor-col-25 elementor-top-column elementor-element elementor-element-2723363f\" data-id=\"2723363f\" data-element_type=\"column\" data-e-type=\"column\">\n\t\t\t<div class=\"elementor-widget-wrap elementor-element-populated\">\n\t\t\t\t\t\t<div class=\"elementor-element elementor-element-eccf243 elementor-widget elementor-widget-image\" data-id=\"eccf243\" data-element_type=\"widget\" data-e-type=\"widget\" data-widget_type=\"image.default\">\n\t\t\t\t<div class=\"elementor-widget-container\">\n\t\t\t\t\t\t\t\t\t\t\t\t\t\t\t\t<a href=\"https:\/\/www.rtp.pt\" target=\"_blank\">\n\t\t\t\t\t\t\t<img loading=\"lazy\" decoding=\"async\" width=\"410\" height=\"237\" src=\"https:\/\/classicfest.pt\/wp-content\/uploads\/2022\/08\/rtp.jpg\" class=\"attachment-large size-large wp-image-2884\" alt=\"\" srcset=\"https:\/\/classicfest.pt\/wp-content\/uploads\/2022\/08\/rtp.jpg 410w, https:\/\/classicfest.pt\/wp-content\/uploads\/2022\/08\/rtp-300x173.jpg 300w, https:\/\/classicfest.pt\/wp-content\/uploads\/2022\/08\/rtp-18x10.jpg 18w\" sizes=\"(max-width: 410px) 100vw, 410px\" \/>\t\t\t\t\t\t\t\t<\/a>\n\t\t\t\t\t\t\t\t\t\t\t\t\t\t\t<\/div>\n\t\t\t\t<\/div>\n\t\t\t\t\t<\/div>\n\t\t<\/div>\n\t\t\t\t<div class=\"elementor-column elementor-col-25 elementor-top-column elementor-element elementor-element-2119ba65\" data-id=\"2119ba65\" data-element_type=\"column\" data-e-type=\"column\">\n\t\t\t<div class=\"elementor-widget-wrap elementor-element-populated\">\n\t\t\t\t\t\t<div class=\"elementor-element elementor-element-469e12c elementor-widget elementor-widget-image\" data-id=\"469e12c\" data-element_type=\"widget\" data-e-type=\"widget\" data-widget_type=\"image.default\">\n\t\t\t\t<div class=\"elementor-widget-container\">\n\t\t\t\t\t\t\t\t\t\t\t\t\t\t\t\t<a href=\"https:\/\/www.rtp.pt\/antena2\/\" target=\"_blank\">\n\t\t\t\t\t\t\t<img loading=\"lazy\" decoding=\"async\" width=\"370\" height=\"237\" src=\"https:\/\/classicfest.pt\/wp-content\/uploads\/2022\/08\/antena2.jpg\" class=\"attachment-large size-large wp-image-2883\" alt=\"\" srcset=\"https:\/\/classicfest.pt\/wp-content\/uploads\/2022\/08\/antena2.jpg 370w, https:\/\/classicfest.pt\/wp-content\/uploads\/2022\/08\/antena2-300x192.jpg 300w, https:\/\/classicfest.pt\/wp-content\/uploads\/2022\/08\/antena2-18x12.jpg 18w\" sizes=\"(max-width: 370px) 100vw, 370px\" \/>\t\t\t\t\t\t\t\t<\/a>\n\t\t\t\t\t\t\t\t\t\t\t\t\t\t\t<\/div>\n\t\t\t\t<\/div>\n\t\t\t\t\t<\/div>\n\t\t<\/div>\n\t\t\t\t\t<\/div>\n\t\t<\/section>\n\t\t\t\t<\/div>","protected":false},"excerpt":{"rendered":"<p>Esther Hoppe A violinista su\u00ed\u00e7a Esther Hoppe det\u00e9m uma excelente reputa\u00e7\u00e3o internacional, enquanto solista e pedagoga. Ap\u00f3s estudar em Basileia, Filad\u00e9lfia (no prestigiado Curtis Institute of Music), Londres e Zurique, Esther ganhou o 1\u00ba Pr\u00e9mio na oitava edi\u00e7\u00e3o do Concurso Internacional de Mozart, em Salzburgo. Pouco depois, fundou o Trio Tecchler, vencedor de v\u00e1rios pr\u00e9mios [&hellip;]<\/p>\n","protected":false},"author":5,"featured_media":0,"parent":0,"menu_order":0,"comment_status":"closed","ping_status":"closed","template":"","meta":{"_acf_changed":false,"footnotes":""},"class_list":["post-1240","page","type-page","status-publish","hentry","entry"],"acf":[],"_links":{"self":[{"href":"https:\/\/classicfest.pt\/en\/wp-json\/wp\/v2\/pages\/1240","targetHints":{"allow":["GET"]}}],"collection":[{"href":"https:\/\/classicfest.pt\/en\/wp-json\/wp\/v2\/pages"}],"about":[{"href":"https:\/\/classicfest.pt\/en\/wp-json\/wp\/v2\/types\/page"}],"author":[{"embeddable":true,"href":"https:\/\/classicfest.pt\/en\/wp-json\/wp\/v2\/users\/5"}],"replies":[{"embeddable":true,"href":"https:\/\/classicfest.pt\/en\/wp-json\/wp\/v2\/comments?post=1240"}],"version-history":[{"count":53,"href":"https:\/\/classicfest.pt\/en\/wp-json\/wp\/v2\/pages\/1240\/revisions"}],"predecessor-version":[{"id":5712,"href":"https:\/\/classicfest.pt\/en\/wp-json\/wp\/v2\/pages\/1240\/revisions\/5712"}],"wp:attachment":[{"href":"https:\/\/classicfest.pt\/en\/wp-json\/wp\/v2\/media?parent=1240"}],"curies":[{"name":"wp","href":"https:\/\/api.w.org\/{rel}","templated":true}]}}